{"id":793050733,"date":"2025-04-24T15:06:54","date_gmt":"2025-04-24T13:06:54","guid":{"rendered":"https:\/\/autostil.ba\/maloprodaja\/?post_type=product&#038;p=793050733"},"modified":"2026-04-08T12:42:02","modified_gmt":"2026-04-08T10:42:02","slug":"pad-za-fino-poliranje-150-130mm","status":"publish","type":"product","link":"https:\/\/autostil.ba\/maloprodaja\/proizvod\/14689\/pad-za-fino-poliranje-150-130mm\/","title":{"rendered":"PAD ZA FINO POLIRANJE 150\/130mm"},"content":{"rendered":"","protected":false},"excerpt":{"rendered":"<p>Finish \u2013 jastu\u010di\u0107 izuzetno delikatne strukture, dizajniran za zavr\u0161nu zavr\u0161nu obradu laka.<\/p>\n<p>Dizajniran za zavr\u0161nu obradu povr\u0161ina anti-hologramom i superfini\u0161 smjesama, prvenstveno se koristi za brzo uklanjanje vrtlo\u017enih tragova (holograma) sa boja i plasti\u010dnih povr\u0161ina. Izuzetno mekana struktura pjene s otvorenim \u0107elijama tako\u0111er omogu\u0107ava primjenu glazura, sredstava za \u010di\u0161\u0107enje pred voskom i mehani\u010dku depilaciju. Posebno je dizajniran za postizanje &#8220;efekta ogledala&#8221; tokom zavr\u0161ne faze.<\/p>\n<p>Trapezoidni profil jastu\u010di\u0107a, zajedno sa \u010dvrstim oja\u010davaju\u0107im slojem ispod \u010di\u010dak trake, osigurava maksimalnu stabilnost pri rukovanju, dok ivica pod uglom omogu\u0107ava jastu\u010di\u0107u za poliranje da dosegne te\u0161ka podru\u010dja. Centralno postavljena rupa pobolj\u0161ava ventilaciju pozadinske plo\u010de, smanjuju\u0107i rizik od pregrijavanja boje i sprje\u010davaju\u0107i nakupljanje i kristalizaciju \u010destica polira u sredi\u0161tu jastu\u010di\u0107a, \u0161to mo\u017ee biti rezultat orbitalnog kretanja.<\/p>\n<p>Podloga je kompatibilna i sa DA i sa rotacionim ma\u0161inama.<\/p>\n","protected":false},"featured_media":793050735,"comment_status":"open","ping_status":"closed","template":"","meta":{"_acf_changed":false,"inline_featured_image":false},"product_brand":[],"product_cat":[164],"product_tag":[],"class_list":{"0":"post-793050733","1":"product","2":"type-product","3":"status-publish","4":"has-post-thumbnail","6":"product_cat-car-detailing","8":"first","9":"instock","10":"taxable","11":"shipping-taxable","12":"purchasable","13":"product-type-simple"},"acf":[],"custom_product_id":"14689","_links":{"self":[{"href":"https:\/\/autostil.ba\/maloprodaja\/wp-json\/wp\/v2\/product\/793050733","targetHints":{"allow":["GET"]}}],"collection":[{"href":"https:\/\/autostil.ba\/maloprodaja\/wp-json\/wp\/v2\/product"}],"about":[{"href":"https:\/\/autostil.ba\/maloprodaja\/wp-json\/wp\/v2\/types\/product"}],"replies":[{"embeddable":true,"href":"https:\/\/autostil.ba\/maloprodaja\/wp-json\/wp\/v2\/comments?post=793050733"}],"version-history":[{"count":1,"href":"https:\/\/autostil.ba\/maloprodaja\/wp-json\/wp\/v2\/product\/793050733\/revisions"}],"predecessor-version":[{"id":793050734,"href":"https:\/\/autostil.ba\/maloprodaja\/wp-json\/wp\/v2\/product\/793050733\/revisions\/793050734"}],"wp:featuredmedia":[{"embeddable":true,"href":"https:\/\/autostil.ba\/maloprodaja\/wp-json\/wp\/v2\/media\/793050735"}],"wp:attachment":[{"href":"https:\/\/autostil.ba\/maloprodaja\/wp-json\/wp\/v2\/media?parent=793050733"}],"wp:term":[{"taxonomy":"product_brand","embeddable":true,"href":"https:\/\/autostil.ba\/maloprodaja\/wp-json\/wp\/v2\/product_brand?post=793050733"},{"taxonomy":"product_cat","embeddable":true,"href":"https:\/\/autostil.ba\/maloprodaja\/wp-json\/wp\/v2\/product_cat?post=793050733"},{"taxonomy":"product_tag","embeddable":true,"href":"https:\/\/autostil.ba\/maloprodaja\/wp-json\/wp\/v2\/product_tag?post=793050733"}],"curies":[{"name":"wp","href":"https:\/\/api.w.org\/{rel}","templated":true}]}}