{"id":793050727,"date":"2025-04-24T15:18:05","date_gmt":"2025-04-24T13:18:05","guid":{"rendered":"https:\/\/autostil.ba\/maloprodaja\/?post_type=product&#038;p=793050727"},"modified":"2026-04-08T12:42:02","modified_gmt":"2026-04-08T10:42:02","slug":"pad-za-poliranje-univerzalni-130-130mm","status":"publish","type":"product","link":"https:\/\/autostil.ba\/maloprodaja\/proizvod\/14691\/pad-za-poliranje-univerzalni-130-130mm\/","title":{"rendered":"PAD ZA POLIRANJE UNIVERZALNI 130\/130mm"},"content":{"rendered":"","protected":false},"excerpt":{"rendered":"<p>Denim \u2013 najagresivniji jastu\u010di\u0107 za poliranje u na\u0161oj liniji, dizajniran za uklanjanje teksture boje (efekat narand\u017eine kore) i dubokih nedostataka bez potrebe za brusnim papirom.<\/p>\n<p>Napravljen od visokokvalitetnog traper materijala, ovaj jastu\u010di\u0107 pru\u017ea ekstremnu snagu rezanja, omogu\u0107avaju\u0107i precizno izravnavanje povr\u0161ine boje. Vrlo je efikasan na tvrdim bojama gdje standardni jastu\u010di\u0107i za poliranje ne uspijevaju ukloniti nepravilnosti. Zbog svoje jedinstvene strukture, denim jastu\u010di\u0107 omogu\u0107ava brzo i efikasno uklanjanje vi\u0161ka boje.<\/p>\n<p>Zahvaljuju\u0107i \u010dvrstom sloju pjene s otvorenim \u0107elijama, jastu\u010di\u0107 efikasno odvodi toplinu, sprje\u010davaju\u0107i prekomjerno pregrijavanje i odr\u017eavaju\u0107i optimalnu krutost tokom procesa poliranja. Dodatni oja\u010davaju\u0107i sloj ispod \u010di\u010dak trake pove\u0107ava kontrolu nad rukovanjem ma\u0161inom.<\/p>\n<p>Ovaj jastu\u010di\u0107 se prvenstveno preporu\u010duje za upotrebu sa rotacionim ma\u0161inama. Zbog svoje agresivne prirode, najprikladniji je za proces korekcije boje u tri koraka \u2013 nakon prve faze preporu\u010duje se upotreba jastu\u010di\u0107a srednje tvrdo\u0107e sa srednje rezanom smjesom za poliranje, nakon \u010dega slijedi mekana pjenasta jastu\u010di\u0107 za poliranje i zavr\u0161na masa za finalno usavr\u0161avanje.<\/p>\n","protected":false},"featured_media":793050729,"comment_status":"open","ping_status":"closed","template":"","meta":{"_acf_changed":false,"inline_featured_image":false},"product_brand":[],"product_cat":[164],"product_tag":[],"class_list":{"0":"post-793050727","1":"product","2":"type-product","3":"status-publish","4":"has-post-thumbnail","6":"product_cat-car-detailing","8":"first","9":"instock","10":"taxable","11":"shipping-taxable","12":"purchasable","13":"product-type-simple"},"acf":[],"custom_product_id":"14691","_links":{"self":[{"href":"https:\/\/autostil.ba\/maloprodaja\/wp-json\/wp\/v2\/product\/793050727","targetHints":{"allow":["GET"]}}],"collection":[{"href":"https:\/\/autostil.ba\/maloprodaja\/wp-json\/wp\/v2\/product"}],"about":[{"href":"https:\/\/autostil.ba\/maloprodaja\/wp-json\/wp\/v2\/types\/product"}],"replies":[{"embeddable":true,"href":"https:\/\/autostil.ba\/maloprodaja\/wp-json\/wp\/v2\/comments?post=793050727"}],"version-history":[{"count":1,"href":"https:\/\/autostil.ba\/maloprodaja\/wp-json\/wp\/v2\/product\/793050727\/revisions"}],"predecessor-version":[{"id":793050728,"href":"https:\/\/autostil.ba\/maloprodaja\/wp-json\/wp\/v2\/product\/793050727\/revisions\/793050728"}],"wp:featuredmedia":[{"embeddable":true,"href":"https:\/\/autostil.ba\/maloprodaja\/wp-json\/wp\/v2\/media\/793050729"}],"wp:attachment":[{"href":"https:\/\/autostil.ba\/maloprodaja\/wp-json\/wp\/v2\/media?parent=793050727"}],"wp:term":[{"taxonomy":"product_brand","embeddable":true,"href":"https:\/\/autostil.ba\/maloprodaja\/wp-json\/wp\/v2\/product_brand?post=793050727"},{"taxonomy":"product_cat","embeddable":true,"href":"https:\/\/autostil.ba\/maloprodaja\/wp-json\/wp\/v2\/product_cat?post=793050727"},{"taxonomy":"product_tag","embeddable":true,"href":"https:\/\/autostil.ba\/maloprodaja\/wp-json\/wp\/v2\/product_tag?post=793050727"}],"curies":[{"name":"wp","href":"https:\/\/api.w.org\/{rel}","templated":true}]}}