{"id":793050724,"date":"2025-04-24T15:22:21","date_gmt":"2025-04-24T13:22:21","guid":{"rendered":"https:\/\/autostil.ba\/maloprodaja\/?post_type=product&#038;p=793050724"},"modified":"2026-04-08T12:42:02","modified_gmt":"2026-04-08T10:42:02","slug":"pad-za-poliranje-univerzalni-150-130mm","status":"publish","type":"product","link":"https:\/\/autostil.ba\/maloprodaja\/proizvod\/14692\/pad-za-poliranje-univerzalni-150-130mm\/","title":{"rendered":"PAD ZA POLIRANJE UNIVERZALNI 150\/130mm"},"content":{"rendered":"","protected":false},"excerpt":{"rendered":"<p>Poliranje \u2013 jastu\u010di\u0107 za poliranje visoke tvrdo\u0107e dizajniran za ispravljanje tvr\u0111ih premaza boje.<\/p>\n<p>Idealno rje\u0161enje za korisnike koji tra\u017ee ve\u0107u snagu rezanja od One Step jastu\u010di\u0107a. Zahvaljuju\u0107i svojoj optimizovanoj strukturi pene sa otvorenim \u0107elijama, efikasno uklanja ogrebotine, tuposti i holograme, omogu\u0107avaju\u0107i efikasan rad za kra\u0107e vreme.<\/p>\n<p>Trapezni profil jastu\u010di\u0107a, zajedno sa \u010dvrstim oja\u010davaju\u0107im slojem ispod \u010di\u010dak trake, osigurava stabilno rukovanje, dok zako\u0161en rub olak\u0161ava pristup te\u0161ko dostupnim podru\u010djima. Centralno postavljena rupa pobolj\u0161ava ventilaciju pozadinske plo\u010de, smanjuju\u0107i rizik od pregrijavanja boje i sprje\u010davaju\u0107i nakupljanje i kristalizaciju \u010destica polira u sredini jastu\u010di\u0107a.<\/p>\n<p>Podloga je kompatibilna i sa DA i sa rotacionim ma\u0161inama.<\/p>\n","protected":false},"featured_media":793050726,"comment_status":"open","ping_status":"closed","template":"","meta":{"_acf_changed":false,"inline_featured_image":false},"product_brand":[],"product_cat":[164],"product_tag":[],"class_list":{"0":"post-793050724","1":"product","2":"type-product","3":"status-publish","4":"has-post-thumbnail","6":"product_cat-car-detailing","8":"first","9":"instock","10":"taxable","11":"shipping-taxable","12":"purchasable","13":"product-type-simple"},"acf":[],"custom_product_id":"14692","_links":{"self":[{"href":"https:\/\/autostil.ba\/maloprodaja\/wp-json\/wp\/v2\/product\/793050724","targetHints":{"allow":["GET"]}}],"collection":[{"href":"https:\/\/autostil.ba\/maloprodaja\/wp-json\/wp\/v2\/product"}],"about":[{"href":"https:\/\/autostil.ba\/maloprodaja\/wp-json\/wp\/v2\/types\/product"}],"replies":[{"embeddable":true,"href":"https:\/\/autostil.ba\/maloprodaja\/wp-json\/wp\/v2\/comments?post=793050724"}],"version-history":[{"count":1,"href":"https:\/\/autostil.ba\/maloprodaja\/wp-json\/wp\/v2\/product\/793050724\/revisions"}],"predecessor-version":[{"id":793050725,"href":"https:\/\/autostil.ba\/maloprodaja\/wp-json\/wp\/v2\/product\/793050724\/revisions\/793050725"}],"wp:featuredmedia":[{"embeddable":true,"href":"https:\/\/autostil.ba\/maloprodaja\/wp-json\/wp\/v2\/media\/793050726"}],"wp:attachment":[{"href":"https:\/\/autostil.ba\/maloprodaja\/wp-json\/wp\/v2\/media?parent=793050724"}],"wp:term":[{"taxonomy":"product_brand","embeddable":true,"href":"https:\/\/autostil.ba\/maloprodaja\/wp-json\/wp\/v2\/product_brand?post=793050724"},{"taxonomy":"product_cat","embeddable":true,"href":"https:\/\/autostil.ba\/maloprodaja\/wp-json\/wp\/v2\/product_cat?post=793050724"},{"taxonomy":"product_tag","embeddable":true,"href":"https:\/\/autostil.ba\/maloprodaja\/wp-json\/wp\/v2\/product_tag?post=793050724"}],"curies":[{"name":"wp","href":"https:\/\/api.w.org\/{rel}","templated":true}]}}