{"id":793050525,"date":"2025-09-15T11:35:08","date_gmt":"2025-09-15T09:35:08","guid":{"rendered":"https:\/\/autostil.ba\/maloprodaja\/?post_type=product&#038;p=793050525"},"modified":"2026-04-08T12:41:56","modified_gmt":"2026-04-08T10:41:56","slug":"sijalice-philips-led-h4-h19-6500k","status":"publish","type":"product","link":"https:\/\/autostil.ba\/maloprodaja\/proizvod\/14673\/sijalice-philips-led-h4-h19-6500k\/","title":{"rendered":"SIJALICE PHILIPS LED H4\/H19 6500K"},"content":{"rendered":"","protected":false},"excerpt":{"rendered":"<p>Set od dvije LED sijalice najnovije serije Ultinon Access kompanije Philips, koje su idealna zamjena za H4 i H19 sijalice:<br \/>\n\u2705Sijalice iz ove serije odlikuju se veoma visokim kvalitetom izrade, odgovaraju\u0107om koncentracijom svetlosti, standardnim dimenzijama, dugim vekom trajanja i lako\u0107om ugradnje (plug &amp; play).<\/p>\n<p>\u2705 Savr\u0161eno bela boja (6000K) i veliki tok koncentrisanog svetla (1500\/1000 lm) zna\u010dajno pove\u0107avaju vidljivost puta \u010dak i u uslovima ograni\u010dene svetlosti, kao \u0161to su sumrak, magla ili ki\u0161a.<\/p>\n<p>\u2705 Idealna grani\u010dna linija osigurava da kada su svjetla pravilno postavljena, ne zaslijepite druge u\u010desnike u saobra\u0107aju.<\/p>\n<p>\u2705 Sijalice su izra\u0111ene od najkvalitetnijih materijala i rigorozno testirane i pregledane. To ih \u010dini otpornijim na udarce i vibracije i imaju vijek trajanja do tri puta du\u017ei od standardnih halogenih sijalica.<\/p>\n<p>\u2b50 PLUG &amp; PLAY MODEL &#8211; veli\u010dina, oblik i na\u010din ugradnje ovih sijalica su identi\u010dni standardnim halogenim sijalicama. Ne morate praviti nikakve modifikacije, tra\u017eiti odgovaraju\u0107i adapter ili se pitati da li \u0107e sijalice stati u lampu &#8211; samo zamenite obi\u010dne sijalice sa ovim.<\/p>\n<p>H4 H19 PHILIPS LED RETROFIT ULTINON ACCESS LAKA INSTALACIJA 6000K BIJELA Broj dijela 11342U2500CX<br \/>\n\u25b6\ufe0f TEHNI\u010cKE SPECIFIKACIJE:<br \/>\ntip: H4 \/ H19 *<br \/>\nbaza: P43t-38 \/ PU43t-3 *<br \/>\ntehnologija: LED<br \/>\nnapon napajanja: 12V<br \/>\npotro\u0161nja energije: 20W<br \/>\nboja svjetla: 6000K &#8211; hladno bijelo svjetlo<br \/>\nsvjetlosni tok: 1500 \/ 1000 lm (duga \/ kratka svjetla)<br \/>\nvijek trajanja: do 1500 sati<br \/>\nmo\u017ee autobus: nema<br \/>\nsmetnje: ne ometa radio<br \/>\nOdobrenje za elektromagnetnu kompatibilnost: da &#8211; ECE R10<br \/>\nECE R37 homologacija na cesti: nema<br \/>\npoklapanje polariteta: ne &#8211; sijalica je bipolarna<br \/>\nradne temperature: -40\u00b0C do +85\u00b0C<br \/>\nhla\u0111enje: radijatori i ugra\u0111eni ventilator<br \/>\ndimenzije: identi\u010dne standardnoj halogenoj sijalici<br \/>\n* Ove LED sijalice zamjenjuju dvije vrste halogenih sijalica.<\/p>\n<p>H4 H19 PHILIPS LED RETROFIT ULTINON PRISTUP LAKA INSTALACIJA 6000K BIJELA Proizvo\u0111a\u010d Philips<br \/>\n\u25b6\ufe0f PRIJAVA:<br \/>\nSijalice tipa H4\/H19 &#8211; u zavisnosti od modela vozila &#8211; koriste se kao:<\/p>\n<p>kratka svjetla (tzv. &#8220;kratka svjetla&#8221;)<br \/>\nduga svjetla (tzv. &#8220;duga svjetla&#8221;)<br \/>\nprednja svetla za maglu (zadnja svetla za maglu)<br \/>\n\u2705 Mogu se koristiti u standardnim reflektorima i lampama opremljenim so\u010divom.<\/p>\n<p>\u2705 LED sijalice su mnogo pogodnije za upotrebu kao duga svetla od ksenon sijalica &#8211; za razliku od ksenon sijalica, ne treba im vremena da se zagreju i odmah rade punom snagom.<\/p>\n<p>NAPOMENA 1: LED sijalice koje su zamjena za standardne halogene sijalice (bez obzira na njihovo porijeklo i proizvo\u0111a\u010da) NEMAJU odobrenje puta koje im daje pravo na legalnu upotrebu u saobra\u0107aju na javnim putevima.<\/p>\n<p>NAPOMENA 2: Sijalice nemaju ugra\u0111enu can-bus. Stoga se mogu bez ikakvih problema koristiti u automobilima koji ne provjeravaju gre\u0161ku u sijalici koja nedostaje\/pregorjela iu onima koji to rade, ali je njihova instalacija manje osjetljiva.<\/p>\n","protected":false},"featured_media":793050527,"comment_status":"open","ping_status":"closed","template":"","meta":{"_acf_changed":false,"inline_featured_image":false},"product_brand":[],"product_cat":[90],"product_tag":[],"class_list":{"0":"post-793050525","1":"product","2":"type-product","3":"status-publish","4":"has-post-thumbnail","6":"product_cat-sijalice-led-diode","8":"first","9":"instock","10":"taxable","11":"shipping-taxable","12":"purchasable","13":"product-type-simple"},"acf":[],"custom_product_id":"14673","_links":{"self":[{"href":"https:\/\/autostil.ba\/maloprodaja\/wp-json\/wp\/v2\/product\/793050525","targetHints":{"allow":["GET"]}}],"collection":[{"href":"https:\/\/autostil.ba\/maloprodaja\/wp-json\/wp\/v2\/product"}],"about":[{"href":"https:\/\/autostil.ba\/maloprodaja\/wp-json\/wp\/v2\/types\/product"}],"replies":[{"embeddable":true,"href":"https:\/\/autostil.ba\/maloprodaja\/wp-json\/wp\/v2\/comments?post=793050525"}],"version-history":[{"count":2,"href":"https:\/\/autostil.ba\/maloprodaja\/wp-json\/wp\/v2\/product\/793050525\/revisions"}],"predecessor-version":[{"id":793050566,"href":"https:\/\/autostil.ba\/maloprodaja\/wp-json\/wp\/v2\/product\/793050525\/revisions\/793050566"}],"wp:featuredmedia":[{"embeddable":true,"href":"https:\/\/autostil.ba\/maloprodaja\/wp-json\/wp\/v2\/media\/793050527"}],"wp:attachment":[{"href":"https:\/\/autostil.ba\/maloprodaja\/wp-json\/wp\/v2\/media?parent=793050525"}],"wp:term":[{"taxonomy":"product_brand","embeddable":true,"href":"https:\/\/autostil.ba\/maloprodaja\/wp-json\/wp\/v2\/product_brand?post=793050525"},{"taxonomy":"product_cat","embeddable":true,"href":"https:\/\/autostil.ba\/maloprodaja\/wp-json\/wp\/v2\/product_cat?post=793050525"},{"taxonomy":"product_tag","embeddable":true,"href":"https:\/\/autostil.ba\/maloprodaja\/wp-json\/wp\/v2\/product_tag?post=793050525"}],"curies":[{"name":"wp","href":"https:\/\/api.w.org\/{rel}","templated":true}]}}