{"id":793050503,"date":"2025-04-04T14:09:35","date_gmt":"2025-04-04T12:09:35","guid":{"rendered":"https:\/\/autostil.ba\/maloprodaja\/?post_type=product&#038;p=793050503"},"modified":"2026-04-08T12:41:50","modified_gmt":"2026-04-08T10:41:50","slug":"navlaka-za-kljuc-silikonska-renault-tip-12-crna-cetiri-tipke","status":"publish","type":"product","link":"https:\/\/autostil.ba\/maloprodaja\/proizvod\/14668\/navlaka-za-kljuc-silikonska-renault-tip-12-crna-cetiri-tipke\/","title":{"rendered":"NAVLAKA ZA KLJU\u010c SILIKONSKA RENAULT TIP 12 CRNA (\u010cETIRI TIPKE)"},"content":{"rendered":"","protected":false},"excerpt":{"rendered":"<p>Silikonska navlaka \u0161titi klju\u010d automobila od habanja i spolja\u0161njih uticaja, a pored toga mo\u017ee da bude i upe\u010datljiv modni detalj. Napravljena je od kvalitetnog silikona i veoma je prakti\u010dna i laka za postavljanje.<\/p>\n","protected":false},"featured_media":793050505,"comment_status":"open","ping_status":"closed","template":"","meta":{"_acf_changed":false,"inline_featured_image":false},"product_brand":[],"product_cat":[896],"product_tag":[],"class_list":{"0":"post-793050503","1":"product","2":"type-product","3":"status-publish","4":"has-post-thumbnail","6":"product_cat-navlake-za-kljuceve","8":"first","9":"instock","10":"taxable","11":"shipping-taxable","12":"purchasable","13":"product-type-simple"},"acf":[],"custom_product_id":"14668","_links":{"self":[{"href":"https:\/\/autostil.ba\/maloprodaja\/wp-json\/wp\/v2\/product\/793050503","targetHints":{"allow":["GET"]}}],"collection":[{"href":"https:\/\/autostil.ba\/maloprodaja\/wp-json\/wp\/v2\/product"}],"about":[{"href":"https:\/\/autostil.ba\/maloprodaja\/wp-json\/wp\/v2\/types\/product"}],"replies":[{"embeddable":true,"href":"https:\/\/autostil.ba\/maloprodaja\/wp-json\/wp\/v2\/comments?post=793050503"}],"version-history":[{"count":1,"href":"https:\/\/autostil.ba\/maloprodaja\/wp-json\/wp\/v2\/product\/793050503\/revisions"}],"predecessor-version":[{"id":793050504,"href":"https:\/\/autostil.ba\/maloprodaja\/wp-json\/wp\/v2\/product\/793050503\/revisions\/793050504"}],"wp:featuredmedia":[{"embeddable":true,"href":"https:\/\/autostil.ba\/maloprodaja\/wp-json\/wp\/v2\/media\/793050505"}],"wp:attachment":[{"href":"https:\/\/autostil.ba\/maloprodaja\/wp-json\/wp\/v2\/media?parent=793050503"}],"wp:term":[{"taxonomy":"product_brand","embeddable":true,"href":"https:\/\/autostil.ba\/maloprodaja\/wp-json\/wp\/v2\/product_brand?post=793050503"},{"taxonomy":"product_cat","embeddable":true,"href":"https:\/\/autostil.ba\/maloprodaja\/wp-json\/wp\/v2\/product_cat?post=793050503"},{"taxonomy":"product_tag","embeddable":true,"href":"https:\/\/autostil.ba\/maloprodaja\/wp-json\/wp\/v2\/product_tag?post=793050503"}],"curies":[{"name":"wp","href":"https:\/\/api.w.org\/{rel}","templated":true}]}}