{"id":793050362,"date":"2025-04-01T15:43:00","date_gmt":"2025-04-01T13:43:00","guid":{"rendered":"https:\/\/autostil.ba\/maloprodaja\/?post_type=product&#038;p=793050362"},"modified":"2026-04-08T12:41:26","modified_gmt":"2026-04-08T10:41:26","slug":"podmetac-za-lumbalni-dio-kicme","status":"publish","type":"product","link":"https:\/\/autostil.ba\/maloprodaja\/proizvod\/14628\/podmetac-za-lumbalni-dio-kicme\/","title":{"rendered":"PODMETA\u010c ZA LUMBALNI DIO KI\u010cME"},"content":{"rendered":"","protected":false},"excerpt":{"rendered":"<p>ERGONOMSKI SISTEM PODR\u0160KE ZA LE\u0110A &#8211; njegov konturni i ortopedski dizajn podr\u017eava donji dio le\u0111a, smanjuje umor, bol od pritiska, smanjuje pritisak za 50% i ispravlja va\u0161e dr\u017eanje.<\/p>\n<p>UDOBNOST I PODR\u0160KA ZA VA\u0160 DONJI LE\u0110A &#8211; koji najvi\u0161e pati tokom dugih vo\u017enji ili sedenja kod ku\u0107e ili na poslu.<\/p>\n<p>DIZAJN SA DVOSTRUKIM MRE\u017dICAMA &#8211; za odr\u017eavanje va\u0161ih le\u0111a hladnim uz konstantan protok zraka iz ventilirane mre\u017ee.<\/p>\n<p>RE\u0160ITE SE BOLA &#8211; prozra\u010dna mre\u017ea \u0107e vam pru\u017eiti udobnost. Prilago\u0111ava se obliku va\u0161e kralje\u017enice i pru\u017ea potporu bez ne\u017eeljenog pritiska na bilo koju grupu mi\u0161i\u0107a.<\/p>\n","protected":false},"featured_media":793050364,"comment_status":"open","ping_status":"closed","template":"","meta":{"_acf_changed":false,"inline_featured_image":false},"product_brand":[],"product_cat":[136],"product_tag":[],"class_list":{"0":"post-793050362","1":"product","2":"type-product","3":"status-publish","4":"has-post-thumbnail","6":"product_cat-navlake-za-sjedala","8":"first","9":"instock","10":"taxable","11":"shipping-taxable","12":"purchasable","13":"product-type-simple"},"acf":[],"custom_product_id":"14628","_links":{"self":[{"href":"https:\/\/autostil.ba\/maloprodaja\/wp-json\/wp\/v2\/product\/793050362","targetHints":{"allow":["GET"]}}],"collection":[{"href":"https:\/\/autostil.ba\/maloprodaja\/wp-json\/wp\/v2\/product"}],"about":[{"href":"https:\/\/autostil.ba\/maloprodaja\/wp-json\/wp\/v2\/types\/product"}],"replies":[{"embeddable":true,"href":"https:\/\/autostil.ba\/maloprodaja\/wp-json\/wp\/v2\/comments?post=793050362"}],"version-history":[{"count":1,"href":"https:\/\/autostil.ba\/maloprodaja\/wp-json\/wp\/v2\/product\/793050362\/revisions"}],"predecessor-version":[{"id":793050363,"href":"https:\/\/autostil.ba\/maloprodaja\/wp-json\/wp\/v2\/product\/793050362\/revisions\/793050363"}],"wp:featuredmedia":[{"embeddable":true,"href":"https:\/\/autostil.ba\/maloprodaja\/wp-json\/wp\/v2\/media\/793050364"}],"wp:attachment":[{"href":"https:\/\/autostil.ba\/maloprodaja\/wp-json\/wp\/v2\/media?parent=793050362"}],"wp:term":[{"taxonomy":"product_brand","embeddable":true,"href":"https:\/\/autostil.ba\/maloprodaja\/wp-json\/wp\/v2\/product_brand?post=793050362"},{"taxonomy":"product_cat","embeddable":true,"href":"https:\/\/autostil.ba\/maloprodaja\/wp-json\/wp\/v2\/product_cat?post=793050362"},{"taxonomy":"product_tag","embeddable":true,"href":"https:\/\/autostil.ba\/maloprodaja\/wp-json\/wp\/v2\/product_tag?post=793050362"}],"curies":[{"name":"wp","href":"https:\/\/api.w.org\/{rel}","templated":true}]}}