{"id":793050297,"date":"2025-09-12T12:20:36","date_gmt":"2025-09-12T10:20:36","guid":{"rendered":"https:\/\/autostil.ba\/maloprodaja\/?post_type=product&#038;p=793050297"},"modified":"2026-04-08T12:41:13","modified_gmt":"2026-04-08T10:41:13","slug":"sonax-xtreme-politur-2-sa-voskom-250ml","status":"publish","type":"product","link":"https:\/\/autostil.ba\/maloprodaja\/proizvod\/14608\/sonax-xtreme-politur-2-sa-voskom-250ml\/","title":{"rendered":"SONAX XTREME POLITUR 2 SA VOSKOM 250ml"},"content":{"rendered":"","protected":false},"excerpt":{"rendered":"<p>Sredstvo za poliranje na bazi nano-tehnologije za upotrebu na novijem laku. Nje\u017ean prema laku, s blagim abrazivima koji se raspr\u0161uju u nano-\u010destice tijekom poliranja. Poliranjem se odstranjuju maglica u sjaju i fine ogrebotine (npr. Od \u010detki u autopraonici). Nano-\u010destice voska prodiru duboko u pore i vra\u0107aju laku sjaj te osiguravaju dugotrajnu za\u0161titu. Savr\u0161eno se uklapaju u strukturu svakog laka (\u010dak i one otporne na ogrebotine), pa smanjuju napor pri poliranju.<\/p>\n","protected":false},"featured_media":793050299,"comment_status":"open","ping_status":"closed","template":"","meta":{"_acf_changed":false,"inline_featured_image":false},"product_brand":[],"product_cat":[164],"product_tag":[],"class_list":{"0":"post-793050297","1":"product","2":"type-product","3":"status-publish","4":"has-post-thumbnail","6":"product_cat-car-detailing","8":"first","9":"instock","10":"taxable","11":"shipping-taxable","12":"purchasable","13":"product-type-simple"},"acf":[],"custom_product_id":"14608","_links":{"self":[{"href":"https:\/\/autostil.ba\/maloprodaja\/wp-json\/wp\/v2\/product\/793050297","targetHints":{"allow":["GET"]}}],"collection":[{"href":"https:\/\/autostil.ba\/maloprodaja\/wp-json\/wp\/v2\/product"}],"about":[{"href":"https:\/\/autostil.ba\/maloprodaja\/wp-json\/wp\/v2\/types\/product"}],"replies":[{"embeddable":true,"href":"https:\/\/autostil.ba\/maloprodaja\/wp-json\/wp\/v2\/comments?post=793050297"}],"version-history":[{"count":1,"href":"https:\/\/autostil.ba\/maloprodaja\/wp-json\/wp\/v2\/product\/793050297\/revisions"}],"predecessor-version":[{"id":793050298,"href":"https:\/\/autostil.ba\/maloprodaja\/wp-json\/wp\/v2\/product\/793050297\/revisions\/793050298"}],"wp:featuredmedia":[{"embeddable":true,"href":"https:\/\/autostil.ba\/maloprodaja\/wp-json\/wp\/v2\/media\/793050299"}],"wp:attachment":[{"href":"https:\/\/autostil.ba\/maloprodaja\/wp-json\/wp\/v2\/media?parent=793050297"}],"wp:term":[{"taxonomy":"product_brand","embeddable":true,"href":"https:\/\/autostil.ba\/maloprodaja\/wp-json\/wp\/v2\/product_brand?post=793050297"},{"taxonomy":"product_cat","embeddable":true,"href":"https:\/\/autostil.ba\/maloprodaja\/wp-json\/wp\/v2\/product_cat?post=793050297"},{"taxonomy":"product_tag","embeddable":true,"href":"https:\/\/autostil.ba\/maloprodaja\/wp-json\/wp\/v2\/product_tag?post=793050297"}],"curies":[{"name":"wp","href":"https:\/\/api.w.org\/{rel}","templated":true}]}}