{"id":793050295,"date":"2025-03-31T11:15:13","date_gmt":"2025-03-31T09:15:13","guid":{"rendered":"https:\/\/autostil.ba\/maloprodaja\/?post_type=product&#038;p=793050295"},"modified":"2026-04-08T12:41:13","modified_gmt":"2026-04-08T10:41:13","slug":"cerada-za-motocikl-l-232x100x125cm","status":"publish","type":"product","link":"https:\/\/autostil.ba\/maloprodaja\/proizvod\/14609\/cerada-za-motocikl-l-232x100x125cm\/","title":{"rendered":"CERADA ZA MOTOCIKL L (232x100x125cm)"},"content":{"rendered":"","protected":false},"excerpt":{"rendered":"<p>Ceradom za motocikl za\u0161titite svoj motocikl kod ku\u0107e ili na poslu od ki\u0161e ili sunca i svih vremenskih neprilika. Vodootporna korisna vre\u0107a za skladi\u0161tenje (koristi se i kao vre\u0107a za pakovanje).<\/p>\n<p>Dimenzije:<\/p>\n<p>Du\u017eina &#8211; 232cm<\/p>\n<p>\u0160irina &#8211; 100cm<\/p>\n<p>Visina &#8211; 125cm<\/p>\n","protected":false},"featured_media":793050294,"comment_status":"open","ping_status":"closed","template":"","meta":{"_acf_changed":false,"inline_featured_image":false},"product_brand":[],"product_cat":[37],"product_tag":[],"class_list":{"0":"post-793050295","1":"product","2":"type-product","3":"status-publish","4":"has-post-thumbnail","6":"product_cat-cerade","8":"first","9":"instock","10":"taxable","11":"shipping-taxable","12":"purchasable","13":"product-type-simple"},"acf":[],"custom_product_id":"14609","_links":{"self":[{"href":"https:\/\/autostil.ba\/maloprodaja\/wp-json\/wp\/v2\/product\/793050295","targetHints":{"allow":["GET"]}}],"collection":[{"href":"https:\/\/autostil.ba\/maloprodaja\/wp-json\/wp\/v2\/product"}],"about":[{"href":"https:\/\/autostil.ba\/maloprodaja\/wp-json\/wp\/v2\/types\/product"}],"replies":[{"embeddable":true,"href":"https:\/\/autostil.ba\/maloprodaja\/wp-json\/wp\/v2\/comments?post=793050295"}],"version-history":[{"count":1,"href":"https:\/\/autostil.ba\/maloprodaja\/wp-json\/wp\/v2\/product\/793050295\/revisions"}],"predecessor-version":[{"id":793050296,"href":"https:\/\/autostil.ba\/maloprodaja\/wp-json\/wp\/v2\/product\/793050295\/revisions\/793050296"}],"wp:featuredmedia":[{"embeddable":true,"href":"https:\/\/autostil.ba\/maloprodaja\/wp-json\/wp\/v2\/media\/793050294"}],"wp:attachment":[{"href":"https:\/\/autostil.ba\/maloprodaja\/wp-json\/wp\/v2\/media?parent=793050295"}],"wp:term":[{"taxonomy":"product_brand","embeddable":true,"href":"https:\/\/autostil.ba\/maloprodaja\/wp-json\/wp\/v2\/product_brand?post=793050295"},{"taxonomy":"product_cat","embeddable":true,"href":"https:\/\/autostil.ba\/maloprodaja\/wp-json\/wp\/v2\/product_cat?post=793050295"},{"taxonomy":"product_tag","embeddable":true,"href":"https:\/\/autostil.ba\/maloprodaja\/wp-json\/wp\/v2\/product_tag?post=793050295"}],"curies":[{"name":"wp","href":"https:\/\/api.w.org\/{rel}","templated":true}]}}