{"id":793050292,"date":"2025-03-31T11:29:48","date_gmt":"2025-03-31T09:29:48","guid":{"rendered":"https:\/\/autostil.ba\/maloprodaja\/?post_type=product&#038;p=793050292"},"modified":"2026-04-08T12:41:13","modified_gmt":"2026-04-08T10:41:13","slug":"cerada-za-motocikl-xl-246x105x125cm","status":"publish","type":"product","link":"https:\/\/autostil.ba\/maloprodaja\/proizvod\/14610\/cerada-za-motocikl-xl-246x105x125cm\/","title":{"rendered":"CERADA ZA MOTOCIKL XL (246x105x125cm)"},"content":{"rendered":"","protected":false},"excerpt":{"rendered":"<p>Ceradom za motocikl za\u0161titite svoj motocikl kod ku\u0107e ili na poslu od ki\u0161e ili sunca i svih vremenskih neprilika. Vodootporna korisna vre\u0107a za skladi\u0161tenje (koristi se i kao vre\u0107a za pakovanje).<\/p>\n<p>Dimenzije:<\/p>\n<p>Du\u017eina \u2013 246cm<\/p>\n<p>\u0160irina \u2013 105cm<\/p>\n<p>Visina \u2013 125cm<\/p>\n","protected":false},"featured_media":793050294,"comment_status":"open","ping_status":"closed","template":"","meta":{"_acf_changed":false,"inline_featured_image":false},"product_brand":[],"product_cat":[37],"product_tag":[],"class_list":{"0":"post-793050292","1":"product","2":"type-product","3":"status-publish","4":"has-post-thumbnail","6":"product_cat-cerade","8":"first","9":"instock","10":"taxable","11":"shipping-taxable","12":"purchasable","13":"product-type-simple"},"acf":[],"custom_product_id":"14610","_links":{"self":[{"href":"https:\/\/autostil.ba\/maloprodaja\/wp-json\/wp\/v2\/product\/793050292","targetHints":{"allow":["GET"]}}],"collection":[{"href":"https:\/\/autostil.ba\/maloprodaja\/wp-json\/wp\/v2\/product"}],"about":[{"href":"https:\/\/autostil.ba\/maloprodaja\/wp-json\/wp\/v2\/types\/product"}],"replies":[{"embeddable":true,"href":"https:\/\/autostil.ba\/maloprodaja\/wp-json\/wp\/v2\/comments?post=793050292"}],"version-history":[{"count":1,"href":"https:\/\/autostil.ba\/maloprodaja\/wp-json\/wp\/v2\/product\/793050292\/revisions"}],"predecessor-version":[{"id":793050293,"href":"https:\/\/autostil.ba\/maloprodaja\/wp-json\/wp\/v2\/product\/793050292\/revisions\/793050293"}],"wp:featuredmedia":[{"embeddable":true,"href":"https:\/\/autostil.ba\/maloprodaja\/wp-json\/wp\/v2\/media\/793050294"}],"wp:attachment":[{"href":"https:\/\/autostil.ba\/maloprodaja\/wp-json\/wp\/v2\/media?parent=793050292"}],"wp:term":[{"taxonomy":"product_brand","embeddable":true,"href":"https:\/\/autostil.ba\/maloprodaja\/wp-json\/wp\/v2\/product_brand?post=793050292"},{"taxonomy":"product_cat","embeddable":true,"href":"https:\/\/autostil.ba\/maloprodaja\/wp-json\/wp\/v2\/product_cat?post=793050292"},{"taxonomy":"product_tag","embeddable":true,"href":"https:\/\/autostil.ba\/maloprodaja\/wp-json\/wp\/v2\/product_tag?post=793050292"}],"curies":[{"name":"wp","href":"https:\/\/api.w.org\/{rel}","templated":true}]}}