{"id":793050271,"date":"2025-03-28T16:23:27","date_gmt":"2025-03-28T14:23:27","guid":{"rendered":"https:\/\/autostil.ba\/maloprodaja\/?post_type=product&#038;p=793050271"},"modified":"2026-04-08T12:41:06","modified_gmt":"2026-04-08T10:41:06","slug":"radio-za-auto-android-101-a100-232gb-carplay-roto-prelaz-sa-2-din-na-101","status":"publish","type":"product","link":"https:\/\/autostil.ba\/maloprodaja\/proizvod\/14596\/radio-za-auto-android-101-a100-232gb-carplay-roto-prelaz-sa-2-din-na-101\/","title":{"rendered":"RADIO ZA AUTO ANDROID 10,1&#8243; A100 2+32GB CARPLAY ROTO (PRELAZ SA 2 DIN NA 10,1&#8243;)"},"content":{"rendered":"","protected":false},"excerpt":{"rendered":"<p><strong>\u00a0Promjenljivi korisni\u010dki interfejs za auto radio:<\/strong><\/p>\n<p>&#8211; Mo\u017eete preuzeti aplikaciju sa Play-a i prilagoditi vlastite UI teme<\/p>\n<p>&#8211; O\u017ei\u010denje nije &#8220;plug and play&#8221;<\/p>\n<p>&#8211; Nadogradnja auto radija<\/p>\n<p>&#8211; Prilago\u0111eni Android sistem, sa 4-jezgrenim procesorom od 1,5 GHz, 2 GB RAM-a + 32 GB ROM-a, osigurava nesmetan rad i br\u017ei odziv, 32 GB velikog prostora za pohranu s WiFi funkcijom omogu\u0107ava instaliranje vi\u0161e aplikacija<\/p>\n<p>&#8211; IPS ekran, bogatije boje i jasniji prikaz<\/p>\n<p>&#8211; HD ekran osjetljiv na dodir i dizajn velikog logotipa: Jednostavan i elegantan 10,1-in\u010dni kapacitivni ekran osjetljiv na dodir visoke rezolucije najbolje obavlja posao unosa va\u0161eg pametnog telefona u automobil. Osjetljiviji i precizniji, podr\u017eava reprodukciju videa od 1080P. Lako je vidjeti ekran i kontrole, prona\u0107i i koristiti kontrole gotovo bez gledanja<\/p>\n<p><strong>Ostale funkcije:<\/strong><\/p>\n<p>Kontrola volana \/ GPS navigacija \/ FM \/ RDS \/ Podijeljeni ekran \/ DSP \/ WIFI \/ Bluetooth hands-free poziv \/ HD video izlaz \/ audio izlazi \/ USB \/ Mirror Link \/ vi\u0161ejezi\u010dni&#8230;<\/p>\n<p>Kompatibilno s iPhone 5 i novijim, Android telefonom 11.0 i novijim.<\/p>\n","protected":false},"featured_media":793050273,"comment_status":"open","ping_status":"closed","template":"","meta":{"_acf_changed":false,"inline_featured_image":false},"product_brand":[],"product_cat":[162],"product_tag":[],"class_list":{"0":"post-793050271","1":"product","2":"type-product","3":"status-publish","4":"has-post-thumbnail","6":"product_cat-audio-video-uredaji-za-automobile","8":"first","9":"instock","10":"taxable","11":"shipping-taxable","12":"purchasable","13":"product-type-simple"},"acf":[],"custom_product_id":"14596","_links":{"self":[{"href":"https:\/\/autostil.ba\/maloprodaja\/wp-json\/wp\/v2\/product\/793050271","targetHints":{"allow":["GET"]}}],"collection":[{"href":"https:\/\/autostil.ba\/maloprodaja\/wp-json\/wp\/v2\/product"}],"about":[{"href":"https:\/\/autostil.ba\/maloprodaja\/wp-json\/wp\/v2\/types\/product"}],"replies":[{"embeddable":true,"href":"https:\/\/autostil.ba\/maloprodaja\/wp-json\/wp\/v2\/comments?post=793050271"}],"version-history":[{"count":2,"href":"https:\/\/autostil.ba\/maloprodaja\/wp-json\/wp\/v2\/product\/793050271\/revisions"}],"predecessor-version":[{"id":793051892,"href":"https:\/\/autostil.ba\/maloprodaja\/wp-json\/wp\/v2\/product\/793050271\/revisions\/793051892"}],"wp:featuredmedia":[{"embeddable":true,"href":"https:\/\/autostil.ba\/maloprodaja\/wp-json\/wp\/v2\/media\/793050273"}],"wp:attachment":[{"href":"https:\/\/autostil.ba\/maloprodaja\/wp-json\/wp\/v2\/media?parent=793050271"}],"wp:term":[{"taxonomy":"product_brand","embeddable":true,"href":"https:\/\/autostil.ba\/maloprodaja\/wp-json\/wp\/v2\/product_brand?post=793050271"},{"taxonomy":"product_cat","embeddable":true,"href":"https:\/\/autostil.ba\/maloprodaja\/wp-json\/wp\/v2\/product_cat?post=793050271"},{"taxonomy":"product_tag","embeddable":true,"href":"https:\/\/autostil.ba\/maloprodaja\/wp-json\/wp\/v2\/product_tag?post=793050271"}],"curies":[{"name":"wp","href":"https:\/\/api.w.org\/{rel}","templated":true}]}}