{"id":793050253,"date":"2025-11-19T12:57:00","date_gmt":"2025-11-19T10:57:00","guid":{"rendered":"https:\/\/autostil.ba\/maloprodaja\/?post_type=product&#038;p=793050253"},"modified":"2026-04-08T12:41:07","modified_gmt":"2026-04-08T10:41:07","slug":"treptaci-f312-crveno-plavi-unutrasnji","status":"publish","type":"product","link":"https:\/\/autostil.ba\/maloprodaja\/proizvod\/14602\/treptaci-f312-crveno-plavi-unutrasnji\/","title":{"rendered":"TREPTA\u010cI F312 CRVENO-PLAVI UNUTRA\u0160NJI"},"content":{"rendered":"","protected":false},"excerpt":{"rendered":"<p>TREPTA\u010cI F312 CRVENO-PLAVI UNUTRA\u0160NJI<\/p>\n","protected":false},"featured_media":793050255,"comment_status":"open","ping_status":"closed","template":"","meta":{"_acf_changed":false,"inline_featured_image":false},"product_brand":[],"product_cat":[101],"product_tag":[],"class_list":{"0":"post-793050253","1":"product","2":"type-product","3":"status-publish","4":"has-post-thumbnail","6":"product_cat-rotaciona-svijetla","8":"first","9":"instock","10":"taxable","11":"shipping-taxable","12":"purchasable","13":"product-type-simple"},"acf":[],"custom_product_id":"14602","_links":{"self":[{"href":"https:\/\/autostil.ba\/maloprodaja\/wp-json\/wp\/v2\/product\/793050253","targetHints":{"allow":["GET"]}}],"collection":[{"href":"https:\/\/autostil.ba\/maloprodaja\/wp-json\/wp\/v2\/product"}],"about":[{"href":"https:\/\/autostil.ba\/maloprodaja\/wp-json\/wp\/v2\/types\/product"}],"replies":[{"embeddable":true,"href":"https:\/\/autostil.ba\/maloprodaja\/wp-json\/wp\/v2\/comments?post=793050253"}],"version-history":[{"count":1,"href":"https:\/\/autostil.ba\/maloprodaja\/wp-json\/wp\/v2\/product\/793050253\/revisions"}],"predecessor-version":[{"id":793050254,"href":"https:\/\/autostil.ba\/maloprodaja\/wp-json\/wp\/v2\/product\/793050253\/revisions\/793050254"}],"wp:featuredmedia":[{"embeddable":true,"href":"https:\/\/autostil.ba\/maloprodaja\/wp-json\/wp\/v2\/media\/793050255"}],"wp:attachment":[{"href":"https:\/\/autostil.ba\/maloprodaja\/wp-json\/wp\/v2\/media?parent=793050253"}],"wp:term":[{"taxonomy":"product_brand","embeddable":true,"href":"https:\/\/autostil.ba\/maloprodaja\/wp-json\/wp\/v2\/product_brand?post=793050253"},{"taxonomy":"product_cat","embeddable":true,"href":"https:\/\/autostil.ba\/maloprodaja\/wp-json\/wp\/v2\/product_cat?post=793050253"},{"taxonomy":"product_tag","embeddable":true,"href":"https:\/\/autostil.ba\/maloprodaja\/wp-json\/wp\/v2\/product_tag?post=793050253"}],"curies":[{"name":"wp","href":"https:\/\/api.w.org\/{rel}","templated":true}]}}