{"id":793050154,"date":"2025-03-26T16:31:20","date_gmt":"2025-03-26T14:31:20","guid":{"rendered":"https:\/\/autostil.ba\/maloprodaja\/?post_type=product&#038;p=793050154"},"modified":"2026-04-08T12:40:59","modified_gmt":"2026-04-08T10:40:59","slug":"felga-aluminijumska-skoda-19x8-5-p5293","status":"publish","type":"product","link":"https:\/\/autostil.ba\/maloprodaja\/proizvod\/14590\/felga-aluminijumska-skoda-19x8-5-p5293\/","title":{"rendered":"FELGA ALUMINIJUMSKA \u0160KODA 19X8.5 P5293"},"content":{"rendered":"","protected":false},"excerpt":{"rendered":"<p>FELGA ALUMINIJUMSKA \u0160KODA 19X8.5 P5293: Veli\u010dina felge: 19 inch; \u0160irina felge: 8,5 J; Raspon rupa: 5\u00d7112; Pre\u010dnik centralne rupe: 57,1mm; ET: 45<\/p>\n","protected":false},"featured_media":793050151,"comment_status":"open","ping_status":"closed","template":"","meta":{"_acf_changed":false,"inline_featured_image":false},"product_brand":[],"product_cat":[163],"product_tag":[],"class_list":{"0":"post-793050154","1":"product","2":"type-product","3":"status-publish","4":"has-post-thumbnail","6":"product_cat-aluminijske-felge","8":"first","9":"instock","10":"taxable","11":"shipping-taxable","12":"purchasable","13":"product-type-simple"},"acf":[],"custom_product_id":"14590","_links":{"self":[{"href":"https:\/\/autostil.ba\/maloprodaja\/wp-json\/wp\/v2\/product\/793050154","targetHints":{"allow":["GET"]}}],"collection":[{"href":"https:\/\/autostil.ba\/maloprodaja\/wp-json\/wp\/v2\/product"}],"about":[{"href":"https:\/\/autostil.ba\/maloprodaja\/wp-json\/wp\/v2\/types\/product"}],"replies":[{"embeddable":true,"href":"https:\/\/autostil.ba\/maloprodaja\/wp-json\/wp\/v2\/comments?post=793050154"}],"version-history":[{"count":1,"href":"https:\/\/autostil.ba\/maloprodaja\/wp-json\/wp\/v2\/product\/793050154\/revisions"}],"predecessor-version":[{"id":793050155,"href":"https:\/\/autostil.ba\/maloprodaja\/wp-json\/wp\/v2\/product\/793050154\/revisions\/793050155"}],"wp:featuredmedia":[{"embeddable":true,"href":"https:\/\/autostil.ba\/maloprodaja\/wp-json\/wp\/v2\/media\/793050151"}],"wp:attachment":[{"href":"https:\/\/autostil.ba\/maloprodaja\/wp-json\/wp\/v2\/media?parent=793050154"}],"wp:term":[{"taxonomy":"product_brand","embeddable":true,"href":"https:\/\/autostil.ba\/maloprodaja\/wp-json\/wp\/v2\/product_brand?post=793050154"},{"taxonomy":"product_cat","embeddable":true,"href":"https:\/\/autostil.ba\/maloprodaja\/wp-json\/wp\/v2\/product_cat?post=793050154"},{"taxonomy":"product_tag","embeddable":true,"href":"https:\/\/autostil.ba\/maloprodaja\/wp-json\/wp\/v2\/product_tag?post=793050154"}],"curies":[{"name":"wp","href":"https:\/\/api.w.org\/{rel}","templated":true}]}}