{"id":793049603,"date":"2026-04-13T12:27:12","date_gmt":"2026-04-13T10:27:12","guid":{"rendered":"https:\/\/autostil.ba\/maloprodaja\/?post_type=product&#038;p=793049603"},"modified":"2026-04-29T05:58:11","modified_gmt":"2026-04-29T03:58:11","slug":"podmetac-za-gepek-tipski-audi-a6-c6-2004-2011-limuzina-rizline","status":"publish","type":"product","link":"https:\/\/autostil.ba\/maloprodaja\/proizvod\/14556\/podmetac-za-gepek-tipski-audi-a6-c6-2004-2011-limuzina-rizline\/","title":{"rendered":"PODMETA\u010c ZA GEPEK TIPSKI AUDI A6 (C6) LIMUZINA 2004-2011(RIZLINE)"},"content":{"rendered":"","protected":false},"excerpt":{"rendered":"<p>KARAKTERISTIKE PROIZVODA:<\/p>\n<p>\u2013 Posjeduje zdravstveno-higijenski certifikat i certifikat o uskla\u0111enosti.<\/p>\n<p>\u2013 Ne izaziva alergije.<\/p>\n<p>\u2013 Ne miri\u0161e.<\/p>\n<p>\u2013 Ne deformi\u0161e se<\/p>\n<p>\u2013 Napravljen od ekolo\u0161kog, prirodnog materijala koji se mo\u017ee reciklirati.<\/p>\n<p>\u2013 Izra\u0111en je od visokokvalitetnog materijala visoke postojanosti od 50\u00b0C do +80\u00b0C, koji se sam ne osloba\u0111a.<\/p>\n<p>\u2013 Ne gubi oblik.<\/p>\n<p>\u2013 Dubina: 3 \u2013 5 cm. (zavisi od modela vozila)<\/p>\n<p>\u2013 Debljina: 1,1-1,7 mm<\/p>\n<p>Zahvaljuju\u0107i robusnoj strukturi karoserije, otporan je na sun\u010devu svetlost, ogrebotine, toplotu, hladno\u0107u i vodu.<\/p>\n<p>\u2013 Zahvaljuju\u0107i izbo\u010denju barijere od otprilike 3-5 cm na bo\u010dnim povr\u0161inama bazena za prtljag, za\u0161ti\u0107ena je voda, pra\u0161ina, blato itd. koji mo\u017ee iza\u0107i iz prtlja\u017enika. Sprje\u010dava tvarima da zagade va\u0161e vozilo.<\/p>\n<p>\u2013 Osigurava da je prtlja\u017enik va\u0161eg vozila \u010dist i uredan.<\/p>\n<p>\u2013 Ne stvrdnjava i ne puca na hladnom i vru\u0107em vremenu.<\/p>\n<p>\u2013 Zahvaljuju\u0107i svom neklizaju\u0107em materijalu, spre\u010dava da stvari koje stavite u svoj prtljag ne lutaju.<\/p>\n<p>\u2013 Prakti\u010dno i lako se pere i brzo se su\u0161i.<\/p>\n<p>\u2013 Svojim elegantnim dizajnom dodaje estetiku prtlja\u017eniku va\u0161eg vozila.<\/p>\n<p>\u2013 Prakti\u010dan i lak na\u010din pranja, brzo se su\u0161i<\/p>\n<p>\u2013 Ne zahteva profesionalizam, li\u010dni prakti\u010dan proizvod<\/p>\n<p>\u2013 Radi se o originalnom proizvodu koji je u potpunosti kompatibilan sa modelom vozila.<\/p>\n","protected":false},"featured_media":793049605,"comment_status":"open","ping_status":"closed","template":"","meta":{"_acf_changed":false,"inline_featured_image":false},"product_brand":[],"product_cat":[161],"product_tag":[],"class_list":{"0":"post-793049603","1":"product","2":"type-product","3":"status-publish","4":"has-post-thumbnail","6":"product_cat-podmetaci-za-gepek-tipski","8":"first","9":"instock","10":"taxable","11":"shipping-taxable","12":"purchasable","13":"product-type-simple"},"acf":[],"custom_product_id":"14556","_links":{"self":[{"href":"https:\/\/autostil.ba\/maloprodaja\/wp-json\/wp\/v2\/product\/793049603","targetHints":{"allow":["GET"]}}],"collection":[{"href":"https:\/\/autostil.ba\/maloprodaja\/wp-json\/wp\/v2\/product"}],"about":[{"href":"https:\/\/autostil.ba\/maloprodaja\/wp-json\/wp\/v2\/types\/product"}],"replies":[{"embeddable":true,"href":"https:\/\/autostil.ba\/maloprodaja\/wp-json\/wp\/v2\/comments?post=793049603"}],"version-history":[{"count":2,"href":"https:\/\/autostil.ba\/maloprodaja\/wp-json\/wp\/v2\/product\/793049603\/revisions"}],"predecessor-version":[{"id":793057422,"href":"https:\/\/autostil.ba\/maloprodaja\/wp-json\/wp\/v2\/product\/793049603\/revisions\/793057422"}],"wp:featuredmedia":[{"embeddable":true,"href":"https:\/\/autostil.ba\/maloprodaja\/wp-json\/wp\/v2\/media\/793049605"}],"wp:attachment":[{"href":"https:\/\/autostil.ba\/maloprodaja\/wp-json\/wp\/v2\/media?parent=793049603"}],"wp:term":[{"taxonomy":"product_brand","embeddable":true,"href":"https:\/\/autostil.ba\/maloprodaja\/wp-json\/wp\/v2\/product_brand?post=793049603"},{"taxonomy":"product_cat","embeddable":true,"href":"https:\/\/autostil.ba\/maloprodaja\/wp-json\/wp\/v2\/product_cat?post=793049603"},{"taxonomy":"product_tag","embeddable":true,"href":"https:\/\/autostil.ba\/maloprodaja\/wp-json\/wp\/v2\/product_tag?post=793049603"}],"curies":[{"name":"wp","href":"https:\/\/api.w.org\/{rel}","templated":true}]}}