{"id":793049077,"date":"2026-03-20T13:49:35","date_gmt":"2026-03-20T11:49:35","guid":{"rendered":"https:\/\/autostil.ba\/maloprodaja\/?post_type=product&#038;p=793049077"},"modified":"2026-04-08T12:40:18","modified_gmt":"2026-04-08T10:40:18","slug":"kleme-klik-klak-2-1-12v","status":"publish","type":"product","link":"https:\/\/autostil.ba\/maloprodaja\/proizvod\/14512\/kleme-klik-klak-2-1-12v\/","title":{"rendered":"KLEME KLIK KLAK 2\/1 12V"},"content":{"rendered":"","protected":false},"excerpt":{"rendered":"<p>Opis proizvoda:<\/p>\n<p>STEZALJKE AKUMULATORA 12\/24V<\/p>\n<p>SET OD 2 KOMADA<\/p>\n<p>Samostezne stezaljke su proizvod koji \u0107e biti idealan za va\u0161 automobil. Omogu\u0107avaju brzo odvajanje baterije podizanjem plasti\u010dne poluge. Njihova instalacija je izuzetno jednostavna i brza. Sve \u0161to treba da uradite je da ponovo postavite kablove sa postoje\u0107ih stezaljki, a zatim ih postavite na igle baterije. Uklju\u010divanje i isklju\u010divanje automobila je izuzetno intuitivno i ne zahtijeva nikakav alat.<\/p>\n<p>&nbsp;<\/p>\n<p>&nbsp;<\/p>\n<p>SPECIFIKACIJE:<\/p>\n<p>-Namjena: 12 &#8211; 24 V instalacije<\/p>\n<p>-Dimenzije: 68 x 44 mm<\/p>\n<p>-Maksimalni trenutni kapacitet: 800 A<\/p>\n<p>&#8211; Pre\u010dnik pozitivne stege: 18,3 mm<\/p>\n<p>-Pre\u010dnik negativne stege: 17,9 mm<\/p>\n<p>-Materijal: mesing, \u010delik, plastika.<\/p>\n<p>&#8211; Tip igle: Euro-tip 1<\/p>\n","protected":false},"featured_media":793049079,"comment_status":"open","ping_status":"closed","template":"","meta":{"_acf_changed":false,"inline_featured_image":false},"product_brand":[],"product_cat":[47],"product_tag":[],"class_list":{"0":"post-793049077","1":"product","2":"type-product","3":"status-publish","4":"has-post-thumbnail","6":"product_cat-start-kablovi-i-kleme","8":"first","9":"instock","10":"taxable","11":"shipping-taxable","12":"purchasable","13":"product-type-simple"},"acf":[],"custom_product_id":"14512","_links":{"self":[{"href":"https:\/\/autostil.ba\/maloprodaja\/wp-json\/wp\/v2\/product\/793049077","targetHints":{"allow":["GET"]}}],"collection":[{"href":"https:\/\/autostil.ba\/maloprodaja\/wp-json\/wp\/v2\/product"}],"about":[{"href":"https:\/\/autostil.ba\/maloprodaja\/wp-json\/wp\/v2\/types\/product"}],"replies":[{"embeddable":true,"href":"https:\/\/autostil.ba\/maloprodaja\/wp-json\/wp\/v2\/comments?post=793049077"}],"version-history":[{"count":1,"href":"https:\/\/autostil.ba\/maloprodaja\/wp-json\/wp\/v2\/product\/793049077\/revisions"}],"predecessor-version":[{"id":793049078,"href":"https:\/\/autostil.ba\/maloprodaja\/wp-json\/wp\/v2\/product\/793049077\/revisions\/793049078"}],"wp:featuredmedia":[{"embeddable":true,"href":"https:\/\/autostil.ba\/maloprodaja\/wp-json\/wp\/v2\/media\/793049079"}],"wp:attachment":[{"href":"https:\/\/autostil.ba\/maloprodaja\/wp-json\/wp\/v2\/media?parent=793049077"}],"wp:term":[{"taxonomy":"product_brand","embeddable":true,"href":"https:\/\/autostil.ba\/maloprodaja\/wp-json\/wp\/v2\/product_brand?post=793049077"},{"taxonomy":"product_cat","embeddable":true,"href":"https:\/\/autostil.ba\/maloprodaja\/wp-json\/wp\/v2\/product_cat?post=793049077"},{"taxonomy":"product_tag","embeddable":true,"href":"https:\/\/autostil.ba\/maloprodaja\/wp-json\/wp\/v2\/product_tag?post=793049077"}],"curies":[{"name":"wp","href":"https:\/\/api.w.org\/{rel}","templated":true}]}}