{"id":793048665,"date":"2026-02-13T12:27:32","date_gmt":"2026-02-13T10:27:32","guid":{"rendered":"https:\/\/autostil.ba\/maloprodaja\/?post_type=product&#038;p=793048665"},"modified":"2026-04-08T12:37:27","modified_gmt":"2026-04-08T10:37:27","slug":"auto-patosnice-gumene-tipske-bmw-5-g30-g31-2017-2023-3d-duboke-rizline","status":"publish","type":"product","link":"https:\/\/autostil.ba\/maloprodaja\/proizvod\/14226\/auto-patosnice-gumene-tipske-bmw-5-g30-g31-2017-2023-3d-duboke-rizline\/","title":{"rendered":"AUTO PATOSNICE GUMENE TIPSKE BMW 5 G30\/G31 2017-2023 (3d duboke rizline)"},"content":{"rendered":"","protected":false},"excerpt":{"rendered":"<p>Proizveden je od higijenske termogume visoke tehnologije, u skladu sa me\u0111unarodnim standardima kvaliteta. Posjeduje zdravstveno-higijenski certifikat i certifikat o uskla\u0111enosti. Ne izaziva alergije. Ne miri\u0161e. Ne deformi\u0161e se. Napravljen od ekolo\u0161kog, prirodnog materijala koji se mo\u017ee reciklirati. Izra\u0111en je od kvalitetnog materijala koji ima visoku izdr\u017eljivost od -50\u00b0C do +80\u00b0C i ne osloba\u0111a se sam. Ne gubi oblik. Ima otvore za fiksiranje. Proizveden je prema tipu vozila za koje je namjenje. \u0160titi tepih va\u0161eg vozila od prljav\u0161tine kao \u0161to su voda, pra\u0161ina i blato itd. Lako se \u010disti vodom. Ovisno o vozilu, njegov poseban jezi\u010dak lijevog oslonca za noge i njegov oblik koji se uklapa ispod pedale osigurava sigurnost u vo\u017enji.<\/p>\n","protected":false},"featured_media":793048667,"comment_status":"open","ping_status":"closed","template":"","meta":{"_acf_changed":false,"inline_featured_image":false},"product_brand":[],"product_cat":[30],"product_tag":[],"class_list":{"0":"post-793048665","1":"product","2":"type-product","3":"status-publish","4":"has-post-thumbnail","6":"product_cat-auto-patosnice-tipske","8":"first","9":"instock","10":"taxable","11":"shipping-taxable","12":"purchasable","13":"product-type-simple"},"acf":[],"custom_product_id":"14226","_links":{"self":[{"href":"https:\/\/autostil.ba\/maloprodaja\/wp-json\/wp\/v2\/product\/793048665","targetHints":{"allow":["GET"]}}],"collection":[{"href":"https:\/\/autostil.ba\/maloprodaja\/wp-json\/wp\/v2\/product"}],"about":[{"href":"https:\/\/autostil.ba\/maloprodaja\/wp-json\/wp\/v2\/types\/product"}],"replies":[{"embeddable":true,"href":"https:\/\/autostil.ba\/maloprodaja\/wp-json\/wp\/v2\/comments?post=793048665"}],"version-history":[{"count":1,"href":"https:\/\/autostil.ba\/maloprodaja\/wp-json\/wp\/v2\/product\/793048665\/revisions"}],"predecessor-version":[{"id":793048666,"href":"https:\/\/autostil.ba\/maloprodaja\/wp-json\/wp\/v2\/product\/793048665\/revisions\/793048666"}],"wp:featuredmedia":[{"embeddable":true,"href":"https:\/\/autostil.ba\/maloprodaja\/wp-json\/wp\/v2\/media\/793048667"}],"wp:attachment":[{"href":"https:\/\/autostil.ba\/maloprodaja\/wp-json\/wp\/v2\/media?parent=793048665"}],"wp:term":[{"taxonomy":"product_brand","embeddable":true,"href":"https:\/\/autostil.ba\/maloprodaja\/wp-json\/wp\/v2\/product_brand?post=793048665"},{"taxonomy":"product_cat","embeddable":true,"href":"https:\/\/autostil.ba\/maloprodaja\/wp-json\/wp\/v2\/product_cat?post=793048665"},{"taxonomy":"product_tag","embeddable":true,"href":"https:\/\/autostil.ba\/maloprodaja\/wp-json\/wp\/v2\/product_tag?post=793048665"}],"curies":[{"name":"wp","href":"https:\/\/api.w.org\/{rel}","templated":true}]}}