{"id":793047524,"date":"2024-12-04T11:56:25","date_gmt":"2024-12-04T09:56:25","guid":{"rendered":"https:\/\/autostil.ba\/maloprodaja\/?post_type=product&#038;p=793047524"},"modified":"2026-04-08T12:36:46","modified_gmt":"2026-04-08T10:36:46","slug":"cistac-leda-sa-spuzvastom-drskom-asy","status":"publish","type":"product","link":"https:\/\/autostil.ba\/maloprodaja\/proizvod\/14152\/cistac-leda-sa-spuzvastom-drskom-asy\/","title":{"rendered":"\u010cISTA\u010c LEDA SA SPU\u017dVASTOM DR\u0160KOM ASY"},"content":{"rendered":"","protected":false},"excerpt":{"rendered":"<p>\u010cISTA\u010c LEDA SA SPU\u017dVASTOM DR\u0160KOM ASY<\/p>\n","protected":false},"featured_media":793047526,"comment_status":"open","ping_status":"closed","template":"","meta":{"_acf_changed":false,"inline_featured_image":false},"product_brand":[],"product_cat":[107],"product_tag":[],"class_list":{"0":"post-793047524","1":"product","2":"type-product","3":"status-publish","4":"has-post-thumbnail","6":"product_cat-cistaci-za-snijeg-i-led","8":"first","9":"instock","10":"taxable","11":"shipping-taxable","12":"purchasable","13":"product-type-simple"},"acf":[],"custom_product_id":"14152","_links":{"self":[{"href":"https:\/\/autostil.ba\/maloprodaja\/wp-json\/wp\/v2\/product\/793047524","targetHints":{"allow":["GET"]}}],"collection":[{"href":"https:\/\/autostil.ba\/maloprodaja\/wp-json\/wp\/v2\/product"}],"about":[{"href":"https:\/\/autostil.ba\/maloprodaja\/wp-json\/wp\/v2\/types\/product"}],"replies":[{"embeddable":true,"href":"https:\/\/autostil.ba\/maloprodaja\/wp-json\/wp\/v2\/comments?post=793047524"}],"version-history":[{"count":1,"href":"https:\/\/autostil.ba\/maloprodaja\/wp-json\/wp\/v2\/product\/793047524\/revisions"}],"predecessor-version":[{"id":793047525,"href":"https:\/\/autostil.ba\/maloprodaja\/wp-json\/wp\/v2\/product\/793047524\/revisions\/793047525"}],"wp:featuredmedia":[{"embeddable":true,"href":"https:\/\/autostil.ba\/maloprodaja\/wp-json\/wp\/v2\/media\/793047526"}],"wp:attachment":[{"href":"https:\/\/autostil.ba\/maloprodaja\/wp-json\/wp\/v2\/media?parent=793047524"}],"wp:term":[{"taxonomy":"product_brand","embeddable":true,"href":"https:\/\/autostil.ba\/maloprodaja\/wp-json\/wp\/v2\/product_brand?post=793047524"},{"taxonomy":"product_cat","embeddable":true,"href":"https:\/\/autostil.ba\/maloprodaja\/wp-json\/wp\/v2\/product_cat?post=793047524"},{"taxonomy":"product_tag","embeddable":true,"href":"https:\/\/autostil.ba\/maloprodaja\/wp-json\/wp\/v2\/product_tag?post=793047524"}],"curies":[{"name":"wp","href":"https:\/\/api.w.org\/{rel}","templated":true}]}}