{"id":793046861,"date":"2024-11-08T16:23:09","date_gmt":"2024-11-08T14:23:09","guid":{"rendered":"https:\/\/autostil.ba\/maloprodaja\/?post_type=product&#038;p=793046861"},"modified":"2026-04-08T12:36:22","modified_gmt":"2026-04-08T10:36:22","slug":"led-bar-a-10-30v-36w-190x86x80mm","status":"publish","type":"product","link":"https:\/\/autostil.ba\/maloprodaja\/proizvod\/14111\/led-bar-a-10-30v-36w-190x86x80mm\/","title":{"rendered":"LED BAR A 10-30V 36W 190x86x80mm"},"content":{"rendered":"","protected":false},"excerpt":{"rendered":"<p>Led dnevna svjetla za auto, pove\u0107avaju sigurnost vo\u017enje. Led lampe koriste manje energije nego klasi\u010dna kratka svjetla. Umjerena svjetlost koja ne stvara odsjaj. Ugradnjom ovih svjetala va\u0161e vozilo dobija atraktivniji izgled, a prikladna su za sve modele automobila.<\/p>\n","protected":false},"featured_media":793046863,"comment_status":"open","ping_status":"closed","template":"","meta":{"_acf_changed":false,"inline_featured_image":false},"product_brand":[],"product_cat":[169],"product_tag":[],"class_list":{"0":"post-793046861","1":"product","2":"type-product","3":"status-publish","4":"has-post-thumbnail","6":"product_cat-led-barovi","8":"first","9":"instock","10":"sale","11":"taxable","12":"shipping-taxable","13":"purchasable","14":"product-type-simple"},"acf":[],"custom_product_id":"14111","_links":{"self":[{"href":"https:\/\/autostil.ba\/maloprodaja\/wp-json\/wp\/v2\/product\/793046861","targetHints":{"allow":["GET"]}}],"collection":[{"href":"https:\/\/autostil.ba\/maloprodaja\/wp-json\/wp\/v2\/product"}],"about":[{"href":"https:\/\/autostil.ba\/maloprodaja\/wp-json\/wp\/v2\/types\/product"}],"replies":[{"embeddable":true,"href":"https:\/\/autostil.ba\/maloprodaja\/wp-json\/wp\/v2\/comments?post=793046861"}],"version-history":[{"count":1,"href":"https:\/\/autostil.ba\/maloprodaja\/wp-json\/wp\/v2\/product\/793046861\/revisions"}],"predecessor-version":[{"id":793046862,"href":"https:\/\/autostil.ba\/maloprodaja\/wp-json\/wp\/v2\/product\/793046861\/revisions\/793046862"}],"wp:featuredmedia":[{"embeddable":true,"href":"https:\/\/autostil.ba\/maloprodaja\/wp-json\/wp\/v2\/media\/793046863"}],"wp:attachment":[{"href":"https:\/\/autostil.ba\/maloprodaja\/wp-json\/wp\/v2\/media?parent=793046861"}],"wp:term":[{"taxonomy":"product_brand","embeddable":true,"href":"https:\/\/autostil.ba\/maloprodaja\/wp-json\/wp\/v2\/product_brand?post=793046861"},{"taxonomy":"product_cat","embeddable":true,"href":"https:\/\/autostil.ba\/maloprodaja\/wp-json\/wp\/v2\/product_cat?post=793046861"},{"taxonomy":"product_tag","embeddable":true,"href":"https:\/\/autostil.ba\/maloprodaja\/wp-json\/wp\/v2\/product_tag?post=793046861"}],"curies":[{"name":"wp","href":"https:\/\/api.w.org\/{rel}","templated":true}]}}