{"id":793046852,"date":"2025-03-28T11:53:10","date_gmt":"2025-03-28T09:53:10","guid":{"rendered":"https:\/\/autostil.ba\/maloprodaja\/?post_type=product&#038;p=793046852"},"modified":"2026-04-08T12:36:22","modified_gmt":"2026-04-08T10:36:22","slug":"rucka-mjenjaca-asy-fiat-punto-2","status":"publish","type":"product","link":"https:\/\/autostil.ba\/maloprodaja\/proizvod\/14114\/rucka-mjenjaca-asy-fiat-punto-2\/","title":{"rendered":"RU\u010cKA MJENJA\u010cA ASY FIAT PUNTO 2"},"content":{"rendered":"","protected":false},"excerpt":{"rendered":"<p>RU\u010cKA MJENJA\u010cA ASY FIAT PUNTO 2<\/p>\n","protected":false},"featured_media":793046854,"comment_status":"open","ping_status":"closed","template":"","meta":{"_acf_changed":false,"inline_featured_image":false},"product_brand":[],"product_cat":[899],"product_tag":[],"class_list":{"0":"post-793046852","1":"product","2":"type-product","3":"status-publish","4":"has-post-thumbnail","6":"product_cat-rucice-mjenjaca","8":"first","9":"instock","10":"taxable","11":"shipping-taxable","12":"purchasable","13":"product-type-simple"},"acf":[],"custom_product_id":"14114","_links":{"self":[{"href":"https:\/\/autostil.ba\/maloprodaja\/wp-json\/wp\/v2\/product\/793046852","targetHints":{"allow":["GET"]}}],"collection":[{"href":"https:\/\/autostil.ba\/maloprodaja\/wp-json\/wp\/v2\/product"}],"about":[{"href":"https:\/\/autostil.ba\/maloprodaja\/wp-json\/wp\/v2\/types\/product"}],"replies":[{"embeddable":true,"href":"https:\/\/autostil.ba\/maloprodaja\/wp-json\/wp\/v2\/comments?post=793046852"}],"version-history":[{"count":1,"href":"https:\/\/autostil.ba\/maloprodaja\/wp-json\/wp\/v2\/product\/793046852\/revisions"}],"predecessor-version":[{"id":793046853,"href":"https:\/\/autostil.ba\/maloprodaja\/wp-json\/wp\/v2\/product\/793046852\/revisions\/793046853"}],"wp:featuredmedia":[{"embeddable":true,"href":"https:\/\/autostil.ba\/maloprodaja\/wp-json\/wp\/v2\/media\/793046854"}],"wp:attachment":[{"href":"https:\/\/autostil.ba\/maloprodaja\/wp-json\/wp\/v2\/media?parent=793046852"}],"wp:term":[{"taxonomy":"product_brand","embeddable":true,"href":"https:\/\/autostil.ba\/maloprodaja\/wp-json\/wp\/v2\/product_brand?post=793046852"},{"taxonomy":"product_cat","embeddable":true,"href":"https:\/\/autostil.ba\/maloprodaja\/wp-json\/wp\/v2\/product_cat?post=793046852"},{"taxonomy":"product_tag","embeddable":true,"href":"https:\/\/autostil.ba\/maloprodaja\/wp-json\/wp\/v2\/product_tag?post=793046852"}],"curies":[{"name":"wp","href":"https:\/\/api.w.org\/{rel}","templated":true}]}}