{"id":793046846,"date":"2024-11-08T16:41:00","date_gmt":"2024-11-08T14:41:00","guid":{"rendered":"https:\/\/autostil.ba\/maloprodaja\/?post_type=product&#038;p=793046846"},"modified":"2026-04-08T12:36:22","modified_gmt":"2026-04-08T10:36:22","slug":"rucka-mjenjaca-sa-kozom-asy-tipska-skoda-octavia-3-2013-2019-5-brzina","status":"publish","type":"product","link":"https:\/\/autostil.ba\/maloprodaja\/proizvod\/14116\/rucka-mjenjaca-sa-kozom-asy-tipska-skoda-octavia-3-2013-2019-5-brzina\/","title":{"rendered":"RU\u010cKA MJENJA\u010cA SA KO\u017dOM ASY TIPSKA \u0160KODA OCTAVIA (3) 2013-2019 (5 BRZINA)"},"content":{"rendered":"","protected":false},"excerpt":{"rendered":"<p>RU\u010cKA MJENJA\u010cA SA KO\u017dOM ASY TIPSKA \u0160KODA OCTAVIA (3) 2013-2019 (5 BRZINA)<\/p>\n","protected":false},"featured_media":793046848,"comment_status":"open","ping_status":"closed","template":"","meta":{"_acf_changed":false,"inline_featured_image":false},"product_brand":[],"product_cat":[900],"product_tag":[],"class_list":{"0":"post-793046846","1":"product","2":"type-product","3":"status-publish","4":"has-post-thumbnail","6":"product_cat-rucice-mjenjaca-sa-kozom","8":"first","9":"instock","10":"taxable","11":"shipping-taxable","12":"purchasable","13":"product-type-simple"},"acf":[],"custom_product_id":"14116","_links":{"self":[{"href":"https:\/\/autostil.ba\/maloprodaja\/wp-json\/wp\/v2\/product\/793046846","targetHints":{"allow":["GET"]}}],"collection":[{"href":"https:\/\/autostil.ba\/maloprodaja\/wp-json\/wp\/v2\/product"}],"about":[{"href":"https:\/\/autostil.ba\/maloprodaja\/wp-json\/wp\/v2\/types\/product"}],"replies":[{"embeddable":true,"href":"https:\/\/autostil.ba\/maloprodaja\/wp-json\/wp\/v2\/comments?post=793046846"}],"version-history":[{"count":2,"href":"https:\/\/autostil.ba\/maloprodaja\/wp-json\/wp\/v2\/product\/793046846\/revisions"}],"predecessor-version":[{"id":793056921,"href":"https:\/\/autostil.ba\/maloprodaja\/wp-json\/wp\/v2\/product\/793046846\/revisions\/793056921"}],"wp:featuredmedia":[{"embeddable":true,"href":"https:\/\/autostil.ba\/maloprodaja\/wp-json\/wp\/v2\/media\/793046848"}],"wp:attachment":[{"href":"https:\/\/autostil.ba\/maloprodaja\/wp-json\/wp\/v2\/media?parent=793046846"}],"wp:term":[{"taxonomy":"product_brand","embeddable":true,"href":"https:\/\/autostil.ba\/maloprodaja\/wp-json\/wp\/v2\/product_brand?post=793046846"},{"taxonomy":"product_cat","embeddable":true,"href":"https:\/\/autostil.ba\/maloprodaja\/wp-json\/wp\/v2\/product_cat?post=793046846"},{"taxonomy":"product_tag","embeddable":true,"href":"https:\/\/autostil.ba\/maloprodaja\/wp-json\/wp\/v2\/product_tag?post=793046846"}],"curies":[{"name":"wp","href":"https:\/\/api.w.org\/{rel}","templated":true}]}}