{"id":793046782,"date":"2025-10-14T11:24:08","date_gmt":"2025-10-14T09:24:08","guid":{"rendered":"https:\/\/autostil.ba\/maloprodaja\/?post_type=product&#038;p=793046782"},"modified":"2026-04-08T11:46:44","modified_gmt":"2026-04-08T09:46:44","slug":"aditiv-za-ciscenje-dpf-filtera-250ml-bizol","status":"publish","type":"product","link":"https:\/\/autostil.ba\/maloprodaja\/proizvod\/13027\/aditiv-za-ciscenje-dpf-filtera-250ml-bizol\/","title":{"rendered":"ADITIV ZA \u010cI\u0160\u0106ENJE DPF FILTERA 250ml BIZOL"},"content":{"rendered":"","protected":false},"excerpt":{"rendered":"<p>BIZOL DPF Regeneration + d61 je mo\u0107an aditiv za preventivnu mjeru dizajniran da produ\u017ei vijek trajanja dizel filtera \u010destica u bilo kojem dizel motoru. Smanjuje nakupljanje \u010da\u0111i i osigurava kontinuiranu regeneraciju DPF-a, posebno na kratkim udaljenostima i gradskom saobra\u0107aju.<\/p>\n","protected":false},"featured_media":793046784,"comment_status":"open","ping_status":"closed","template":"","meta":{"_acf_changed":false,"inline_featured_image":false},"product_brand":[],"product_cat":[69],"product_tag":[],"class_list":{"0":"post-793046782","1":"product","2":"type-product","3":"status-publish","4":"has-post-thumbnail","6":"product_cat-aditivi","8":"first","9":"instock","10":"taxable","11":"shipping-taxable","12":"purchasable","13":"product-type-simple"},"acf":[],"custom_product_id":"13027","_links":{"self":[{"href":"https:\/\/autostil.ba\/maloprodaja\/wp-json\/wp\/v2\/product\/793046782","targetHints":{"allow":["GET"]}}],"collection":[{"href":"https:\/\/autostil.ba\/maloprodaja\/wp-json\/wp\/v2\/product"}],"about":[{"href":"https:\/\/autostil.ba\/maloprodaja\/wp-json\/wp\/v2\/types\/product"}],"replies":[{"embeddable":true,"href":"https:\/\/autostil.ba\/maloprodaja\/wp-json\/wp\/v2\/comments?post=793046782"}],"version-history":[{"count":4,"href":"https:\/\/autostil.ba\/maloprodaja\/wp-json\/wp\/v2\/product\/793046782\/revisions"}],"predecessor-version":[{"id":793046876,"href":"https:\/\/autostil.ba\/maloprodaja\/wp-json\/wp\/v2\/product\/793046782\/revisions\/793046876"}],"wp:featuredmedia":[{"embeddable":true,"href":"https:\/\/autostil.ba\/maloprodaja\/wp-json\/wp\/v2\/media\/793046784"}],"wp:attachment":[{"href":"https:\/\/autostil.ba\/maloprodaja\/wp-json\/wp\/v2\/media?parent=793046782"}],"wp:term":[{"taxonomy":"product_brand","embeddable":true,"href":"https:\/\/autostil.ba\/maloprodaja\/wp-json\/wp\/v2\/product_brand?post=793046782"},{"taxonomy":"product_cat","embeddable":true,"href":"https:\/\/autostil.ba\/maloprodaja\/wp-json\/wp\/v2\/product_cat?post=793046782"},{"taxonomy":"product_tag","embeddable":true,"href":"https:\/\/autostil.ba\/maloprodaja\/wp-json\/wp\/v2\/product_tag?post=793046782"}],"curies":[{"name":"wp","href":"https:\/\/api.w.org\/{rel}","templated":true}]}}