{"id":793046694,"date":"2024-11-07T11:06:36","date_gmt":"2024-11-07T09:06:36","guid":{"rendered":"https:\/\/autostil.ba\/maloprodaja\/?post_type=product&#038;p=793046694"},"modified":"2026-04-08T12:36:02","modified_gmt":"2026-04-08T10:36:02","slug":"navlaka-za-kljuc-silikonska-vw-tip-6-crna-dvije-tipke","status":"publish","type":"product","link":"https:\/\/autostil.ba\/maloprodaja\/proizvod\/14085\/navlaka-za-kljuc-silikonska-vw-tip-6-crna-dvije-tipke\/","title":{"rendered":"NAVLAKA ZA KLJU\u010c SILIKONSKA VW TIP 6 CRNA (DVIJE TIPKE)"},"content":{"rendered":"","protected":false},"excerpt":{"rendered":"<p>Silikonska navlaka \u0161titi klju\u010d automobila od habanja i spolja\u0161njih uticaja, a pored toga mo\u017ee da bude i upe\u010datljiv modni detalj. Napravljena je od kvalitetnog silikona i veoma je prakti\u010dna i laka za postavljanje.<\/p>\n<p>&nbsp;<\/p>\n<p>Odgovara na modele: POLO, GOLF, SHARAN, TRANSPORTER&#8230;<\/p>\n","protected":false},"featured_media":793046696,"comment_status":"open","ping_status":"closed","template":"","meta":{"_acf_changed":false,"inline_featured_image":false},"product_brand":[],"product_cat":[896],"product_tag":[],"class_list":{"0":"post-793046694","1":"product","2":"type-product","3":"status-publish","4":"has-post-thumbnail","6":"product_cat-navlake-za-kljuceve","8":"first","9":"instock","10":"taxable","11":"shipping-taxable","12":"purchasable","13":"product-type-simple"},"acf":[],"custom_product_id":"14085","_links":{"self":[{"href":"https:\/\/autostil.ba\/maloprodaja\/wp-json\/wp\/v2\/product\/793046694","targetHints":{"allow":["GET"]}}],"collection":[{"href":"https:\/\/autostil.ba\/maloprodaja\/wp-json\/wp\/v2\/product"}],"about":[{"href":"https:\/\/autostil.ba\/maloprodaja\/wp-json\/wp\/v2\/types\/product"}],"replies":[{"embeddable":true,"href":"https:\/\/autostil.ba\/maloprodaja\/wp-json\/wp\/v2\/comments?post=793046694"}],"version-history":[{"count":1,"href":"https:\/\/autostil.ba\/maloprodaja\/wp-json\/wp\/v2\/product\/793046694\/revisions"}],"predecessor-version":[{"id":793046695,"href":"https:\/\/autostil.ba\/maloprodaja\/wp-json\/wp\/v2\/product\/793046694\/revisions\/793046695"}],"wp:featuredmedia":[{"embeddable":true,"href":"https:\/\/autostil.ba\/maloprodaja\/wp-json\/wp\/v2\/media\/793046696"}],"wp:attachment":[{"href":"https:\/\/autostil.ba\/maloprodaja\/wp-json\/wp\/v2\/media?parent=793046694"}],"wp:term":[{"taxonomy":"product_brand","embeddable":true,"href":"https:\/\/autostil.ba\/maloprodaja\/wp-json\/wp\/v2\/product_brand?post=793046694"},{"taxonomy":"product_cat","embeddable":true,"href":"https:\/\/autostil.ba\/maloprodaja\/wp-json\/wp\/v2\/product_cat?post=793046694"},{"taxonomy":"product_tag","embeddable":true,"href":"https:\/\/autostil.ba\/maloprodaja\/wp-json\/wp\/v2\/product_tag?post=793046694"}],"curies":[{"name":"wp","href":"https:\/\/api.w.org\/{rel}","templated":true}]}}