{"id":793046656,"date":"2025-03-28T14:24:10","date_gmt":"2025-03-28T12:24:10","guid":{"rendered":"https:\/\/autostil.ba\/maloprodaja\/?post_type=product&#038;p=793046656"},"modified":"2026-04-08T12:35:49","modified_gmt":"2026-04-08T10:35:49","slug":"navlaka-za-kljuc-silikonska-peugeot-tip-3-crna-tri-tipke","status":"publish","type":"product","link":"https:\/\/autostil.ba\/maloprodaja\/proizvod\/14064\/navlaka-za-kljuc-silikonska-peugeot-tip-3-crna-tri-tipke\/","title":{"rendered":"NAVLAKA ZA KLJU\u010c SILIKONSKA PEUGEOT \/ CITROEN TIP 3 CRNA (TRI TIPKE)"},"content":{"rendered":"","protected":false},"excerpt":{"rendered":"<p>Silikonska navlaka \u0161titi klju\u010d automobila od habanja i spolja\u0161njih uticaja, a pored toga mo\u017ee da bude i upe\u010datljiv modni detalj. Napravljena je od kvalitetnog silikona i veoma je prakti\u010dna i laka za postavljanje.<\/p>\n<p>&nbsp;<\/p>\n<p>Odgovara na modele:<\/p>\n<p>PEUGEOT: 301, 408, 508, 2008, 3008&#8230;<\/p>\n<p>CITROEN: C3, C4, C4 CACTUS, C5\u2026<\/p>\n","protected":false},"featured_media":793046654,"comment_status":"open","ping_status":"closed","template":"","meta":{"_acf_changed":false,"inline_featured_image":false},"product_brand":[],"product_cat":[896],"product_tag":[],"class_list":{"0":"post-793046656","1":"product","2":"type-product","3":"status-publish","4":"has-post-thumbnail","6":"product_cat-navlake-za-kljuceve","8":"first","9":"instock","10":"taxable","11":"shipping-taxable","12":"purchasable","13":"product-type-simple"},"acf":[],"custom_product_id":"14064","_links":{"self":[{"href":"https:\/\/autostil.ba\/maloprodaja\/wp-json\/wp\/v2\/product\/793046656","targetHints":{"allow":["GET"]}}],"collection":[{"href":"https:\/\/autostil.ba\/maloprodaja\/wp-json\/wp\/v2\/product"}],"about":[{"href":"https:\/\/autostil.ba\/maloprodaja\/wp-json\/wp\/v2\/types\/product"}],"replies":[{"embeddable":true,"href":"https:\/\/autostil.ba\/maloprodaja\/wp-json\/wp\/v2\/comments?post=793046656"}],"version-history":[{"count":2,"href":"https:\/\/autostil.ba\/maloprodaja\/wp-json\/wp\/v2\/product\/793046656\/revisions"}],"predecessor-version":[{"id":793049354,"href":"https:\/\/autostil.ba\/maloprodaja\/wp-json\/wp\/v2\/product\/793046656\/revisions\/793049354"}],"wp:featuredmedia":[{"embeddable":true,"href":"https:\/\/autostil.ba\/maloprodaja\/wp-json\/wp\/v2\/media\/793046654"}],"wp:attachment":[{"href":"https:\/\/autostil.ba\/maloprodaja\/wp-json\/wp\/v2\/media?parent=793046656"}],"wp:term":[{"taxonomy":"product_brand","embeddable":true,"href":"https:\/\/autostil.ba\/maloprodaja\/wp-json\/wp\/v2\/product_brand?post=793046656"},{"taxonomy":"product_cat","embeddable":true,"href":"https:\/\/autostil.ba\/maloprodaja\/wp-json\/wp\/v2\/product_cat?post=793046656"},{"taxonomy":"product_tag","embeddable":true,"href":"https:\/\/autostil.ba\/maloprodaja\/wp-json\/wp\/v2\/product_tag?post=793046656"}],"curies":[{"name":"wp","href":"https:\/\/api.w.org\/{rel}","templated":true}]}}