{"id":793046180,"date":"2025-07-08T14:52:38","date_gmt":"2025-07-08T12:52:38","guid":{"rendered":"https:\/\/autostil.ba\/maloprodaja\/?post_type=product&#038;p=793046180"},"modified":"2026-04-08T12:35:25","modified_gmt":"2026-04-08T10:35:25","slug":"nosac-za-bicikl-krovni-metalni-g3-1-bicikl","status":"publish","type":"product","link":"https:\/\/autostil.ba\/maloprodaja\/proizvod\/14020\/nosac-za-bicikl-krovni-metalni-g3-1-bicikl\/","title":{"rendered":"NOSA\u010c ZA BICIKL KROVNI METALNI G3 (1 BICIKL)"},"content":{"rendered":"","protected":false},"excerpt":{"rendered":"<p><strong>Tehni\u010dki podaci:<\/strong><\/p>\n<pre id=\"tw-target-text\" class=\"tw-data-text tw-text-large tw-ta\" dir=\"ltr\" data-placeholder=\"Translation\" data-ved=\"2ahUKEwij8_WSkqmJAxVV2AIHHarxA9cQ3ewLegQIChAU\" aria-label=\"Translated text: Izuzetno jaka stezaljka; Sistem za zaklju\u010davanje; Dva komada V tacne za lak transport i skladi\u0161tenje; U punoj boji i kompaktnoj kutiji; Dvostruko siguran sa dodatnom sigurnosnom trakom; Svi dijelovi od \u017eeljeza su tretirani protiv r\u0111e; Svi kontaktni dijelovi od gume; Trake testirane na 150 kg svaka.\"><span class=\"Y2IQFc\" lang=\"bs\"> - Izuzetno jaka stezaljka\r\n - Sistem za zaklju\u010davanje\r\n - Dva komada V tacne za lak transport i skladi\u0161tenje\r\n - U punoj boji i kompaktnoj kutiji\r\n - Dvostruko siguran sa dodatnom sigurnosnom trakom\r\n - Svi dijelovi od \u017eeljeza su tretirani protiv r\u0111e\r\n - Svi kontaktni dijelovi od gume\r\n - Trake testirane na 150 kg svaka\r\n - Max. optere\u0107enje: 15 kg\r\n - Materijal: \u010delik\r\n - Max. presjek rama bicikla: Okrugli 60 mm, ovalni 60x100 mm\r\n - Max. presjek to\u010dkova: 55 mm\r\n - Me\u0111uosovinsko rastojanje bicikla: 1250 mm\r\n - Max. bicikla: 1<\/span><\/pre>\n","protected":false},"featured_media":793046195,"comment_status":"open","ping_status":"closed","template":"","meta":{"_acf_changed":false,"inline_featured_image":false},"product_brand":[],"product_cat":[910],"product_tag":[],"class_list":{"0":"post-793046180","1":"product","2":"type-product","3":"status-publish","4":"has-post-thumbnail","6":"product_cat-nosaci-za-bicikl","8":"first","9":"instock","10":"taxable","11":"shipping-taxable","12":"purchasable","13":"product-type-simple"},"acf":[],"custom_product_id":"14020","_links":{"self":[{"href":"https:\/\/autostil.ba\/maloprodaja\/wp-json\/wp\/v2\/product\/793046180","targetHints":{"allow":["GET"]}}],"collection":[{"href":"https:\/\/autostil.ba\/maloprodaja\/wp-json\/wp\/v2\/product"}],"about":[{"href":"https:\/\/autostil.ba\/maloprodaja\/wp-json\/wp\/v2\/types\/product"}],"replies":[{"embeddable":true,"href":"https:\/\/autostil.ba\/maloprodaja\/wp-json\/wp\/v2\/comments?post=793046180"}],"version-history":[{"count":8,"href":"https:\/\/autostil.ba\/maloprodaja\/wp-json\/wp\/v2\/product\/793046180\/revisions"}],"predecessor-version":[{"id":793052262,"href":"https:\/\/autostil.ba\/maloprodaja\/wp-json\/wp\/v2\/product\/793046180\/revisions\/793052262"}],"wp:featuredmedia":[{"embeddable":true,"href":"https:\/\/autostil.ba\/maloprodaja\/wp-json\/wp\/v2\/media\/793046195"}],"wp:attachment":[{"href":"https:\/\/autostil.ba\/maloprodaja\/wp-json\/wp\/v2\/media?parent=793046180"}],"wp:term":[{"taxonomy":"product_brand","embeddable":true,"href":"https:\/\/autostil.ba\/maloprodaja\/wp-json\/wp\/v2\/product_brand?post=793046180"},{"taxonomy":"product_cat","embeddable":true,"href":"https:\/\/autostil.ba\/maloprodaja\/wp-json\/wp\/v2\/product_cat?post=793046180"},{"taxonomy":"product_tag","embeddable":true,"href":"https:\/\/autostil.ba\/maloprodaja\/wp-json\/wp\/v2\/product_tag?post=793046180"}],"curies":[{"name":"wp","href":"https:\/\/api.w.org\/{rel}","templated":true}]}}