{"id":793046154,"date":"2025-04-24T15:42:58","date_gmt":"2025-04-24T13:42:58","guid":{"rendered":"https:\/\/autostil.ba\/maloprodaja\/?post_type=product&#038;p=793046154"},"modified":"2026-04-08T12:35:25","modified_gmt":"2026-04-08T10:35:25","slug":"nosac-za-bicikl-metalni-za-dzipove-2-1-g3-montaza-na-rezervni-tocak","status":"publish","type":"product","link":"https:\/\/autostil.ba\/maloprodaja\/proizvod\/8076\/nosac-za-bicikl-metalni-za-dzipove-2-1-g3-montaza-na-rezervni-tocak\/","title":{"rendered":"NOSA\u010c ZA BICIKL METALNI ZA D\u017dIPOVE 2\/1 G3 (MONTA\u017dA NA REZERVNI TO\u010cAK)"},"content":{"rendered":"","protected":false},"excerpt":{"rendered":"<pre id=\"tw-target-text\" class=\"tw-data-text tw-text-large tw-ta\" dir=\"ltr\" data-placeholder=\"Translation\" data-ved=\"2ahUKEwij8_WSkqmJAxVV2AIHHarxA9cQ3ewLegQIChAU\" aria-label=\"Translated text: Pri\u010dvr\u0161\u0107ivanje na to\u010dak sa jednom ta\u010dkom za sidrenje; Jednostavan za sastavljanje; 2 zamjenjive varijante opreme: nosa\u010d za bicikl sa \u0161inom ( art.375\/A ) i nosa\u010d za skije\/snoubord ( 376\/A ); Sigurnosni remen za\u0161iven direktno na nosa\u010d bicikla.\"><span class=\"Y2IQFc\" lang=\"bs\">Pri\u010dvr\u0161\u0107ivanje na to\u010dak sa jednom ta\u010dkom za sidrenje;\r\nJednostavan za sastavljanje;\r\nSigurnosni remen za\u0161iven direktno na nosa\u010d bicikla.\r\n\r\n<strong>Tehni\u010dki podatci:<\/strong>\r\n - Neto te\u017eina: 5,5 kg\r\n - Bruto te\u017eina: 23,2 kg\r\n - Max. optere\u0107enje: 30 kg\r\n - Materijal: \u010delik\r\n - Max. bicikla: 2\r\n - Max. presjek to\u010dka: 70 mm<\/span><\/pre>\n","protected":false},"featured_media":793046199,"comment_status":"open","ping_status":"closed","template":"","meta":{"_acf_changed":false,"inline_featured_image":false},"product_brand":[],"product_cat":[910],"product_tag":[],"class_list":{"0":"post-793046154","1":"product","2":"type-product","3":"status-publish","4":"has-post-thumbnail","6":"product_cat-nosaci-za-bicikl","8":"first","9":"instock","10":"taxable","11":"shipping-taxable","12":"purchasable","13":"product-type-simple"},"acf":[],"custom_product_id":"8076","_links":{"self":[{"href":"https:\/\/autostil.ba\/maloprodaja\/wp-json\/wp\/v2\/product\/793046154","targetHints":{"allow":["GET"]}}],"collection":[{"href":"https:\/\/autostil.ba\/maloprodaja\/wp-json\/wp\/v2\/product"}],"about":[{"href":"https:\/\/autostil.ba\/maloprodaja\/wp-json\/wp\/v2\/types\/product"}],"replies":[{"embeddable":true,"href":"https:\/\/autostil.ba\/maloprodaja\/wp-json\/wp\/v2\/comments?post=793046154"}],"version-history":[{"count":5,"href":"https:\/\/autostil.ba\/maloprodaja\/wp-json\/wp\/v2\/product\/793046154\/revisions"}],"predecessor-version":[{"id":793046235,"href":"https:\/\/autostil.ba\/maloprodaja\/wp-json\/wp\/v2\/product\/793046154\/revisions\/793046235"}],"wp:featuredmedia":[{"embeddable":true,"href":"https:\/\/autostil.ba\/maloprodaja\/wp-json\/wp\/v2\/media\/793046199"}],"wp:attachment":[{"href":"https:\/\/autostil.ba\/maloprodaja\/wp-json\/wp\/v2\/media?parent=793046154"}],"wp:term":[{"taxonomy":"product_brand","embeddable":true,"href":"https:\/\/autostil.ba\/maloprodaja\/wp-json\/wp\/v2\/product_brand?post=793046154"},{"taxonomy":"product_cat","embeddable":true,"href":"https:\/\/autostil.ba\/maloprodaja\/wp-json\/wp\/v2\/product_cat?post=793046154"},{"taxonomy":"product_tag","embeddable":true,"href":"https:\/\/autostil.ba\/maloprodaja\/wp-json\/wp\/v2\/product_tag?post=793046154"}],"curies":[{"name":"wp","href":"https:\/\/api.w.org\/{rel}","templated":true}]}}