{"id":793046146,"date":"2024-10-25T10:49:38","date_gmt":"2024-10-25T08:49:38","guid":{"rendered":"https:\/\/autostil.ba\/maloprodaja\/?post_type=product&#038;p=793046146"},"modified":"2026-04-08T12:35:25","modified_gmt":"2026-04-08T10:35:25","slug":"poklopci-za-sipke-nosaca-g3-aluminijumske","status":"publish","type":"product","link":"https:\/\/autostil.ba\/maloprodaja\/proizvod\/14005\/poklopci-za-sipke-nosaca-g3-aluminijumske\/","title":{"rendered":"POKLOPCI ZA \u0160IPKE NOSA\u010cA G3 (ALUMINIJUMSKE)"},"content":{"rendered":"","protected":false},"excerpt":{"rendered":"<p>POKLOPCI ZA ALUMINIJUMSKE \u0160IPKE NOSA\u010cA G3.<\/p>\n<p>&nbsp;<\/p>\n<p>NAPOMENA: NE ODGOVARA ZA AERODINAMI\u010cKE ALUMINIJUMSKE \u0160IPKE !<\/p>\n","protected":false},"featured_media":793046225,"comment_status":"open","ping_status":"closed","template":"","meta":{"_acf_changed":false,"inline_featured_image":false},"product_brand":[],"product_cat":[173],"product_tag":[],"class_list":{"0":"post-793046146","1":"product","2":"type-product","3":"status-publish","4":"has-post-thumbnail","6":"product_cat-dodaci-i-rezervni-dijelovi","8":"first","9":"instock","10":"taxable","11":"shipping-taxable","12":"purchasable","13":"product-type-simple"},"acf":[],"custom_product_id":"14005","_links":{"self":[{"href":"https:\/\/autostil.ba\/maloprodaja\/wp-json\/wp\/v2\/product\/793046146","targetHints":{"allow":["GET"]}}],"collection":[{"href":"https:\/\/autostil.ba\/maloprodaja\/wp-json\/wp\/v2\/product"}],"about":[{"href":"https:\/\/autostil.ba\/maloprodaja\/wp-json\/wp\/v2\/types\/product"}],"replies":[{"embeddable":true,"href":"https:\/\/autostil.ba\/maloprodaja\/wp-json\/wp\/v2\/comments?post=793046146"}],"version-history":[{"count":3,"href":"https:\/\/autostil.ba\/maloprodaja\/wp-json\/wp\/v2\/product\/793046146\/revisions"}],"predecessor-version":[{"id":793046234,"href":"https:\/\/autostil.ba\/maloprodaja\/wp-json\/wp\/v2\/product\/793046146\/revisions\/793046234"}],"wp:featuredmedia":[{"embeddable":true,"href":"https:\/\/autostil.ba\/maloprodaja\/wp-json\/wp\/v2\/media\/793046225"}],"wp:attachment":[{"href":"https:\/\/autostil.ba\/maloprodaja\/wp-json\/wp\/v2\/media?parent=793046146"}],"wp:term":[{"taxonomy":"product_brand","embeddable":true,"href":"https:\/\/autostil.ba\/maloprodaja\/wp-json\/wp\/v2\/product_brand?post=793046146"},{"taxonomy":"product_cat","embeddable":true,"href":"https:\/\/autostil.ba\/maloprodaja\/wp-json\/wp\/v2\/product_cat?post=793046146"},{"taxonomy":"product_tag","embeddable":true,"href":"https:\/\/autostil.ba\/maloprodaja\/wp-json\/wp\/v2\/product_tag?post=793046146"}],"curies":[{"name":"wp","href":"https:\/\/api.w.org\/{rel}","templated":true}]}}