{"id":793046142,"date":"2025-04-25T08:39:57","date_gmt":"2025-04-25T06:39:57","guid":{"rendered":"https:\/\/autostil.ba\/maloprodaja\/?post_type=product&#038;p=793046142"},"modified":"2026-04-08T12:35:25","modified_gmt":"2026-04-08T10:35:25","slug":"bravica-sa-kljucevima-za-krovni-kofer-g3","status":"publish","type":"product","link":"https:\/\/autostil.ba\/maloprodaja\/proizvod\/8076\/bravica-sa-kljucevima-za-krovni-kofer-g3\/","title":{"rendered":"BRAVICA SA KLJU\u010cEVIMA ZA KROVNI KOFER G3"},"content":{"rendered":"","protected":false},"excerpt":{"rendered":"<p>BRAVICA SA KLJU\u010cEVIMA ZA KROVNI KOFER G3. Odgovara za slijede\u0107e kofere: 22165, 22172, 22175, 22182, 22185, 22204, 22205, 22214, 22215, 22216, 22255, 22294, 22294CAMOU, 22295, 22295ROAD, 22304, 22305, 22314, 22315, 22400, 22405, 22406, 22407, 22414, 22416, 22417, 22446, 22604, 22654, 221404, 221405, 221406, 221407.<\/p>\n","protected":false},"featured_media":793046223,"comment_status":"open","ping_status":"closed","template":"","meta":{"_acf_changed":false,"inline_featured_image":false},"product_brand":[],"product_cat":[173],"product_tag":[],"class_list":{"0":"post-793046142","1":"product","2":"type-product","3":"status-publish","4":"has-post-thumbnail","6":"product_cat-dodaci-i-rezervni-dijelovi","8":"first","9":"instock","10":"taxable","11":"shipping-taxable","12":"purchasable","13":"product-type-simple"},"acf":[],"custom_product_id":"8076","_links":{"self":[{"href":"https:\/\/autostil.ba\/maloprodaja\/wp-json\/wp\/v2\/product\/793046142","targetHints":{"allow":["GET"]}}],"collection":[{"href":"https:\/\/autostil.ba\/maloprodaja\/wp-json\/wp\/v2\/product"}],"about":[{"href":"https:\/\/autostil.ba\/maloprodaja\/wp-json\/wp\/v2\/types\/product"}],"replies":[{"embeddable":true,"href":"https:\/\/autostil.ba\/maloprodaja\/wp-json\/wp\/v2\/comments?post=793046142"}],"version-history":[{"count":3,"href":"https:\/\/autostil.ba\/maloprodaja\/wp-json\/wp\/v2\/product\/793046142\/revisions"}],"predecessor-version":[{"id":793046233,"href":"https:\/\/autostil.ba\/maloprodaja\/wp-json\/wp\/v2\/product\/793046142\/revisions\/793046233"}],"wp:featuredmedia":[{"embeddable":true,"href":"https:\/\/autostil.ba\/maloprodaja\/wp-json\/wp\/v2\/media\/793046223"}],"wp:attachment":[{"href":"https:\/\/autostil.ba\/maloprodaja\/wp-json\/wp\/v2\/media?parent=793046142"}],"wp:term":[{"taxonomy":"product_brand","embeddable":true,"href":"https:\/\/autostil.ba\/maloprodaja\/wp-json\/wp\/v2\/product_brand?post=793046142"},{"taxonomy":"product_cat","embeddable":true,"href":"https:\/\/autostil.ba\/maloprodaja\/wp-json\/wp\/v2\/product_cat?post=793046142"},{"taxonomy":"product_tag","embeddable":true,"href":"https:\/\/autostil.ba\/maloprodaja\/wp-json\/wp\/v2\/product_tag?post=793046142"}],"curies":[{"name":"wp","href":"https:\/\/api.w.org\/{rel}","templated":true}]}}