{"id":793046130,"date":"2025-07-08T14:48:16","date_gmt":"2025-07-08T12:48:16","guid":{"rendered":"https:\/\/autostil.ba\/maloprodaja\/?post_type=product&#038;p=793046130"},"modified":"2026-04-08T12:35:19","modified_gmt":"2026-04-08T10:35:19","slug":"kofer-za-krovni-nosac-g3-spark-eco-520-sivi-420l-178x94x38-cm","status":"publish","type":"product","link":"https:\/\/autostil.ba\/maloprodaja\/proizvod\/8076\/kofer-za-krovni-nosac-g3-spark-eco-520-sivi-420l-178x94x38-cm\/","title":{"rendered":"KOFER ZA KROVNI NOSA\u010c G3 SPARK ECO 520 SIVI \/ 420L 178x94x38 cm"},"content":{"rendered":"","protected":false},"excerpt":{"rendered":"<p>Krovni kofer, Dimenzije: du\u017eina 1776 mm; \u0161irina 938 mm; visina 379 mm; unutra\u0161nja du\u017eina 1686 mm; unutra\u0161nja \u0161irina 878 mm; unutra\u0161nja visina 369 mm. Prava testirana zapremina 420 l. Boja svijetlo siva. Neto te\u017eina 16,4 kg, bruto te\u017eina 21,4 kg. Maksimalno optere\u0107enje 75 kg. Materijal PS UV za\u0161ti\u0107en. Otvaranje sa desne strane. Prednja opruga K3.010 \/ straga K3.010. Brava centralizovana.<\/p>\n","protected":false},"featured_media":793046216,"comment_status":"open","ping_status":"closed","template":"","meta":{"_acf_changed":false,"inline_featured_image":false},"product_brand":[],"product_cat":[153],"product_tag":[],"class_list":{"0":"post-793046130","1":"product","2":"type-product","3":"status-publish","4":"has-post-thumbnail","6":"product_cat-krovni-koferi","8":"first","9":"instock","10":"taxable","11":"shipping-taxable","12":"purchasable","13":"product-type-simple"},"acf":[],"custom_product_id":"8076","_links":{"self":[{"href":"https:\/\/autostil.ba\/maloprodaja\/wp-json\/wp\/v2\/product\/793046130","targetHints":{"allow":["GET"]}}],"collection":[{"href":"https:\/\/autostil.ba\/maloprodaja\/wp-json\/wp\/v2\/product"}],"about":[{"href":"https:\/\/autostil.ba\/maloprodaja\/wp-json\/wp\/v2\/types\/product"}],"replies":[{"embeddable":true,"href":"https:\/\/autostil.ba\/maloprodaja\/wp-json\/wp\/v2\/comments?post=793046130"}],"version-history":[{"count":3,"href":"https:\/\/autostil.ba\/maloprodaja\/wp-json\/wp\/v2\/product\/793046130\/revisions"}],"predecessor-version":[{"id":793046230,"href":"https:\/\/autostil.ba\/maloprodaja\/wp-json\/wp\/v2\/product\/793046130\/revisions\/793046230"}],"wp:featuredmedia":[{"embeddable":true,"href":"https:\/\/autostil.ba\/maloprodaja\/wp-json\/wp\/v2\/media\/793046216"}],"wp:attachment":[{"href":"https:\/\/autostil.ba\/maloprodaja\/wp-json\/wp\/v2\/media?parent=793046130"}],"wp:term":[{"taxonomy":"product_brand","embeddable":true,"href":"https:\/\/autostil.ba\/maloprodaja\/wp-json\/wp\/v2\/product_brand?post=793046130"},{"taxonomy":"product_cat","embeddable":true,"href":"https:\/\/autostil.ba\/maloprodaja\/wp-json\/wp\/v2\/product_cat?post=793046130"},{"taxonomy":"product_tag","embeddable":true,"href":"https:\/\/autostil.ba\/maloprodaja\/wp-json\/wp\/v2\/product_tag?post=793046130"}],"curies":[{"name":"wp","href":"https:\/\/api.w.org\/{rel}","templated":true}]}}