{"id":793046099,"date":"2025-11-19T14:53:06","date_gmt":"2025-11-19T12:53:06","guid":{"rendered":"https:\/\/autostil.ba\/maloprodaja\/?post_type=product&#038;p=793046099"},"modified":"2026-04-08T12:35:19","modified_gmt":"2026-04-08T10:35:19","slug":"kofer-za-krovni-nosac-g3-absolute-480-sjajno-sivi-390l-193x74x37cm","status":"publish","type":"product","link":"https:\/\/autostil.ba\/maloprodaja\/proizvod\/14005\/kofer-za-krovni-nosac-g3-absolute-480-sjajno-sivi-390l-193x74x37cm\/","title":{"rendered":"KOFER ZA KROVNI NOSA\u010c G3 ABSOLUTE 480 SJAJNO SIVI \/ 390L 193X74X37cm"},"content":{"rendered":"","protected":false},"excerpt":{"rendered":"<p>Krovni kofer, Dimenzije: du\u017eina 1930 mm; \u0161irina 740 mm; visina 370 mm; unutra\u0161nja du\u017eina 1840 mm; unutra\u0161nja \u0161irina 640 mm; unutra\u0161nja visina 360 mm. Prava testirana zapremina 390 l. Boja sjajno siva. Neto te\u017eina 13 kg, bruto te\u017eina 16,5 kg. Maksimalno optere\u0107enje 75 kg. Materijal PS UV za\u0161ti\u0107en. Otvaranje sa obe strane. Prednja opruga K3.015 \/ straga K3.014. Brava dupla centralizovana.<\/p>\n","protected":false},"featured_media":793046104,"comment_status":"open","ping_status":"closed","template":"","meta":{"_acf_changed":false,"inline_featured_image":false},"product_brand":[],"product_cat":[153],"product_tag":[],"class_list":{"0":"post-793046099","1":"product","2":"type-product","3":"status-publish","4":"has-post-thumbnail","6":"product_cat-krovni-koferi","8":"first","9":"instock","10":"taxable","11":"shipping-taxable","12":"purchasable","13":"product-type-simple"},"acf":[],"custom_product_id":"14005","_links":{"self":[{"href":"https:\/\/autostil.ba\/maloprodaja\/wp-json\/wp\/v2\/product\/793046099","targetHints":{"allow":["GET"]}}],"collection":[{"href":"https:\/\/autostil.ba\/maloprodaja\/wp-json\/wp\/v2\/product"}],"about":[{"href":"https:\/\/autostil.ba\/maloprodaja\/wp-json\/wp\/v2\/types\/product"}],"replies":[{"embeddable":true,"href":"https:\/\/autostil.ba\/maloprodaja\/wp-json\/wp\/v2\/comments?post=793046099"}],"version-history":[{"count":4,"href":"https:\/\/autostil.ba\/maloprodaja\/wp-json\/wp\/v2\/product\/793046099\/revisions"}],"predecessor-version":[{"id":793046103,"href":"https:\/\/autostil.ba\/maloprodaja\/wp-json\/wp\/v2\/product\/793046099\/revisions\/793046103"}],"wp:featuredmedia":[{"embeddable":true,"href":"https:\/\/autostil.ba\/maloprodaja\/wp-json\/wp\/v2\/media\/793046104"}],"wp:attachment":[{"href":"https:\/\/autostil.ba\/maloprodaja\/wp-json\/wp\/v2\/media?parent=793046099"}],"wp:term":[{"taxonomy":"product_brand","embeddable":true,"href":"https:\/\/autostil.ba\/maloprodaja\/wp-json\/wp\/v2\/product_brand?post=793046099"},{"taxonomy":"product_cat","embeddable":true,"href":"https:\/\/autostil.ba\/maloprodaja\/wp-json\/wp\/v2\/product_cat?post=793046099"},{"taxonomy":"product_tag","embeddable":true,"href":"https:\/\/autostil.ba\/maloprodaja\/wp-json\/wp\/v2\/product_tag?post=793046099"}],"curies":[{"name":"wp","href":"https:\/\/api.w.org\/{rel}","templated":true}]}}