{"id":793045964,"date":"2024-10-23T15:44:52","date_gmt":"2024-10-23T13:44:52","guid":{"rendered":"https:\/\/autostil.ba\/maloprodaja\/?post_type=product&#038;p=793045964"},"modified":"2026-04-08T12:35:19","modified_gmt":"2026-04-08T10:35:19","slug":"baterija-agfa-cr2016-lithium-blister","status":"publish","type":"product","link":"https:\/\/autostil.ba\/maloprodaja\/proizvod\/6469\/baterija-agfa-cr2016-lithium-blister\/","title":{"rendered":"BATERIJA AGFA CR2016 LITHIUM BLISTER"},"content":{"rendered":"<p><strong>Specifikacija<\/strong>:<br \/>\nNapon\u00a0 \u00a0 \u00a0 \u00a0 \u00a0 \u00a0 \u00a0 \u00a0 \u00a0 \u00a0 \u00a0 \u00a0 \u00a0 \u00a0 3V<br \/>\nRadna temperatura\u00a0 \u00a0 -15 do +55\u00b0C<br \/>\nPre\u010dnik\u00a0 \u00a0 \u00a0 \u00a0 \u00a0 \u00a0 \u00a0 \u00a0 \u00a0 \u00a0 \u00a0 \u00a0 \u00a0 20 mm<br \/>\nVisina\u00a0 \u00a0 \u00a0 \u00a0 \u00a0 \u00a0 \u00a0 \u00a0 \u00a0 \u00a0 \u00a0 \u00a0 \u00a0 \u00a0 1,6 mm<br \/>\nOznaka\u00a0 \u00a0 \u00a0 \u00a0 \u00a0 \u00a0 \u00a0 \u00a0 \u00a0 \u00a0 \u00a0 \u00a0 \u00a0CR2016<\/p>\n<p>AgfaPhoto Lithium Coin Cell, u pore\u0111enju sa alkalnim coin \u0107elijama, imaju ve\u0107i raspon napona od 3V i pogodne su za rad u ekstremnim okolnostima (-20 \/ + 60 \u00b0C). Mogu se koristiti kao izvor napajanja za male elektri\u010dne ure\u0111aje. Oznaka \u201cCR\u201d na \u0107elijama baterije ozna\u010dava hemijski sastav litijum-mangan dioksida. Zbog svog dizajna, baterije se mogu koristiti u malim ku\u0107nim predmetima kao \u0161to su igra\u010dke, satovi, d\u017eepni kalkulatori itd. Preporu\u010duju se za rad proizvoda koji se ne koriste konstantno. Litijumske coin-cell baterije se ne mogu puniti, ispra\u017enjene baterije se moraju sakupljati samo u za to predvi\u0111enim kontejnerima.<\/p>\n","protected":false},"excerpt":{"rendered":"<p><strong>Specifikacija<\/strong>:<br \/>\nNapon\u00a0 \u00a0 \u00a0 \u00a0 \u00a0 \u00a0 \u00a0 \u00a0 \u00a0 \u00a0 \u00a0 \u00a0 \u00a0 \u00a0 3V<br \/>\nRadna temperatura\u00a0 \u00a0 -15 do +55\u00b0C<br \/>\nPre\u010dnik\u00a0 \u00a0 \u00a0 \u00a0 \u00a0 \u00a0 \u00a0 \u00a0 \u00a0 \u00a0 \u00a0 \u00a0 \u00a0 20 mm<br \/>\nVisina\u00a0 \u00a0 \u00a0 \u00a0 \u00a0 \u00a0 \u00a0 \u00a0 \u00a0 \u00a0 \u00a0 \u00a0 \u00a0 \u00a0 1,6 mm<br \/>\nOznaka\u00a0 \u00a0 \u00a0 \u00a0 \u00a0 \u00a0 \u00a0 \u00a0 \u00a0 \u00a0 \u00a0 \u00a0 \u00a0CR2016<\/p>\n<p>AgfaPhoto Lithium Coin Cell, u pore\u0111enju sa alkalnim coin \u0107elijama, imaju ve\u0107i raspon napona od 3V i pogodne su za rad u ekstremnim okolnostima (-20 \/ + 60 \u00b0C). Mogu se koristiti kao izvor napajanja za male elektri\u010dne ure\u0111aje. Oznaka \u201cCR\u201d na \u0107elijama baterije ozna\u010dava hemijski sastav litijum-mangan dioksida. Zbog svog dizajna, baterije se mogu koristiti u malim ku\u0107nim predmetima kao \u0161to su igra\u010dke, satovi, d\u017eepni kalkulatori itd. Preporu\u010duju se za rad proizvoda koji se ne koriste konstantno. Litijumske coin-cell baterije se ne mogu puniti, ispra\u017enjene baterije se moraju sakupljati samo u za to predvi\u0111enim kontejnerima.<\/p>\n","protected":false},"featured_media":793045966,"comment_status":"open","ping_status":"closed","template":"","meta":{"_acf_changed":false,"inline_featured_image":false},"product_brand":[],"product_cat":[193],"product_tag":[],"class_list":{"0":"post-793045964","1":"product","2":"type-product","3":"status-publish","4":"has-post-thumbnail","6":"product_cat-baterije-za-kljuceve","8":"first","9":"instock","10":"taxable","11":"shipping-taxable","12":"purchasable","13":"product-type-simple"},"acf":[],"custom_product_id":"6469","_links":{"self":[{"href":"https:\/\/autostil.ba\/maloprodaja\/wp-json\/wp\/v2\/product\/793045964","targetHints":{"allow":["GET"]}}],"collection":[{"href":"https:\/\/autostil.ba\/maloprodaja\/wp-json\/wp\/v2\/product"}],"about":[{"href":"https:\/\/autostil.ba\/maloprodaja\/wp-json\/wp\/v2\/types\/product"}],"replies":[{"embeddable":true,"href":"https:\/\/autostil.ba\/maloprodaja\/wp-json\/wp\/v2\/comments?post=793045964"}],"version-history":[{"count":2,"href":"https:\/\/autostil.ba\/maloprodaja\/wp-json\/wp\/v2\/product\/793045964\/revisions"}],"predecessor-version":[{"id":793045967,"href":"https:\/\/autostil.ba\/maloprodaja\/wp-json\/wp\/v2\/product\/793045964\/revisions\/793045967"}],"wp:featuredmedia":[{"embeddable":true,"href":"https:\/\/autostil.ba\/maloprodaja\/wp-json\/wp\/v2\/media\/793045966"}],"wp:attachment":[{"href":"https:\/\/autostil.ba\/maloprodaja\/wp-json\/wp\/v2\/media?parent=793045964"}],"wp:term":[{"taxonomy":"product_brand","embeddable":true,"href":"https:\/\/autostil.ba\/maloprodaja\/wp-json\/wp\/v2\/product_brand?post=793045964"},{"taxonomy":"product_cat","embeddable":true,"href":"https:\/\/autostil.ba\/maloprodaja\/wp-json\/wp\/v2\/product_cat?post=793045964"},{"taxonomy":"product_tag","embeddable":true,"href":"https:\/\/autostil.ba\/maloprodaja\/wp-json\/wp\/v2\/product_tag?post=793045964"}],"curies":[{"name":"wp","href":"https:\/\/api.w.org\/{rel}","templated":true}]}}