{"id":793045956,"date":"2024-10-23T15:24:47","date_gmt":"2024-10-23T13:24:47","guid":{"rendered":"https:\/\/autostil.ba\/maloprodaja\/?post_type=product&#038;p=793045956"},"modified":"2026-04-08T12:35:19","modified_gmt":"2026-04-08T10:35:19","slug":"baterija-agfa-cr1220-lithium-blister","status":"publish","type":"product","link":"https:\/\/autostil.ba\/maloprodaja\/proizvod\/7877\/baterija-agfa-cr1220-lithium-blister\/","title":{"rendered":"BATERIJA AGFA CR1220 LITHIUM BLISTER"},"content":{"rendered":"<pre class=\"tw-data-text tw-text-large tw-ta\" dir=\"ltr\" data-placeholder=\"Translation\" data-ved=\"2ahUKEwjD3865yaSJAxXx9wIHHaBTOeEQ3ewLegQIChAW\" aria-label=\"Translated text: AgfaPhoto Lithium Coin Cell, u pore\u0111enju sa alkalnim coin \u0107elijama, imaju ve\u0107i raspon napona od 3V i pogodne su za rad u ekstremnim okolnostima (-20 \/ + 60 \u00b0C). Mogu se koristiti kao izvor napajanja za male elektri\u010dne ure\u0111aje. Oznaka &quot;CR&quot; na \u0107elijama nov\u010di\u0107a ozna\u010dava hemijski sastav litijum-mangan dioksida. Zbog svog dizajna, kovanice mogu upravljati malim ku\u0107nim predmetima kao \u0161to su igra\u010dke, satovi, d\u017eepni kalkulatori. Preporu\u010duju se za rad proizvoda koji se ne koriste kontinuirano. Litijumske coin-cell baterije se ne mogu puniti, ispra\u017enjene baterije se moraju sakupljati samo u za to predvi\u0111enim kontejnerima.\"><span class=\"Y2IQFc\" lang=\"bs\"><strong>Specifikacija:<\/strong>\r\nNapon                        3V\r\nRadna temperatura    -15 do +55\u00b0C\r\nPre\u010dnik                       12,50 mm\r\nVisina                         2mm\r\nOznaka                       CR1220\r\n\r\nAgfaPhoto Lithium Coin Cell, u pore\u0111enju sa alkalnim coin \u0107elijama, imaju ve\u0107i raspon napona od 3V i pogodne su za rad u ekstremnim okolnostima (-20 \/ + 60 \u00b0C). Mogu se koristiti kao izvor napajanja za male elektri\u010dne ure\u0111aje. Oznaka \"CR\" na \u0107elijama baterije ozna\u010dava hemijski sastav litijum-mangan dioksida. Zbog svog dizajna, baterije se mogu koristiti u malim ku\u0107nim predmetima kao \u0161to su igra\u010dke, satovi, d\u017eepni kalkulatori itd. Preporu\u010duju se za rad proizvoda koji se ne koriste konstantno. Litijumske coin-cell baterije se ne mogu puniti, <\/span><span class=\"Y2IQFc\" lang=\"bs\">ispra\u017enjene baterije se moraju sakupljati samo u za to predvi\u0111enim kontejnerima.<\/span><\/pre>\n","protected":false},"excerpt":{"rendered":"<p><strong>Specifikacija<\/strong>:<br \/>\nNapon\u00a0 \u00a0 3V<br \/>\nRadna temperatura\u00a0 \u00a0 -15 do +55\u00b0C<br \/>\nPre\u010dnik\u00a0 \u00a012,50 mm<br \/>\nVisina\u00a0 \u00a02mm<br \/>\nOznaka\u00a0 \u00a0CR1220<\/p>\n<p>AgfaPhoto Lithium Coin Cell, u pore\u0111enju sa alkalnim coin \u0107elijama, imaju ve\u0107i raspon napona od 3V i pogodne su za rad u ekstremnim okolnostima (-20 \/ + 60 \u00b0C). Mogu se koristiti kao izvor napajanja za male elektri\u010dne ure\u0111aje. Oznaka &#8220;CR&#8221; na \u0107elijama baterije ozna\u010dava hemijski sastav litijum-mangan dioksida. Zbog svog dizajna, baterije se mogu koristiti u malim ku\u0107nim predmetima kao \u0161to su igra\u010dke, satovi, d\u017eepni kalkulatori itd. Preporu\u010duju se za rad proizvoda koji se ne koriste konstantno. Litijumske coin-cell baterije se ne mogu puniti, ispra\u017enjene baterije se moraju sakupljati samo u za to predvi\u0111enim kontejnerima.<\/p>\n","protected":false},"featured_media":793045958,"comment_status":"open","ping_status":"closed","template":"","meta":{"_acf_changed":false,"inline_featured_image":false},"product_brand":[],"product_cat":[193],"product_tag":[],"class_list":{"0":"post-793045956","1":"product","2":"type-product","3":"status-publish","4":"has-post-thumbnail","6":"product_cat-baterije-za-kljuceve","8":"first","9":"instock","10":"taxable","11":"shipping-taxable","12":"purchasable","13":"product-type-simple"},"acf":[],"custom_product_id":"7877","_links":{"self":[{"href":"https:\/\/autostil.ba\/maloprodaja\/wp-json\/wp\/v2\/product\/793045956","targetHints":{"allow":["GET"]}}],"collection":[{"href":"https:\/\/autostil.ba\/maloprodaja\/wp-json\/wp\/v2\/product"}],"about":[{"href":"https:\/\/autostil.ba\/maloprodaja\/wp-json\/wp\/v2\/types\/product"}],"replies":[{"embeddable":true,"href":"https:\/\/autostil.ba\/maloprodaja\/wp-json\/wp\/v2\/comments?post=793045956"}],"version-history":[{"count":2,"href":"https:\/\/autostil.ba\/maloprodaja\/wp-json\/wp\/v2\/product\/793045956\/revisions"}],"predecessor-version":[{"id":793045959,"href":"https:\/\/autostil.ba\/maloprodaja\/wp-json\/wp\/v2\/product\/793045956\/revisions\/793045959"}],"wp:featuredmedia":[{"embeddable":true,"href":"https:\/\/autostil.ba\/maloprodaja\/wp-json\/wp\/v2\/media\/793045958"}],"wp:attachment":[{"href":"https:\/\/autostil.ba\/maloprodaja\/wp-json\/wp\/v2\/media?parent=793045956"}],"wp:term":[{"taxonomy":"product_brand","embeddable":true,"href":"https:\/\/autostil.ba\/maloprodaja\/wp-json\/wp\/v2\/product_brand?post=793045956"},{"taxonomy":"product_cat","embeddable":true,"href":"https:\/\/autostil.ba\/maloprodaja\/wp-json\/wp\/v2\/product_cat?post=793045956"},{"taxonomy":"product_tag","embeddable":true,"href":"https:\/\/autostil.ba\/maloprodaja\/wp-json\/wp\/v2\/product_tag?post=793045956"}],"curies":[{"name":"wp","href":"https:\/\/api.w.org\/{rel}","templated":true}]}}