{"id":793044267,"date":"2025-05-15T08:38:33","date_gmt":"2025-05-15T06:38:33","guid":{"rendered":"https:\/\/autostil.ba\/maloprodaja\/?post_type=product&#038;p=793044267"},"modified":"2026-04-08T12:34:55","modified_gmt":"2026-04-08T10:34:55","slug":"sonax-mikrofiber-krpa-38x38cm-2-1","status":"publish","type":"product","link":"https:\/\/autostil.ba\/maloprodaja\/proizvod\/13565\/sonax-mikrofiber-krpa-38x38cm-2-1\/","title":{"rendered":"SONAX MIKROFIBER KRPA 38x38cm 2\/1"},"content":{"rendered":"","protected":false},"excerpt":{"rendered":"<p>Visokokvalitetna, upijaju\u0107a krpa od mikrovlakana koja ne ostavlja dla\u010dice. Krpa sa modernom strukturom vafla glatko klizi po povr\u0161ini i osigurava \u010disto\u0107u bez mrlja. Idealno za \u010di\u0161\u0107enje stakla, ogledala, osjetljivih ekrana i plasti\u010dnih povr\u0161ina. Mo\u017ee se koristiti mokro, uz pomo\u0107 specijalnih sredstava za \u010di\u0161\u0107enje (npr. za \u010di\u0161\u0107enje prozora, itd.), i suho. Mo\u017ee se prati na 40\u00b0. Veli\u010dina tkanine 38 x 38 cm.<\/p>\n<p>Primjena proizvoda Mokro ili s pomo\u0107nim specijalnim sredstvima za \u010di\u0161\u0107enje (npr. SONAX ScheibenKlar itd.) za lak\u0161e \u010di\u0161\u0107enje, suho za brisanje i za poliranje bez mrlja. Mo\u017ee se prati u ma\u0161ini na 40\u00b0C. Nemojte koristiti omek\u0161iva\u010d. Koristite ma\u0161inu za su\u0161enje ve\u0161a na niskoj temperaturi. Perite odvojeno.<\/p>\n","protected":false},"featured_media":793044268,"comment_status":"open","ping_status":"closed","template":"","meta":{"_acf_changed":false,"inline_featured_image":false},"product_brand":[],"product_cat":[164],"product_tag":[],"class_list":{"0":"post-793044267","1":"product","2":"type-product","3":"status-publish","4":"has-post-thumbnail","6":"product_cat-car-detailing","8":"first","9":"instock","10":"taxable","11":"shipping-taxable","12":"purchasable","13":"product-type-simple"},"acf":[],"custom_product_id":"13565","_links":{"self":[{"href":"https:\/\/autostil.ba\/maloprodaja\/wp-json\/wp\/v2\/product\/793044267","targetHints":{"allow":["GET"]}}],"collection":[{"href":"https:\/\/autostil.ba\/maloprodaja\/wp-json\/wp\/v2\/product"}],"about":[{"href":"https:\/\/autostil.ba\/maloprodaja\/wp-json\/wp\/v2\/types\/product"}],"replies":[{"embeddable":true,"href":"https:\/\/autostil.ba\/maloprodaja\/wp-json\/wp\/v2\/comments?post=793044267"}],"version-history":[{"count":1,"href":"https:\/\/autostil.ba\/maloprodaja\/wp-json\/wp\/v2\/product\/793044267\/revisions"}],"predecessor-version":[{"id":793044269,"href":"https:\/\/autostil.ba\/maloprodaja\/wp-json\/wp\/v2\/product\/793044267\/revisions\/793044269"}],"wp:featuredmedia":[{"embeddable":true,"href":"https:\/\/autostil.ba\/maloprodaja\/wp-json\/wp\/v2\/media\/793044268"}],"wp:attachment":[{"href":"https:\/\/autostil.ba\/maloprodaja\/wp-json\/wp\/v2\/media?parent=793044267"}],"wp:term":[{"taxonomy":"product_brand","embeddable":true,"href":"https:\/\/autostil.ba\/maloprodaja\/wp-json\/wp\/v2\/product_brand?post=793044267"},{"taxonomy":"product_cat","embeddable":true,"href":"https:\/\/autostil.ba\/maloprodaja\/wp-json\/wp\/v2\/product_cat?post=793044267"},{"taxonomy":"product_tag","embeddable":true,"href":"https:\/\/autostil.ba\/maloprodaja\/wp-json\/wp\/v2\/product_tag?post=793044267"}],"curies":[{"name":"wp","href":"https:\/\/api.w.org\/{rel}","templated":true}]}}