{"id":793044231,"date":"2025-10-17T15:01:28","date_gmt":"2025-10-17T13:01:28","guid":{"rendered":"https:\/\/autostil.ba\/maloprodaja\/?post_type=product&#038;p=793044231"},"modified":"2026-04-24T13:59:51","modified_gmt":"2026-04-24T11:59:51","slug":"parking-senzori-crni-bez-displeja-m-tech","status":"publish","type":"product","link":"https:\/\/autostil.ba\/maloprodaja\/proizvod\/13553\/parking-senzori-crni-bez-displeja-m-tech\/","title":{"rendered":"PARKING SENZORI CRNI BEZ DISPLEJA M-TECH"},"content":{"rendered":"","protected":false},"excerpt":{"rendered":"<p>Pomo\u0107nik pri parkiranju sa 4 senzora i zujalom &#8211; CRNI<\/p>\n<p>Ovaj jednostavan i funkcionalan sistem pomo\u0107i pri parkiranju se aktivira kada se koristi brzina za vo\u017enju unazad. Ultrazvu\u010dni senzori mjere udaljenost do prepreke, a ugra\u0111ena zujalica upozorava voza\u010da signalom (frekvencija zvu\u010dnog signala ozna\u010dava udaljenost).<\/p>\n<p>M-Tech parking senzore karakteri\u0161e vrlo niska stopa kvarova i jednostavna instalacija. Senzori se mogu farbati, to ne uti\u010de na njihove performanse.<\/p>\n<p>Set uklju\u010duje:<br \/>\n4 CRNA senzora<br \/>\nZujalica<br \/>\nKontrolna jedinica<br \/>\nElektri\u010dno o\u017ei\u010denje<br \/>\nPila za rupe<br \/>\nMonta\u017eni elementi<br \/>\npriru\u010dnik<br \/>\nspecifikacija:<br \/>\nPre\u010dnik senzora: 21,5 mm<br \/>\nNapon: 12V DC<br \/>\nPotro\u0161nja energije: &lt;4W<br \/>\nFrekvencija ultrazvu\u010dnog senzora: 40 kHz<br \/>\nPre\u0111ena udaljenost: 3,0 m do 0,3 m<br \/>\nGre\u0161ka mjerenja: +\/- 5 cm<br \/>\nRadna temperatura: -30C do +70C<\/p>\n","protected":false},"featured_media":793044232,"comment_status":"open","ping_status":"closed","template":"","meta":{"_acf_changed":false,"inline_featured_image":false},"product_brand":[],"product_cat":[137],"product_tag":[],"class_list":{"0":"post-793044231","1":"product","2":"type-product","3":"status-publish","4":"has-post-thumbnail","6":"product_cat-parking-senzori","8":"first","9":"instock","10":"taxable","11":"shipping-taxable","12":"purchasable","13":"product-type-simple"},"acf":[],"custom_product_id":"13553","_links":{"self":[{"href":"https:\/\/autostil.ba\/maloprodaja\/wp-json\/wp\/v2\/product\/793044231","targetHints":{"allow":["GET"]}}],"collection":[{"href":"https:\/\/autostil.ba\/maloprodaja\/wp-json\/wp\/v2\/product"}],"about":[{"href":"https:\/\/autostil.ba\/maloprodaja\/wp-json\/wp\/v2\/types\/product"}],"replies":[{"embeddable":true,"href":"https:\/\/autostil.ba\/maloprodaja\/wp-json\/wp\/v2\/comments?post=793044231"}],"version-history":[{"count":1,"href":"https:\/\/autostil.ba\/maloprodaja\/wp-json\/wp\/v2\/product\/793044231\/revisions"}],"predecessor-version":[{"id":793044233,"href":"https:\/\/autostil.ba\/maloprodaja\/wp-json\/wp\/v2\/product\/793044231\/revisions\/793044233"}],"wp:featuredmedia":[{"embeddable":true,"href":"https:\/\/autostil.ba\/maloprodaja\/wp-json\/wp\/v2\/media\/793044232"}],"wp:attachment":[{"href":"https:\/\/autostil.ba\/maloprodaja\/wp-json\/wp\/v2\/media?parent=793044231"}],"wp:term":[{"taxonomy":"product_brand","embeddable":true,"href":"https:\/\/autostil.ba\/maloprodaja\/wp-json\/wp\/v2\/product_brand?post=793044231"},{"taxonomy":"product_cat","embeddable":true,"href":"https:\/\/autostil.ba\/maloprodaja\/wp-json\/wp\/v2\/product_cat?post=793044231"},{"taxonomy":"product_tag","embeddable":true,"href":"https:\/\/autostil.ba\/maloprodaja\/wp-json\/wp\/v2\/product_tag?post=793044231"}],"curies":[{"name":"wp","href":"https:\/\/api.w.org\/{rel}","templated":true}]}}