{"id":793044219,"date":"2025-07-23T10:45:26","date_gmt":"2025-07-23T08:45:26","guid":{"rendered":"https:\/\/autostil.ba\/maloprodaja\/?post_type=product&#038;p=793044219"},"modified":"2026-04-08T12:34:49","modified_gmt":"2026-04-08T10:34:49","slug":"navlaka-za-sjedalo-sa-drvenim-kuglicama-max-duga","status":"publish","type":"product","link":"https:\/\/autostil.ba\/maloprodaja\/proizvod\/13549\/navlaka-za-sjedalo-sa-drvenim-kuglicama-max-duga\/","title":{"rendered":"NAVLAKA ZA SJEDALO SA DRVENIM KUGLICAMA MAX DUGA"},"content":{"rendered":"","protected":false},"excerpt":{"rendered":"<p>Univerzalna prostirka od drvenih kuglica koje ugodno masiraju tijelo i daju osje\u0107aj udobnosti. Omogu\u0107ava protok zraka izme\u0111u suvoza\u010devog i sjedi\u0161ta vozila. Lako se odr\u017eava \u010distim. Upute za upotrebu: Ra\u0161irite jastu\u010di\u0107 preko sjedi\u0161ta i dijela naslona i pri\u010dvrstite ga za gornji dio naslona pomo\u0107u u\u0161ivene trake.<\/p>\n<p>Dimenzije 128 x 39 cm<br \/>\nPogodan za veliki broj sedi\u0161ta<br \/>\nJednostavna monta\u017ea<br \/>\nUdobno sjedenje<\/p>\n","protected":false},"featured_media":793044220,"comment_status":"open","ping_status":"closed","template":"","meta":{"_acf_changed":false,"inline_featured_image":false},"product_brand":[],"product_cat":[136],"product_tag":[],"class_list":{"0":"post-793044219","1":"product","2":"type-product","3":"status-publish","4":"has-post-thumbnail","6":"product_cat-navlake-za-sjedala","8":"first","9":"instock","10":"taxable","11":"shipping-taxable","12":"purchasable","13":"product-type-simple"},"acf":[],"custom_product_id":"13549","_links":{"self":[{"href":"https:\/\/autostil.ba\/maloprodaja\/wp-json\/wp\/v2\/product\/793044219","targetHints":{"allow":["GET"]}}],"collection":[{"href":"https:\/\/autostil.ba\/maloprodaja\/wp-json\/wp\/v2\/product"}],"about":[{"href":"https:\/\/autostil.ba\/maloprodaja\/wp-json\/wp\/v2\/types\/product"}],"replies":[{"embeddable":true,"href":"https:\/\/autostil.ba\/maloprodaja\/wp-json\/wp\/v2\/comments?post=793044219"}],"version-history":[{"count":1,"href":"https:\/\/autostil.ba\/maloprodaja\/wp-json\/wp\/v2\/product\/793044219\/revisions"}],"predecessor-version":[{"id":793044221,"href":"https:\/\/autostil.ba\/maloprodaja\/wp-json\/wp\/v2\/product\/793044219\/revisions\/793044221"}],"wp:featuredmedia":[{"embeddable":true,"href":"https:\/\/autostil.ba\/maloprodaja\/wp-json\/wp\/v2\/media\/793044220"}],"wp:attachment":[{"href":"https:\/\/autostil.ba\/maloprodaja\/wp-json\/wp\/v2\/media?parent=793044219"}],"wp:term":[{"taxonomy":"product_brand","embeddable":true,"href":"https:\/\/autostil.ba\/maloprodaja\/wp-json\/wp\/v2\/product_brand?post=793044219"},{"taxonomy":"product_cat","embeddable":true,"href":"https:\/\/autostil.ba\/maloprodaja\/wp-json\/wp\/v2\/product_cat?post=793044219"},{"taxonomy":"product_tag","embeddable":true,"href":"https:\/\/autostil.ba\/maloprodaja\/wp-json\/wp\/v2\/product_tag?post=793044219"}],"curies":[{"name":"wp","href":"https:\/\/api.w.org\/{rel}","templated":true}]}}