{"id":793044210,"date":"2024-10-08T09:27:19","date_gmt":"2024-10-08T07:27:19","guid":{"rendered":"https:\/\/autostil.ba\/maloprodaja\/?post_type=product&#038;p=793044210"},"modified":"2026-04-08T12:34:43","modified_gmt":"2026-04-08T10:34:43","slug":"kuke-za-kacenje-na-naslon-za-glavu-max-2-komada","status":"publish","type":"product","link":"https:\/\/autostil.ba\/maloprodaja\/proizvod\/13546\/kuke-za-kacenje-na-naslon-za-glavu-max-2-komada\/","title":{"rendered":"KUKE ZA KA\u010cENJE NA NASLON ZA GLAVU MAX (2 KOMADA)"},"content":{"rendered":"","protected":false},"excerpt":{"rendered":"<p>Dr\u017ea\u010d za torbu, ruksak, torbicu, itd. Za sprje\u010davanje o\u0161te\u0107enja va\u0161ih stvari.<br \/>\nObjesite novu odje\u0107u nakon kupovine kako ne biste zaprljali odje\u0107u.<br \/>\nOka\u010dite torbe za kupovinu.<br \/>\nKuka je pogodna za stavljanje pi\u0107a u automobil.<br \/>\nVeli\u010dina: 18cm (du\u017eina) x 4cm (\u0161irina) x 2,7cm (dubina).<\/p>\n","protected":false},"featured_media":793044211,"comment_status":"open","ping_status":"closed","template":"","meta":{"_acf_changed":false,"inline_featured_image":false},"product_brand":[],"product_cat":[93],"product_tag":[],"class_list":{"0":"post-793044210","1":"product","2":"type-product","3":"status-publish","4":"has-post-thumbnail","6":"product_cat-dodatna-oprema-enterijera","8":"first","9":"instock","10":"taxable","11":"shipping-taxable","12":"purchasable","13":"product-type-simple"},"acf":[],"custom_product_id":"13546","_links":{"self":[{"href":"https:\/\/autostil.ba\/maloprodaja\/wp-json\/wp\/v2\/product\/793044210","targetHints":{"allow":["GET"]}}],"collection":[{"href":"https:\/\/autostil.ba\/maloprodaja\/wp-json\/wp\/v2\/product"}],"about":[{"href":"https:\/\/autostil.ba\/maloprodaja\/wp-json\/wp\/v2\/types\/product"}],"replies":[{"embeddable":true,"href":"https:\/\/autostil.ba\/maloprodaja\/wp-json\/wp\/v2\/comments?post=793044210"}],"version-history":[{"count":1,"href":"https:\/\/autostil.ba\/maloprodaja\/wp-json\/wp\/v2\/product\/793044210\/revisions"}],"predecessor-version":[{"id":793044212,"href":"https:\/\/autostil.ba\/maloprodaja\/wp-json\/wp\/v2\/product\/793044210\/revisions\/793044212"}],"wp:featuredmedia":[{"embeddable":true,"href":"https:\/\/autostil.ba\/maloprodaja\/wp-json\/wp\/v2\/media\/793044211"}],"wp:attachment":[{"href":"https:\/\/autostil.ba\/maloprodaja\/wp-json\/wp\/v2\/media?parent=793044210"}],"wp:term":[{"taxonomy":"product_brand","embeddable":true,"href":"https:\/\/autostil.ba\/maloprodaja\/wp-json\/wp\/v2\/product_brand?post=793044210"},{"taxonomy":"product_cat","embeddable":true,"href":"https:\/\/autostil.ba\/maloprodaja\/wp-json\/wp\/v2\/product_cat?post=793044210"},{"taxonomy":"product_tag","embeddable":true,"href":"https:\/\/autostil.ba\/maloprodaja\/wp-json\/wp\/v2\/product_tag?post=793044210"}],"curies":[{"name":"wp","href":"https:\/\/api.w.org\/{rel}","templated":true}]}}