{"id":793043738,"date":"2024-09-05T07:21:48","date_gmt":"2024-09-05T05:21:48","guid":{"rendered":"https:\/\/autostil.ba\/maloprodaja\/?post_type=product&#038;p=793043738"},"modified":"2026-04-08T12:34:43","modified_gmt":"2026-04-08T10:34:43","slug":"krovni-nosac-nordrive-audi-q7-2015-aerodinamicke-aluminijumske-sipke","status":"publish","type":"product","link":"https:\/\/autostil.ba\/maloprodaja\/proizvod\/13527\/krovni-nosac-nordrive-audi-q7-2015-aerodinamicke-aluminijumske-sipke\/","title":{"rendered":"KROVNI NOSA\u010c NORDRIVE AUDI Q7 2015-&gt; AERODINAMI\u010cKE ALUMINIJUMSKE \u0160IPKE"},"content":{"rendered":"","protected":false},"excerpt":{"rendered":"<p>Iskoristite sve pogodnosti krovnog nosa\u010da bez \u017ertvovanja stila. Predstavljamo Flush Bar, dizajn koji se neprimjetno integrira s dizajnom va\u0161eg luksuznog vozila, stvaraju\u0107i elegantnu, ali sportsku siluetu. Dizajniran prema preciznim specifikacijama kako bi pru\u017eio najni\u017ei otpor i smanjio nivo buke na gotovo nulu.<\/p>\n<p>Aerodinami\u010dki profil smanjuje buku i smanjuje otpor do 70%.<br \/>\nInstalira se sa SmartFoot kompletom za ugradnju za vozilo.<br \/>\nT-Slot i SmartFill tehnologija omogu\u0107avaju brzu i besprijekornu instalaciju dodatne opreme.<br \/>\nUklju\u010duje integrirani sistem zaklju\u010davanja (ILS).<br \/>\nMaksimalno optere\u0107enje 75 kg po paru.<br \/>\nDu\u017eina \u0161ipke: 110cm.<\/p>\n","protected":false},"featured_media":160148,"comment_status":"open","ping_status":"closed","template":"","meta":{"_acf_changed":false,"inline_featured_image":false},"product_brand":[],"product_cat":[134],"product_tag":[],"class_list":{"0":"post-793043738","1":"product","2":"type-product","3":"status-publish","4":"has-post-thumbnail","6":"product_cat-krovni-nosaci-tipski","8":"first","9":"instock","10":"taxable","11":"shipping-taxable","12":"purchasable","13":"product-type-simple"},"acf":[],"custom_product_id":"13527","_links":{"self":[{"href":"https:\/\/autostil.ba\/maloprodaja\/wp-json\/wp\/v2\/product\/793043738","targetHints":{"allow":["GET"]}}],"collection":[{"href":"https:\/\/autostil.ba\/maloprodaja\/wp-json\/wp\/v2\/product"}],"about":[{"href":"https:\/\/autostil.ba\/maloprodaja\/wp-json\/wp\/v2\/types\/product"}],"replies":[{"embeddable":true,"href":"https:\/\/autostil.ba\/maloprodaja\/wp-json\/wp\/v2\/comments?post=793043738"}],"version-history":[{"count":1,"href":"https:\/\/autostil.ba\/maloprodaja\/wp-json\/wp\/v2\/product\/793043738\/revisions"}],"predecessor-version":[{"id":793043739,"href":"https:\/\/autostil.ba\/maloprodaja\/wp-json\/wp\/v2\/product\/793043738\/revisions\/793043739"}],"wp:featuredmedia":[{"embeddable":true,"href":"https:\/\/autostil.ba\/maloprodaja\/wp-json\/wp\/v2\/media\/160148"}],"wp:attachment":[{"href":"https:\/\/autostil.ba\/maloprodaja\/wp-json\/wp\/v2\/media?parent=793043738"}],"wp:term":[{"taxonomy":"product_brand","embeddable":true,"href":"https:\/\/autostil.ba\/maloprodaja\/wp-json\/wp\/v2\/product_brand?post=793043738"},{"taxonomy":"product_cat","embeddable":true,"href":"https:\/\/autostil.ba\/maloprodaja\/wp-json\/wp\/v2\/product_cat?post=793043738"},{"taxonomy":"product_tag","embeddable":true,"href":"https:\/\/autostil.ba\/maloprodaja\/wp-json\/wp\/v2\/product_tag?post=793043738"}],"curies":[{"name":"wp","href":"https:\/\/api.w.org\/{rel}","templated":true}]}}