{"id":793043612,"date":"2025-12-10T11:22:50","date_gmt":"2025-12-10T09:22:50","guid":{"rendered":"https:\/\/autostil.ba\/maloprodaja\/?post_type=product&#038;p=793043612"},"modified":"2026-04-08T12:34:37","modified_gmt":"2026-04-08T10:34:37","slug":"krovni-nosac-nordrive-audi-a6-4g-limuzina-4p-2011-2018-metalne-sipke","status":"publish","type":"product","link":"https:\/\/autostil.ba\/maloprodaja\/proizvod\/13526\/krovni-nosac-nordrive-audi-a6-4g-limuzina-4p-2011-2018-metalne-sipke\/","title":{"rendered":"KROVNI NOSA\u010c NORDRIVE AUDI A6 (4G) LIMUZINA 4P 2011-2018 METALNE \u0160IPKE"},"content":{"rendered":"","protected":false},"excerpt":{"rendered":"<p>\u010cvrsta \u010deli\u010dna \u0161ipka s neklizaju\u0107im PVC omota\u010dem otpornim na ogrebotine. Ispod \u0161ipke sa mjerenjem polo\u017eaja stopala za brzu instalaciju. Donje gusjenice za nevidljivu vezu sa stopalima. Gumeni profili za brtvljenje donjih gusjenica nakon ugradnje. Nikada nemojte prekora\u010diti maksimalno optere\u0107enje navedeno u uputama za monta\u017eu. Me\u0111utim, ovo ograni\u010denje podlije\u017ee maksimalnom optere\u0107enju prikazanom u priru\u010dniku za korisnika i odr\u017eavanje vozila. Uvijek slijedite upute za najmanje maksimalno optere\u0107enje. Maksimalno optere\u0107enje je: te\u017eina \u0161ipke + te\u017eina bilo kojeg primjenjivog pribora + te\u017eina tereta<\/p>\n","protected":false},"featured_media":160147,"comment_status":"open","ping_status":"closed","template":"","meta":{"_acf_changed":false,"inline_featured_image":false},"product_brand":[],"product_cat":[134],"product_tag":[],"class_list":{"0":"post-793043612","1":"product","2":"type-product","3":"status-publish","4":"has-post-thumbnail","6":"product_cat-krovni-nosaci-tipski","8":"first","9":"instock","10":"taxable","11":"shipping-taxable","12":"purchasable","13":"product-type-simple"},"acf":[],"custom_product_id":"13526","_links":{"self":[{"href":"https:\/\/autostil.ba\/maloprodaja\/wp-json\/wp\/v2\/product\/793043612","targetHints":{"allow":["GET"]}}],"collection":[{"href":"https:\/\/autostil.ba\/maloprodaja\/wp-json\/wp\/v2\/product"}],"about":[{"href":"https:\/\/autostil.ba\/maloprodaja\/wp-json\/wp\/v2\/types\/product"}],"replies":[{"embeddable":true,"href":"https:\/\/autostil.ba\/maloprodaja\/wp-json\/wp\/v2\/comments?post=793043612"}],"version-history":[{"count":2,"href":"https:\/\/autostil.ba\/maloprodaja\/wp-json\/wp\/v2\/product\/793043612\/revisions"}],"predecessor-version":[{"id":793055772,"href":"https:\/\/autostil.ba\/maloprodaja\/wp-json\/wp\/v2\/product\/793043612\/revisions\/793055772"}],"wp:featuredmedia":[{"embeddable":true,"href":"https:\/\/autostil.ba\/maloprodaja\/wp-json\/wp\/v2\/media\/160147"}],"wp:attachment":[{"href":"https:\/\/autostil.ba\/maloprodaja\/wp-json\/wp\/v2\/media?parent=793043612"}],"wp:term":[{"taxonomy":"product_brand","embeddable":true,"href":"https:\/\/autostil.ba\/maloprodaja\/wp-json\/wp\/v2\/product_brand?post=793043612"},{"taxonomy":"product_cat","embeddable":true,"href":"https:\/\/autostil.ba\/maloprodaja\/wp-json\/wp\/v2\/product_cat?post=793043612"},{"taxonomy":"product_tag","embeddable":true,"href":"https:\/\/autostil.ba\/maloprodaja\/wp-json\/wp\/v2\/product_tag?post=793043612"}],"curies":[{"name":"wp","href":"https:\/\/api.w.org\/{rel}","templated":true}]}}