{"id":793043540,"date":"2025-08-30T14:22:50","date_gmt":"2025-08-30T12:22:50","guid":{"rendered":"https:\/\/autostil.ba\/maloprodaja\/?post_type=product&#038;p=793043540"},"modified":"2026-04-08T12:34:37","modified_gmt":"2026-04-08T10:34:37","slug":"krovni-kofer-nordrive-430l-190x78x36-sjajni-crni","status":"publish","type":"product","link":"https:\/\/autostil.ba\/maloprodaja\/proizvod\/13492\/krovni-kofer-nordrive-430l-190x78x36-sjajni-crni\/","title":{"rendered":"KROVNI KOFER NORDRIVE 430L 190x78x36 SJAJNI CRNI"},"content":{"rendered":"","protected":false},"excerpt":{"rendered":"<p>ABS sa akrilnim metakrilatom protiv grebanja. ABS plastika otporna na udarce otporna na UV zra\u010denje.<br \/>\n4 mm debljine na po\u010detku.<br \/>\nSistem centralnog zaklju\u010davanja sa 2 ili 3 ta\u010dke pri\u010dvr\u0161\u0107ivanja.<br \/>\nSistem otvaranja: metalne \u010deljusti sa kontrastnom oprugom.<br \/>\nSistem pri\u010dvr\u0161\u0107ivanja na \u0161ipke: dupli set &#8220;U&#8221; kuka (4&#215;60 mm + 4&#215;92 mm) i set za brzo postavljanje (opciono)<br \/>\nUklju\u010deno: uputstvo za upotrebu + 2 trake za pri\u010dvr\u0161\u0107ivanje za dr\u017eanje tereta<br \/>\nNosivost: max 75 kg<br \/>\nOdobrenje: GS-T\u00dcV<\/p>\n","protected":false},"featured_media":160275,"comment_status":"open","ping_status":"closed","template":"","meta":{"_acf_changed":false,"inline_featured_image":false},"product_brand":[],"product_cat":[153],"product_tag":[],"class_list":{"0":"post-793043540","1":"product","2":"type-product","3":"status-publish","4":"has-post-thumbnail","6":"product_cat-krovni-koferi","8":"first","9":"instock","10":"taxable","11":"shipping-taxable","12":"purchasable","13":"product-type-simple"},"acf":[],"custom_product_id":"13492","_links":{"self":[{"href":"https:\/\/autostil.ba\/maloprodaja\/wp-json\/wp\/v2\/product\/793043540","targetHints":{"allow":["GET"]}}],"collection":[{"href":"https:\/\/autostil.ba\/maloprodaja\/wp-json\/wp\/v2\/product"}],"about":[{"href":"https:\/\/autostil.ba\/maloprodaja\/wp-json\/wp\/v2\/types\/product"}],"replies":[{"embeddable":true,"href":"https:\/\/autostil.ba\/maloprodaja\/wp-json\/wp\/v2\/comments?post=793043540"}],"version-history":[{"count":1,"href":"https:\/\/autostil.ba\/maloprodaja\/wp-json\/wp\/v2\/product\/793043540\/revisions"}],"predecessor-version":[{"id":793043541,"href":"https:\/\/autostil.ba\/maloprodaja\/wp-json\/wp\/v2\/product\/793043540\/revisions\/793043541"}],"wp:featuredmedia":[{"embeddable":true,"href":"https:\/\/autostil.ba\/maloprodaja\/wp-json\/wp\/v2\/media\/160275"}],"wp:attachment":[{"href":"https:\/\/autostil.ba\/maloprodaja\/wp-json\/wp\/v2\/media?parent=793043540"}],"wp:term":[{"taxonomy":"product_brand","embeddable":true,"href":"https:\/\/autostil.ba\/maloprodaja\/wp-json\/wp\/v2\/product_brand?post=793043540"},{"taxonomy":"product_cat","embeddable":true,"href":"https:\/\/autostil.ba\/maloprodaja\/wp-json\/wp\/v2\/product_cat?post=793043540"},{"taxonomy":"product_tag","embeddable":true,"href":"https:\/\/autostil.ba\/maloprodaja\/wp-json\/wp\/v2\/product_tag?post=793043540"}],"curies":[{"name":"wp","href":"https:\/\/api.w.org\/{rel}","templated":true}]}}