{"id":793043378,"date":"2025-02-27T10:23:53","date_gmt":"2025-02-27T08:23:53","guid":{"rendered":"https:\/\/autostil.ba\/maloprodaja\/?post_type=product&#038;p=793043378"},"modified":"2026-04-08T12:34:31","modified_gmt":"2026-04-08T10:34:31","slug":"bizol-aditiv-za-ciscenje-dizel-sistema-250ml","status":"publish","type":"product","link":"https:\/\/autostil.ba\/maloprodaja\/proizvod\/13464\/bizol-aditiv-za-ciscenje-dizel-sistema-250ml\/","title":{"rendered":"BIZOL ADITIV ZA \u010cI\u0160\u0106ENJE DIZEL SISTEMA 250ml"},"content":{"rendered":"","protected":false},"excerpt":{"rendered":"<p>Sredstva za \u010di\u0161\u0107enje koja se nalaze u njemu efikasno ispiraju naslage sa \u0161ina za ubrizgavanje i injektora i \u010diste komoru za sagorevanje, \u0161to smanjuje potro\u0161nju goriva i zna\u010dajno pove\u0107ava kulturu rada pogonske jedinice. Spre\u010dava koroziju u sistemu goriva. Pakovanje od 250ml je dovoljno za 75L dizel goriva. Treba ga sipati u rezervoar za gorivo, me\u0161anje se de\u0161ava spontano.<\/p>\n<p>Karakteristike BIZOL Diesel System Clean+ d60:<\/p>\n<p>1. Odr\u017eava sistem goriva i komore za sagorevanje \u010distima<br \/>\n2. Spre\u010dava nakupljanje naslaga<br \/>\n3. Sadr\u017ei antioksidans koji sprje\u010dava koroziju<\/p>\n","protected":false},"featured_media":160248,"comment_status":"open","ping_status":"closed","template":"","meta":{"_acf_changed":false,"inline_featured_image":false},"product_brand":[],"product_cat":[69],"product_tag":[],"class_list":{"0":"post-793043378","1":"product","2":"type-product","3":"status-publish","4":"has-post-thumbnail","6":"product_cat-aditivi","8":"first","9":"instock","10":"taxable","11":"shipping-taxable","12":"purchasable","13":"product-type-simple"},"acf":[],"custom_product_id":"13464","_links":{"self":[{"href":"https:\/\/autostil.ba\/maloprodaja\/wp-json\/wp\/v2\/product\/793043378","targetHints":{"allow":["GET"]}}],"collection":[{"href":"https:\/\/autostil.ba\/maloprodaja\/wp-json\/wp\/v2\/product"}],"about":[{"href":"https:\/\/autostil.ba\/maloprodaja\/wp-json\/wp\/v2\/types\/product"}],"replies":[{"embeddable":true,"href":"https:\/\/autostil.ba\/maloprodaja\/wp-json\/wp\/v2\/comments?post=793043378"}],"version-history":[{"count":1,"href":"https:\/\/autostil.ba\/maloprodaja\/wp-json\/wp\/v2\/product\/793043378\/revisions"}],"predecessor-version":[{"id":793043379,"href":"https:\/\/autostil.ba\/maloprodaja\/wp-json\/wp\/v2\/product\/793043378\/revisions\/793043379"}],"wp:featuredmedia":[{"embeddable":true,"href":"https:\/\/autostil.ba\/maloprodaja\/wp-json\/wp\/v2\/media\/160248"}],"wp:attachment":[{"href":"https:\/\/autostil.ba\/maloprodaja\/wp-json\/wp\/v2\/media?parent=793043378"}],"wp:term":[{"taxonomy":"product_brand","embeddable":true,"href":"https:\/\/autostil.ba\/maloprodaja\/wp-json\/wp\/v2\/product_brand?post=793043378"},{"taxonomy":"product_cat","embeddable":true,"href":"https:\/\/autostil.ba\/maloprodaja\/wp-json\/wp\/v2\/product_cat?post=793043378"},{"taxonomy":"product_tag","embeddable":true,"href":"https:\/\/autostil.ba\/maloprodaja\/wp-json\/wp\/v2\/product_tag?post=793043378"}],"curies":[{"name":"wp","href":"https:\/\/api.w.org\/{rel}","templated":true}]}}