{"id":793043360,"date":"2025-02-27T10:23:52","date_gmt":"2025-02-27T08:23:52","guid":{"rendered":"https:\/\/autostil.ba\/maloprodaja\/?post_type=product&#038;p=793043360"},"modified":"2026-04-08T12:34:31","modified_gmt":"2026-04-08T10:34:31","slug":"bizol-aditiv-za-dizel-motore-500ml","status":"publish","type":"product","link":"https:\/\/autostil.ba\/maloprodaja\/proizvod\/13462\/bizol-aditiv-za-dizel-motore-500ml\/","title":{"rendered":"BIZOL ADITIV ZA DIZEL MOTORE 500ml"},"content":{"rendered":"","protected":false},"excerpt":{"rendered":"<p>Prednosti:<\/p>\n<p>1. Vra\u0107a performanse motora<br \/>\n2. Uklanja naslage u injektorima<br \/>\n3. Smanjuje emisiju izduvnih gasova<br \/>\n4. Osigurava ti\u0161i i ugla\u0111eniji rad motora<\/p>\n<p>Opis proizvoda<\/p>\n<p>BIZOL Diesel Power Boost je aditiv za gorivo posebno razvijen za vra\u0107anje performansi dizel motora. \u010ciste mlaznice su neophodne za performanse motora automobila. Ako su injektori za\u010depljeni, motor ne dobija odgovaraju\u0107u koli\u010dinu goriva koja mu je potrebna. BIZOL Diesel Power Boost sadr\u017ei posebno razvijene aditive za kontrolu talo\u017eenja (DCA). Uklanja naslage i spre\u010dava stvaranje naslaga, \u0161to dovodi do vra\u0107anja performansi dizel motora. Mo\u017ee se koristiti kao preventivna mjera u svakom servisu, nakon zavr\u0161etka popravke sistema goriva ili jednostavno za pobolj\u0161anje prefinjenosti motora.<\/p>\n<p>BIZOL Diesel Power Boost se mo\u017ee koristiti na nekoliko na\u010dina. 1. Direktno kroz cijev za gorivo. Odvojite dovodne i povratne vodove goriva i stavite ih u posudu za \u010di\u0161\u0107enje sistema. Pokrenite motor i pustite ga da radi na razli\u010ditim brzinama oko 20 minuta. Prije pra\u017enjenja limenke, zaustavite motor, ponovo spojite cijev za gorivo i provjerite curenje. 2. Sa filterom goriva. Prilikom svakog servisa napunite ku\u0107i\u0161te filtera za gorivo aditivom i sipajte ostatak sadr\u017eaja limenke u rezervoar za gorivo. 3. Sipati u rezervoar za gorivo. Sipajte u rezervoar za gorivo pri svakom servisu i uverite se da je rezervoar pun najmanje 1\/3 &#8211; jedna konzerva od 500 ml mo\u017ee da primi do 70 litara goriva.<\/p>\n","protected":false},"featured_media":160247,"comment_status":"open","ping_status":"closed","template":"","meta":{"_acf_changed":false,"inline_featured_image":false},"product_brand":[],"product_cat":[69],"product_tag":[],"class_list":{"0":"post-793043360","1":"product","2":"type-product","3":"status-publish","4":"has-post-thumbnail","6":"product_cat-aditivi","8":"first","9":"instock","10":"taxable","11":"shipping-taxable","12":"purchasable","13":"product-type-simple"},"acf":[],"custom_product_id":"13462","_links":{"self":[{"href":"https:\/\/autostil.ba\/maloprodaja\/wp-json\/wp\/v2\/product\/793043360","targetHints":{"allow":["GET"]}}],"collection":[{"href":"https:\/\/autostil.ba\/maloprodaja\/wp-json\/wp\/v2\/product"}],"about":[{"href":"https:\/\/autostil.ba\/maloprodaja\/wp-json\/wp\/v2\/types\/product"}],"replies":[{"embeddable":true,"href":"https:\/\/autostil.ba\/maloprodaja\/wp-json\/wp\/v2\/comments?post=793043360"}],"version-history":[{"count":2,"href":"https:\/\/autostil.ba\/maloprodaja\/wp-json\/wp\/v2\/product\/793043360\/revisions"}],"predecessor-version":[{"id":793049697,"href":"https:\/\/autostil.ba\/maloprodaja\/wp-json\/wp\/v2\/product\/793043360\/revisions\/793049697"}],"wp:featuredmedia":[{"embeddable":true,"href":"https:\/\/autostil.ba\/maloprodaja\/wp-json\/wp\/v2\/media\/160247"}],"wp:attachment":[{"href":"https:\/\/autostil.ba\/maloprodaja\/wp-json\/wp\/v2\/media?parent=793043360"}],"wp:term":[{"taxonomy":"product_brand","embeddable":true,"href":"https:\/\/autostil.ba\/maloprodaja\/wp-json\/wp\/v2\/product_brand?post=793043360"},{"taxonomy":"product_cat","embeddable":true,"href":"https:\/\/autostil.ba\/maloprodaja\/wp-json\/wp\/v2\/product_cat?post=793043360"},{"taxonomy":"product_tag","embeddable":true,"href":"https:\/\/autostil.ba\/maloprodaja\/wp-json\/wp\/v2\/product_tag?post=793043360"}],"curies":[{"name":"wp","href":"https:\/\/api.w.org\/{rel}","templated":true}]}}