{"id":793042514,"date":"2024-09-05T07:22:03","date_gmt":"2024-09-05T05:22:03","guid":{"rendered":"https:\/\/autostil.ba\/maloprodaja\/?post_type=product&#038;p=793042514"},"modified":"2026-04-08T12:34:00","modified_gmt":"2026-04-08T10:34:00","slug":"krovni-nosac-g3-opel-movano-l1-l2-l3-l4-h2-h3-2010-2020-1-sipka","status":"publish","type":"product","link":"https:\/\/autostil.ba\/maloprodaja\/proizvod\/13476\/krovni-nosac-g3-opel-movano-l1-l2-l3-l4-h2-h3-2010-2020-1-sipka\/","title":{"rendered":"KROVNI NOSA\u010c G3 OPEL MOVANO (L1\/L2\/L3\/L4\/H2\/H3) 2010-2020 (1 \u0160IPKA)"},"content":{"rendered":"","protected":false},"excerpt":{"rendered":"<p>Krovni nosa\u010d za komercijalna vozila; Visina \u0161ipke se pode\u0161ava. Du\u017eina: 150 cm, Materijal: aluminijum, Max. optere\u0107enje: 100kg, Sa bravicom. NAPOMENA: NAGLA\u0160ENA CIJENA JE ZA 1 \u0160IPKU !!<\/p>\n","protected":false},"featured_media":160260,"comment_status":"open","ping_status":"closed","template":"","meta":{"_acf_changed":false,"inline_featured_image":false},"product_brand":[],"product_cat":[134],"product_tag":[],"class_list":{"0":"post-793042514","1":"product","2":"type-product","3":"status-publish","4":"has-post-thumbnail","6":"product_cat-krovni-nosaci-tipski","8":"first","9":"instock","10":"taxable","11":"shipping-taxable","12":"purchasable","13":"product-type-simple"},"acf":[],"custom_product_id":"13476","_links":{"self":[{"href":"https:\/\/autostil.ba\/maloprodaja\/wp-json\/wp\/v2\/product\/793042514","targetHints":{"allow":["GET"]}}],"collection":[{"href":"https:\/\/autostil.ba\/maloprodaja\/wp-json\/wp\/v2\/product"}],"about":[{"href":"https:\/\/autostil.ba\/maloprodaja\/wp-json\/wp\/v2\/types\/product"}],"replies":[{"embeddable":true,"href":"https:\/\/autostil.ba\/maloprodaja\/wp-json\/wp\/v2\/comments?post=793042514"}],"version-history":[{"count":1,"href":"https:\/\/autostil.ba\/maloprodaja\/wp-json\/wp\/v2\/product\/793042514\/revisions"}],"predecessor-version":[{"id":793042515,"href":"https:\/\/autostil.ba\/maloprodaja\/wp-json\/wp\/v2\/product\/793042514\/revisions\/793042515"}],"wp:featuredmedia":[{"embeddable":true,"href":"https:\/\/autostil.ba\/maloprodaja\/wp-json\/wp\/v2\/media\/160260"}],"wp:attachment":[{"href":"https:\/\/autostil.ba\/maloprodaja\/wp-json\/wp\/v2\/media?parent=793042514"}],"wp:term":[{"taxonomy":"product_brand","embeddable":true,"href":"https:\/\/autostil.ba\/maloprodaja\/wp-json\/wp\/v2\/product_brand?post=793042514"},{"taxonomy":"product_cat","embeddable":true,"href":"https:\/\/autostil.ba\/maloprodaja\/wp-json\/wp\/v2\/product_cat?post=793042514"},{"taxonomy":"product_tag","embeddable":true,"href":"https:\/\/autostil.ba\/maloprodaja\/wp-json\/wp\/v2\/product_tag?post=793042514"}],"curies":[{"name":"wp","href":"https:\/\/api.w.org\/{rel}","templated":true}]}}