{"id":793042028,"date":"2025-08-15T08:43:08","date_gmt":"2025-08-15T06:43:08","guid":{"rendered":"https:\/\/autostil.ba\/maloprodaja\/?post_type=product&#038;p=793042028"},"modified":"2026-04-08T12:33:47","modified_gmt":"2026-04-08T10:33:47","slug":"liqui-moly-ceratec-keramicki-aditiv-za-zastitu-motora-i-mjenjaca-300ml","status":"publish","type":"product","link":"https:\/\/autostil.ba\/maloprodaja\/proizvod\/13542\/liqui-moly-ceratec-keramicki-aditiv-za-zastitu-motora-i-mjenjaca-300ml\/","title":{"rendered":"LIQUI MOLY CERATEC KERAMI\u010cKI ADITIV ZA ZA\u0160TITU MOTORA I MJENJA\u010cA 300ml"},"content":{"rendered":"","protected":false},"excerpt":{"rendered":"<p>CERA TEC je visokokvalitetan tehnolo\u0161ki proizvod namijenjen za kerami\u010dku za\u0161titu za sve vrste motornih ulja. CERA TEC smanjuje trenje i tro\u0161enje motora zahvaljuju\u0107i kerami\u010dkim sastojcima koji su otporni na visoka hemijska i termi\u010dka optere\u0107enja. Tako\u0111e zaustavlja direktan \u201cmetal na metal\u201d kontakt, te na taj na\u010din produ\u017euje radni vijek motora. Efekat smanjenog trenja tako\u0111e smanjuje potro\u0161nju goriva, kako kod benzinskih, tako i kod diesel motora. Jedno pakovanje je dovoljno za 5 litara motornog ulja.<\/p>\n","protected":false},"featured_media":160163,"comment_status":"open","ping_status":"closed","template":"","meta":{"_acf_changed":false,"inline_featured_image":false},"product_brand":[],"product_cat":[69],"product_tag":[],"class_list":{"0":"post-793042028","1":"product","2":"type-product","3":"status-publish","4":"has-post-thumbnail","6":"product_cat-aditivi","8":"first","9":"instock","10":"taxable","11":"shipping-taxable","12":"purchasable","13":"product-type-simple"},"acf":[],"custom_product_id":"13542","_links":{"self":[{"href":"https:\/\/autostil.ba\/maloprodaja\/wp-json\/wp\/v2\/product\/793042028","targetHints":{"allow":["GET"]}}],"collection":[{"href":"https:\/\/autostil.ba\/maloprodaja\/wp-json\/wp\/v2\/product"}],"about":[{"href":"https:\/\/autostil.ba\/maloprodaja\/wp-json\/wp\/v2\/types\/product"}],"replies":[{"embeddable":true,"href":"https:\/\/autostil.ba\/maloprodaja\/wp-json\/wp\/v2\/comments?post=793042028"}],"version-history":[{"count":1,"href":"https:\/\/autostil.ba\/maloprodaja\/wp-json\/wp\/v2\/product\/793042028\/revisions"}],"predecessor-version":[{"id":793042029,"href":"https:\/\/autostil.ba\/maloprodaja\/wp-json\/wp\/v2\/product\/793042028\/revisions\/793042029"}],"wp:featuredmedia":[{"embeddable":true,"href":"https:\/\/autostil.ba\/maloprodaja\/wp-json\/wp\/v2\/media\/160163"}],"wp:attachment":[{"href":"https:\/\/autostil.ba\/maloprodaja\/wp-json\/wp\/v2\/media?parent=793042028"}],"wp:term":[{"taxonomy":"product_brand","embeddable":true,"href":"https:\/\/autostil.ba\/maloprodaja\/wp-json\/wp\/v2\/product_brand?post=793042028"},{"taxonomy":"product_cat","embeddable":true,"href":"https:\/\/autostil.ba\/maloprodaja\/wp-json\/wp\/v2\/product_cat?post=793042028"},{"taxonomy":"product_tag","embeddable":true,"href":"https:\/\/autostil.ba\/maloprodaja\/wp-json\/wp\/v2\/product_tag?post=793042028"}],"curies":[{"name":"wp","href":"https:\/\/api.w.org\/{rel}","templated":true}]}}