{"id":793041938,"date":"2024-12-12T08:38:10","date_gmt":"2024-12-12T06:38:10","guid":{"rendered":"https:\/\/autostil.ba\/maloprodaja\/?post_type=product&#038;p=793041938"},"modified":"2026-04-08T12:33:42","modified_gmt":"2026-04-08T10:33:42","slug":"sprej-za-farbanje-koze-bez-dupli-color-200-ml","status":"publish","type":"product","link":"https:\/\/autostil.ba\/maloprodaja\/proizvod\/13427\/sprej-za-farbanje-koze-bez-dupli-color-200-ml\/","title":{"rendered":"SPREJ ZA FARBANJE KO\u017dE BE\u017d DUPLI COLOR 200 ml"},"content":{"rendered":"","protected":false},"excerpt":{"rendered":"<p>MoTip boja za ko\u017eu u be\u017e boji je visokokvalitetna zavr\u0161na obrada za farbanje ko\u017ee. Ko\u017ena boja se brzo su\u0161i i ostaje mekana i elasti\u010dna \u010dak i nakon \u0161to se potpuno osu\u0161i. Boja je profesionalnog kvaliteta, tako da boja i sjaj ostaju lijepi dugo vremena dok se zadr\u017eava originalna struktura ko\u017ee.<\/p>\n<p>MoTip Leather Boja u be\u017e boji mo\u017ee se koristiti univerzalno za mnoge primjene: ko\u017eu, Skaj, vinil i jo\u0161 mnogo toga. Mo\u017eete ga koristiti za farbanje ko\u017ene sofe ili fotelje, ali je boja pogodna i za farbanje instrument table, auto sedi\u0161ta ili presvlake automobila.<\/p>\n","protected":false},"featured_media":160213,"comment_status":"open","ping_status":"closed","template":"","meta":{"_acf_changed":false,"inline_featured_image":false},"product_brand":[],"product_cat":[68],"product_tag":[],"class_list":{"0":"post-793041938","1":"product","2":"type-product","3":"status-publish","4":"has-post-thumbnail","6":"product_cat-sprejevi-za-farbanje","8":"first","9":"instock","10":"taxable","11":"shipping-taxable","12":"purchasable","13":"product-type-simple"},"acf":[],"custom_product_id":"13427","_links":{"self":[{"href":"https:\/\/autostil.ba\/maloprodaja\/wp-json\/wp\/v2\/product\/793041938","targetHints":{"allow":["GET"]}}],"collection":[{"href":"https:\/\/autostil.ba\/maloprodaja\/wp-json\/wp\/v2\/product"}],"about":[{"href":"https:\/\/autostil.ba\/maloprodaja\/wp-json\/wp\/v2\/types\/product"}],"replies":[{"embeddable":true,"href":"https:\/\/autostil.ba\/maloprodaja\/wp-json\/wp\/v2\/comments?post=793041938"}],"version-history":[{"count":1,"href":"https:\/\/autostil.ba\/maloprodaja\/wp-json\/wp\/v2\/product\/793041938\/revisions"}],"predecessor-version":[{"id":793041939,"href":"https:\/\/autostil.ba\/maloprodaja\/wp-json\/wp\/v2\/product\/793041938\/revisions\/793041939"}],"wp:featuredmedia":[{"embeddable":true,"href":"https:\/\/autostil.ba\/maloprodaja\/wp-json\/wp\/v2\/media\/160213"}],"wp:attachment":[{"href":"https:\/\/autostil.ba\/maloprodaja\/wp-json\/wp\/v2\/media?parent=793041938"}],"wp:term":[{"taxonomy":"product_brand","embeddable":true,"href":"https:\/\/autostil.ba\/maloprodaja\/wp-json\/wp\/v2\/product_brand?post=793041938"},{"taxonomy":"product_cat","embeddable":true,"href":"https:\/\/autostil.ba\/maloprodaja\/wp-json\/wp\/v2\/product_cat?post=793041938"},{"taxonomy":"product_tag","embeddable":true,"href":"https:\/\/autostil.ba\/maloprodaja\/wp-json\/wp\/v2\/product_tag?post=793041938"}],"curies":[{"name":"wp","href":"https:\/\/api.w.org\/{rel}","templated":true}]}}