{"id":793041920,"date":"2026-04-13T18:29:09","date_gmt":"2026-04-13T16:29:09","guid":{"rendered":"https:\/\/autostil.ba\/maloprodaja\/?post_type=product&#038;p=793041920"},"modified":"2026-04-23T11:59:36","modified_gmt":"2026-04-23T09:59:36","slug":"kofer-za-krovni-nosac-g3-spark-rapid-320-crni-240l-133x73x36cm","status":"publish","type":"product","link":"https:\/\/autostil.ba\/maloprodaja\/proizvod\/13446\/kofer-za-krovni-nosac-g3-spark-rapid-320-crni-240l-133x73x36cm\/","title":{"rendered":"KOFER ZA KROVNI NOSA\u010c G3 SPARK RAPID 320 CRNI\/240L 133X73X36cm"},"content":{"rendered":"","protected":false},"excerpt":{"rendered":"<p>Krovni kofer- Dimenzije: du\u017eina 1330 mm, \u0161irina 730 mm, visina 360 mm. Unutra\u0161nja du\u017eina 350 mm, unutra\u0161nja \u0161irina 638 mm, unutra\u0161nja du\u017eina 1248 mm. Prava testirana zapremina 240 l. Boja neprozirna, crna. Neto te\u017eina 7 kg, bruto te\u017eina 10 kg. Maksimalno optere\u0107enje 50 kg. Otvaranje jednostrano. Prednja opruga &#8211; K3.014 \/ strag<\/p>\n","protected":false},"featured_media":793045843,"comment_status":"open","ping_status":"closed","template":"","meta":{"_acf_changed":false,"inline_featured_image":false},"product_brand":[],"product_cat":[153],"product_tag":[],"class_list":{"0":"post-793041920","1":"product","2":"type-product","3":"status-publish","4":"has-post-thumbnail","6":"product_cat-krovni-koferi","8":"first","9":"instock","10":"taxable","11":"shipping-taxable","12":"purchasable","13":"product-type-simple"},"acf":[],"custom_product_id":"13446","_links":{"self":[{"href":"https:\/\/autostil.ba\/maloprodaja\/wp-json\/wp\/v2\/product\/793041920","targetHints":{"allow":["GET"]}}],"collection":[{"href":"https:\/\/autostil.ba\/maloprodaja\/wp-json\/wp\/v2\/product"}],"about":[{"href":"https:\/\/autostil.ba\/maloprodaja\/wp-json\/wp\/v2\/types\/product"}],"replies":[{"embeddable":true,"href":"https:\/\/autostil.ba\/maloprodaja\/wp-json\/wp\/v2\/comments?post=793041920"}],"version-history":[{"count":1,"href":"https:\/\/autostil.ba\/maloprodaja\/wp-json\/wp\/v2\/product\/793041920\/revisions"}],"predecessor-version":[{"id":793041921,"href":"https:\/\/autostil.ba\/maloprodaja\/wp-json\/wp\/v2\/product\/793041920\/revisions\/793041921"}],"wp:featuredmedia":[{"embeddable":true,"href":"https:\/\/autostil.ba\/maloprodaja\/wp-json\/wp\/v2\/media\/793045843"}],"wp:attachment":[{"href":"https:\/\/autostil.ba\/maloprodaja\/wp-json\/wp\/v2\/media?parent=793041920"}],"wp:term":[{"taxonomy":"product_brand","embeddable":true,"href":"https:\/\/autostil.ba\/maloprodaja\/wp-json\/wp\/v2\/product_brand?post=793041920"},{"taxonomy":"product_cat","embeddable":true,"href":"https:\/\/autostil.ba\/maloprodaja\/wp-json\/wp\/v2\/product_cat?post=793041920"},{"taxonomy":"product_tag","embeddable":true,"href":"https:\/\/autostil.ba\/maloprodaja\/wp-json\/wp\/v2\/product_tag?post=793041920"}],"curies":[{"name":"wp","href":"https:\/\/api.w.org\/{rel}","templated":true}]}}