{"id":793041722,"date":"2025-02-26T15:17:11","date_gmt":"2025-02-26T13:17:11","guid":{"rendered":"https:\/\/autostil.ba\/maloprodaja\/?post_type=product&#038;p=793041722"},"modified":"2026-04-08T12:33:35","modified_gmt":"2026-04-08T10:33:35","slug":"gel-magicni-za-ciscenje-u-kutiji-200g-amtra","status":"publish","type":"product","link":"https:\/\/autostil.ba\/maloprodaja\/proizvod\/13426\/gel-magicni-za-ciscenje-u-kutiji-200g-amtra\/","title":{"rendered":"GEL MAGI\u010cNI ZA \u010cI\u0160\u0106ENJE U KUTIJI 200g AMTRA"},"content":{"rendered":"","protected":false},"excerpt":{"rendered":"<p>Magi\u010dni gel za \u010di\u0161\u0107enje instrument table, dr\u017ea\u010da za \u010da\u0161e i drugih te\u0161ko dostupnih mjesta. Mo\u017ee se koristiti i za \u010di\u0161\u0107enje tastatura, telefona, ra\u010dunara, mi\u0161eva i konzola. \u010carobni gel je elasti\u010dna masa koja zahvaljuju\u0107i svojim svojstvima savr\u0161eno prodire u svaki kutak i pukotinu i uklanja prljav\u0161tinu i pra\u0161inu s njih. Ne ostavlja nikakve tragove i odr\u017eava va\u0161e ruke \u010distima. Sigurno za osjetljive predmete. Magi\u010dni gel je za vi\u0161ekratnu upotrebu, samo ga operite i osu\u0161ite.<\/p>\n","protected":false},"featured_media":160210,"comment_status":"open","ping_status":"closed","template":"","meta":{"_acf_changed":false,"inline_featured_image":false},"product_brand":[],"product_cat":[164],"product_tag":[],"class_list":{"0":"post-793041722","1":"product","2":"type-product","3":"status-publish","4":"has-post-thumbnail","6":"product_cat-car-detailing","8":"first","9":"instock","10":"taxable","11":"shipping-taxable","12":"purchasable","13":"product-type-simple"},"acf":[],"custom_product_id":"13426","_links":{"self":[{"href":"https:\/\/autostil.ba\/maloprodaja\/wp-json\/wp\/v2\/product\/793041722","targetHints":{"allow":["GET"]}}],"collection":[{"href":"https:\/\/autostil.ba\/maloprodaja\/wp-json\/wp\/v2\/product"}],"about":[{"href":"https:\/\/autostil.ba\/maloprodaja\/wp-json\/wp\/v2\/types\/product"}],"replies":[{"embeddable":true,"href":"https:\/\/autostil.ba\/maloprodaja\/wp-json\/wp\/v2\/comments?post=793041722"}],"version-history":[{"count":1,"href":"https:\/\/autostil.ba\/maloprodaja\/wp-json\/wp\/v2\/product\/793041722\/revisions"}],"predecessor-version":[{"id":793041723,"href":"https:\/\/autostil.ba\/maloprodaja\/wp-json\/wp\/v2\/product\/793041722\/revisions\/793041723"}],"wp:featuredmedia":[{"embeddable":true,"href":"https:\/\/autostil.ba\/maloprodaja\/wp-json\/wp\/v2\/media\/160210"}],"wp:attachment":[{"href":"https:\/\/autostil.ba\/maloprodaja\/wp-json\/wp\/v2\/media?parent=793041722"}],"wp:term":[{"taxonomy":"product_brand","embeddable":true,"href":"https:\/\/autostil.ba\/maloprodaja\/wp-json\/wp\/v2\/product_brand?post=793041722"},{"taxonomy":"product_cat","embeddable":true,"href":"https:\/\/autostil.ba\/maloprodaja\/wp-json\/wp\/v2\/product_cat?post=793041722"},{"taxonomy":"product_tag","embeddable":true,"href":"https:\/\/autostil.ba\/maloprodaja\/wp-json\/wp\/v2\/product_tag?post=793041722"}],"curies":[{"name":"wp","href":"https:\/\/api.w.org\/{rel}","templated":true}]}}