{"id":793041668,"date":"2024-09-05T07:22:12","date_gmt":"2024-09-05T05:22:12","guid":{"rendered":"https:\/\/autostil.ba\/maloprodaja\/?post_type=product&#038;p=793041668"},"modified":"2026-04-08T12:33:35","modified_gmt":"2026-04-08T10:33:35","slug":"cetkica-za-detailing-kist-12-25mm-amtra","status":"publish","type":"product","link":"https:\/\/autostil.ba\/maloprodaja\/proizvod\/13423\/cetkica-za-detailing-kist-12-25mm-amtra\/","title":{"rendered":"\u010cETKICA ZA DETAILING KIST 12-25mm AMTRA"},"content":{"rendered":"","protected":false},"excerpt":{"rendered":"<p>\u010cetka dizajnirana za suho i mokro \u010di\u0161\u0107enje te\u0161ko dostupnih mjesta. Visokokvalitetne \u010dekinje su pogodne za \u010di\u0161\u0107enje naplataka, udubljenja, panela vrata i motornog prostora. \u010cekinje su napravljene od sinteti\u010dkog materijala koji je otporan \u010dak i na vrlo jake hemikalije. Plasti\u010dni poklopac \u0161titi od slu\u010dajnog grebanja okolne povr\u0161ine. Ergonomska ru\u010dka dobro le\u017ei u ruci. Nemojte koristiti na vrlo osjetljivim povr\u0161inama sklonim grebanju, npr. klavir crni.<\/p>\n","protected":false},"featured_media":160207,"comment_status":"open","ping_status":"closed","template":"","meta":{"_acf_changed":false,"inline_featured_image":false},"product_brand":[],"product_cat":[164],"product_tag":[],"class_list":{"0":"post-793041668","1":"product","2":"type-product","3":"status-publish","4":"has-post-thumbnail","6":"product_cat-car-detailing","8":"first","9":"instock","10":"taxable","11":"shipping-taxable","12":"purchasable","13":"product-type-simple"},"acf":[],"custom_product_id":"13423","_links":{"self":[{"href":"https:\/\/autostil.ba\/maloprodaja\/wp-json\/wp\/v2\/product\/793041668","targetHints":{"allow":["GET"]}}],"collection":[{"href":"https:\/\/autostil.ba\/maloprodaja\/wp-json\/wp\/v2\/product"}],"about":[{"href":"https:\/\/autostil.ba\/maloprodaja\/wp-json\/wp\/v2\/types\/product"}],"replies":[{"embeddable":true,"href":"https:\/\/autostil.ba\/maloprodaja\/wp-json\/wp\/v2\/comments?post=793041668"}],"version-history":[{"count":1,"href":"https:\/\/autostil.ba\/maloprodaja\/wp-json\/wp\/v2\/product\/793041668\/revisions"}],"predecessor-version":[{"id":793041669,"href":"https:\/\/autostil.ba\/maloprodaja\/wp-json\/wp\/v2\/product\/793041668\/revisions\/793041669"}],"wp:featuredmedia":[{"embeddable":true,"href":"https:\/\/autostil.ba\/maloprodaja\/wp-json\/wp\/v2\/media\/160207"}],"wp:attachment":[{"href":"https:\/\/autostil.ba\/maloprodaja\/wp-json\/wp\/v2\/media?parent=793041668"}],"wp:term":[{"taxonomy":"product_brand","embeddable":true,"href":"https:\/\/autostil.ba\/maloprodaja\/wp-json\/wp\/v2\/product_brand?post=793041668"},{"taxonomy":"product_cat","embeddable":true,"href":"https:\/\/autostil.ba\/maloprodaja\/wp-json\/wp\/v2\/product_cat?post=793041668"},{"taxonomy":"product_tag","embeddable":true,"href":"https:\/\/autostil.ba\/maloprodaja\/wp-json\/wp\/v2\/product_tag?post=793041668"}],"curies":[{"name":"wp","href":"https:\/\/api.w.org\/{rel}","templated":true}]}}