{"id":793041380,"date":"2025-03-28T10:03:15","date_gmt":"2025-03-28T08:03:15","guid":{"rendered":"https:\/\/autostil.ba\/maloprodaja\/?post_type=product&#038;p=793041380"},"modified":"2026-04-08T12:33:23","modified_gmt":"2026-04-08T10:33:23","slug":"radio-za-auto-android-7-tipski-vw-skoda-grupacija-232gb-ts7","status":"publish","type":"product","link":"https:\/\/autostil.ba\/maloprodaja\/proizvod\/13388\/radio-za-auto-android-7-tipski-vw-skoda-grupacija-232gb-ts7\/","title":{"rendered":"RADIO ZA AUTO ANDROID 7&#8243; TIPSKI VW\/SKODA GRUPACIJA 2+32GB A100 CarPlay"},"content":{"rendered":"","protected":false},"excerpt":{"rendered":"<p>RADIO ZA AUTO ANDROID 7&#8243; TIPSKI VW\/SKODA GRUPACIJA 2+32GB A100 CarPlay:<\/p>\n<p>Uz ure\u0111aj dobijate: &#8211; D\u017eekovi za napajanje (tipski) &#8211; D\u017eek za antenu prelaz &#8211; GPS Antena &#8211; Mikrofon &#8211; USB kabl za muziku 2x &#8211; Kabl za rikverc kameru &#8211; Sve ostale potrebne konektore &#8211; CANBUS modul za ocitavanje podataka sa auta( komande na volanu) Specifikacije: &#8211; CPU: ARMv7 Processor rev 5 (v7I) &#8211; Procesor zvuka TM2313 &#8211; Android 13.0 &#8211; Radna memorija: 2GB &#8211; Interna memorija : 32GB &#8211; Radio:FM &#8211; Bluetooth &#8211; Radio frequency: FM &#8211; GPS Navigacija &#8211; Veli\u010dina ekrana: 7 inch &#8211; Maximum power output: 4*45W &#8211; Digital media format:JPEG\/WMA\/MP3\/MP4\/MP5 Podr\u017eana vozila: VW Passat CC 2008-2013; VW Passat 6 2005-2013; VW Passat 7 2009-2013; VW Golf Plus 2008-2013; VW Golf 5 2004-2009; VW Golf 6 2008-2013; VW Tiguan 2007-2013; VW Touran 2004-2013; VW EOS 2006-2013; VW Jetta 2005-2013; VW Caddy 2004-2016; VW Sharan 2010-2013; VW Amarok 2010-2013; VW Scirocco 2008-2013; VW Polo 6R V. 2009-2013; VW T5 Multivan 2010-2013; VW New Bettle 2011-2013; SEAT Altea 2004-2012; SEAT Altea XL 2007-2013; SEAT Alhambra 2010-2015; SEAT Leon 2006-2013; SEAT Toledo 2004-2015; \u0160KODA Fabia 2007-2014; \u0160KODA Superb 2008-2014; \u0160KODA Octavia 2009-2012; \u0160KODA Yeti 2008-2017.<\/p>\n","protected":false},"featured_media":160177,"comment_status":"open","ping_status":"closed","template":"","meta":{"_acf_changed":false,"inline_featured_image":false},"product_brand":[],"product_cat":[162],"product_tag":[],"class_list":{"0":"post-793041380","1":"product","2":"type-product","3":"status-publish","4":"has-post-thumbnail","6":"product_cat-audio-video-uredaji-za-automobile","8":"first","9":"instock","10":"taxable","11":"shipping-taxable","12":"purchasable","13":"product-type-simple"},"acf":[],"custom_product_id":"13388","_links":{"self":[{"href":"https:\/\/autostil.ba\/maloprodaja\/wp-json\/wp\/v2\/product\/793041380","targetHints":{"allow":["GET"]}}],"collection":[{"href":"https:\/\/autostil.ba\/maloprodaja\/wp-json\/wp\/v2\/product"}],"about":[{"href":"https:\/\/autostil.ba\/maloprodaja\/wp-json\/wp\/v2\/types\/product"}],"replies":[{"embeddable":true,"href":"https:\/\/autostil.ba\/maloprodaja\/wp-json\/wp\/v2\/comments?post=793041380"}],"version-history":[{"count":3,"href":"https:\/\/autostil.ba\/maloprodaja\/wp-json\/wp\/v2\/product\/793041380\/revisions"}],"predecessor-version":[{"id":793050236,"href":"https:\/\/autostil.ba\/maloprodaja\/wp-json\/wp\/v2\/product\/793041380\/revisions\/793050236"}],"wp:featuredmedia":[{"embeddable":true,"href":"https:\/\/autostil.ba\/maloprodaja\/wp-json\/wp\/v2\/media\/160177"}],"wp:attachment":[{"href":"https:\/\/autostil.ba\/maloprodaja\/wp-json\/wp\/v2\/media?parent=793041380"}],"wp:term":[{"taxonomy":"product_brand","embeddable":true,"href":"https:\/\/autostil.ba\/maloprodaja\/wp-json\/wp\/v2\/product_brand?post=793041380"},{"taxonomy":"product_cat","embeddable":true,"href":"https:\/\/autostil.ba\/maloprodaja\/wp-json\/wp\/v2\/product_cat?post=793041380"},{"taxonomy":"product_tag","embeddable":true,"href":"https:\/\/autostil.ba\/maloprodaja\/wp-json\/wp\/v2\/product_tag?post=793041380"}],"curies":[{"name":"wp","href":"https:\/\/api.w.org\/{rel}","templated":true}]}}