{"id":793041362,"date":"2026-02-27T09:52:15","date_gmt":"2026-02-27T07:52:15","guid":{"rendered":"https:\/\/autostil.ba\/maloprodaja\/?post_type=product&#038;p=793041362"},"modified":"2026-04-08T12:33:23","modified_gmt":"2026-04-08T10:33:23","slug":"radio-za-auto-android-7-2-din-232gb-ts7","status":"publish","type":"product","link":"https:\/\/autostil.ba\/maloprodaja\/proizvod\/13386\/radio-za-auto-android-7-2-din-232gb-ts7\/","title":{"rendered":"RADIO ZA AUTO ANDROID 7&#8243; 2 DIN 2+32GB CarPlay"},"content":{"rendered":"","protected":false},"excerpt":{"rendered":"<p>RADIO ZA AUTO ANDROID 7&#8243; 2 DIN 2+32GB CarPlay:<\/p>\n<p>Specifikacije:<\/p>\n<p>Sistem: Android 13<br \/>\nMemorija: 2GB (RAM)+32GB (ROM)<br \/>\nIzlazna snaga: 4*50W<br \/>\nRadio opseg: FM\/RDS<br \/>\nVideo izlaz: podr\u0161ka<br \/>\nVanjski mikrofon: podr\u0161ka<br \/>\nPodijeljeni ekran: podr\u0161ka<br \/>\nWIFI: Podr\u0161ka<br \/>\nUSB: Dvostruki USB interfejs<br \/>\nAudio format: APE\/FLAC\/WAV\/MP3\/WMA itd<br \/>\nVideo format: MKV\/RMVB\/AVI\/MP4\/MDV itd<br \/>\nFormat slike: PNG\/JPEG\/JPG\/GIF\/WBMP\/BNP itd<br \/>\n\u25c6Napon: DC 12V<br \/>\n\u25c6Apple CarPlay: Podr\u017eava be\u017ei\u010dnu\/\u017ei\u010dnu vezu<br \/>\n\u25c6Android Auto: Podr\u017eava be\u017ei\u010dnu\/\u017ei\u010dnu vezu<br \/>\n\u25c6CPU: Quad Core<br \/>\n\u25c6 Veli\u010dina ekrana: 7 in\u010da 2.5D kapacitivni ekran osjetljiv na dodir<br \/>\n\u25c6Bluetooth verzija:5.0<br \/>\n\u25c6Bluetooth klju\u010dna rije\u010d:0000<br \/>\n\u25c6USB: Dual USB 3.0<br \/>\n\u25c6Radio opseg: FM<br \/>\n\u25c6 Rezolucija: 1024*600 Pixel Podr\u017eava 1080P video<\/p>\n","protected":false},"featured_media":793044846,"comment_status":"open","ping_status":"closed","template":"","meta":{"_acf_changed":false,"inline_featured_image":false},"product_brand":[],"product_cat":[162],"product_tag":[],"class_list":{"0":"post-793041362","1":"product","2":"type-product","3":"status-publish","4":"has-post-thumbnail","6":"product_cat-audio-video-uredaji-za-automobile","8":"first","9":"instock","10":"taxable","11":"shipping-taxable","12":"purchasable","13":"product-type-simple"},"acf":[],"custom_product_id":"13386","_links":{"self":[{"href":"https:\/\/autostil.ba\/maloprodaja\/wp-json\/wp\/v2\/product\/793041362","targetHints":{"allow":["GET"]}}],"collection":[{"href":"https:\/\/autostil.ba\/maloprodaja\/wp-json\/wp\/v2\/product"}],"about":[{"href":"https:\/\/autostil.ba\/maloprodaja\/wp-json\/wp\/v2\/types\/product"}],"replies":[{"embeddable":true,"href":"https:\/\/autostil.ba\/maloprodaja\/wp-json\/wp\/v2\/comments?post=793041362"}],"version-history":[{"count":3,"href":"https:\/\/autostil.ba\/maloprodaja\/wp-json\/wp\/v2\/product\/793041362\/revisions"}],"predecessor-version":[{"id":793050196,"href":"https:\/\/autostil.ba\/maloprodaja\/wp-json\/wp\/v2\/product\/793041362\/revisions\/793050196"}],"wp:featuredmedia":[{"embeddable":true,"href":"https:\/\/autostil.ba\/maloprodaja\/wp-json\/wp\/v2\/media\/793044846"}],"wp:attachment":[{"href":"https:\/\/autostil.ba\/maloprodaja\/wp-json\/wp\/v2\/media?parent=793041362"}],"wp:term":[{"taxonomy":"product_brand","embeddable":true,"href":"https:\/\/autostil.ba\/maloprodaja\/wp-json\/wp\/v2\/product_brand?post=793041362"},{"taxonomy":"product_cat","embeddable":true,"href":"https:\/\/autostil.ba\/maloprodaja\/wp-json\/wp\/v2\/product_cat?post=793041362"},{"taxonomy":"product_tag","embeddable":true,"href":"https:\/\/autostil.ba\/maloprodaja\/wp-json\/wp\/v2\/product_tag?post=793041362"}],"curies":[{"name":"wp","href":"https:\/\/api.w.org\/{rel}","templated":true}]}}