{"id":793041128,"date":"2024-09-05T09:29:36","date_gmt":"2024-09-05T07:29:36","guid":{"rendered":"https:\/\/autostil.ba\/maloprodaja\/?post_type=product&#038;p=793041128"},"modified":"2026-04-08T12:33:17","modified_gmt":"2026-04-08T10:33:17","slug":"saraf-za-tocak-konus-aa17-m14x1-5-60mm","status":"publish","type":"product","link":"https:\/\/autostil.ba\/maloprodaja\/proizvod\/13405\/saraf-za-tocak-konus-aa17-m14x1-5-60mm\/","title":{"rendered":"\u0160ARAF ZA TO\u010cAK KONUS AA17 M14X1.5 60mm"},"content":{"rendered":"","protected":false},"excerpt":{"rendered":"<p>\u0160ARAF ZA TO\u010cAK KONUS AA17 M14X1.5 60mm<\/p>\n","protected":false},"featured_media":160190,"comment_status":"open","ping_status":"closed","template":"","meta":{"_acf_changed":false,"inline_featured_image":false},"product_brand":[],"product_cat":[64],"product_tag":[],"class_list":{"0":"post-793041128","1":"product","2":"type-product","3":"status-publish","4":"has-post-thumbnail","6":"product_cat-sarafi-za-felge-zastitni-sarafi-matice","8":"first","9":"instock","10":"taxable","11":"shipping-taxable","12":"purchasable","13":"product-type-simple"},"acf":[],"custom_product_id":"13405","_links":{"self":[{"href":"https:\/\/autostil.ba\/maloprodaja\/wp-json\/wp\/v2\/product\/793041128","targetHints":{"allow":["GET"]}}],"collection":[{"href":"https:\/\/autostil.ba\/maloprodaja\/wp-json\/wp\/v2\/product"}],"about":[{"href":"https:\/\/autostil.ba\/maloprodaja\/wp-json\/wp\/v2\/types\/product"}],"replies":[{"embeddable":true,"href":"https:\/\/autostil.ba\/maloprodaja\/wp-json\/wp\/v2\/comments?post=793041128"}],"version-history":[{"count":1,"href":"https:\/\/autostil.ba\/maloprodaja\/wp-json\/wp\/v2\/product\/793041128\/revisions"}],"predecessor-version":[{"id":793041129,"href":"https:\/\/autostil.ba\/maloprodaja\/wp-json\/wp\/v2\/product\/793041128\/revisions\/793041129"}],"wp:featuredmedia":[{"embeddable":true,"href":"https:\/\/autostil.ba\/maloprodaja\/wp-json\/wp\/v2\/media\/160190"}],"wp:attachment":[{"href":"https:\/\/autostil.ba\/maloprodaja\/wp-json\/wp\/v2\/media?parent=793041128"}],"wp:term":[{"taxonomy":"product_brand","embeddable":true,"href":"https:\/\/autostil.ba\/maloprodaja\/wp-json\/wp\/v2\/product_brand?post=793041128"},{"taxonomy":"product_cat","embeddable":true,"href":"https:\/\/autostil.ba\/maloprodaja\/wp-json\/wp\/v2\/product_cat?post=793041128"},{"taxonomy":"product_tag","embeddable":true,"href":"https:\/\/autostil.ba\/maloprodaja\/wp-json\/wp\/v2\/product_tag?post=793041128"}],"curies":[{"name":"wp","href":"https:\/\/api.w.org\/{rel}","templated":true}]}}