{"id":793040966,"date":"2025-11-19T12:50:20","date_gmt":"2025-11-19T10:50:20","guid":{"rendered":"https:\/\/autostil.ba\/maloprodaja\/?post_type=product&#038;p=793040966"},"modified":"2026-05-07T20:00:08","modified_gmt":"2026-05-07T18:00:08","slug":"saraf-za-tocak-konus-aa17-m12x1-25-30mm","status":"publish","type":"product","link":"https:\/\/autostil.ba\/maloprodaja\/proizvod\/13396\/saraf-za-tocak-konus-aa17-m12x1-25-30mm\/","title":{"rendered":"\u0160ARAF ZA TO\u010cAK KONUS AA17 M12X1.25 30mm"},"content":{"rendered":"","protected":false},"excerpt":{"rendered":"<p>\u0160ARAF ZA TO\u010cAK KONUS AA17 M12X1.25 30mm<\/p>\n","protected":false},"featured_media":793055397,"comment_status":"open","ping_status":"closed","template":"","meta":{"_acf_changed":false,"inline_featured_image":false},"product_brand":[],"product_cat":[64],"product_tag":[],"class_list":{"0":"post-793040966","1":"product","2":"type-product","3":"status-publish","4":"has-post-thumbnail","6":"product_cat-sarafi-za-felge-zastitni-sarafi-matice","8":"first","9":"instock","10":"taxable","11":"shipping-taxable","12":"purchasable","13":"product-type-simple"},"acf":[],"custom_product_id":"13396","_links":{"self":[{"href":"https:\/\/autostil.ba\/maloprodaja\/wp-json\/wp\/v2\/product\/793040966","targetHints":{"allow":["GET"]}}],"collection":[{"href":"https:\/\/autostil.ba\/maloprodaja\/wp-json\/wp\/v2\/product"}],"about":[{"href":"https:\/\/autostil.ba\/maloprodaja\/wp-json\/wp\/v2\/types\/product"}],"replies":[{"embeddable":true,"href":"https:\/\/autostil.ba\/maloprodaja\/wp-json\/wp\/v2\/comments?post=793040966"}],"version-history":[{"count":1,"href":"https:\/\/autostil.ba\/maloprodaja\/wp-json\/wp\/v2\/product\/793040966\/revisions"}],"predecessor-version":[{"id":793040967,"href":"https:\/\/autostil.ba\/maloprodaja\/wp-json\/wp\/v2\/product\/793040966\/revisions\/793040967"}],"wp:featuredmedia":[{"embeddable":true,"href":"https:\/\/autostil.ba\/maloprodaja\/wp-json\/wp\/v2\/media\/793055397"}],"wp:attachment":[{"href":"https:\/\/autostil.ba\/maloprodaja\/wp-json\/wp\/v2\/media?parent=793040966"}],"wp:term":[{"taxonomy":"product_brand","embeddable":true,"href":"https:\/\/autostil.ba\/maloprodaja\/wp-json\/wp\/v2\/product_brand?post=793040966"},{"taxonomy":"product_cat","embeddable":true,"href":"https:\/\/autostil.ba\/maloprodaja\/wp-json\/wp\/v2\/product_cat?post=793040966"},{"taxonomy":"product_tag","embeddable":true,"href":"https:\/\/autostil.ba\/maloprodaja\/wp-json\/wp\/v2\/product_tag?post=793040966"}],"curies":[{"name":"wp","href":"https:\/\/api.w.org\/{rel}","templated":true}]}}