{"id":793040768,"date":"2026-02-27T11:51:22","date_gmt":"2026-02-27T09:51:22","guid":{"rendered":"https:\/\/autostil.ba\/maloprodaja\/?post_type=product&#038;p=793040768"},"modified":"2026-04-08T12:33:05","modified_gmt":"2026-04-08T10:33:05","slug":"radio-za-auto-1-din-usb-sd-mp3-bluetooth","status":"publish","type":"product","link":"https:\/\/autostil.ba\/maloprodaja\/proizvod\/13373\/radio-za-auto-1-din-usb-sd-mp3-bluetooth\/","title":{"rendered":"RADIO ZA AUTO 1 DIN \/USB \/ SD \/ MP3 \/ BLUETOOTH"},"content":{"rendered":"","protected":false},"excerpt":{"rendered":"<p>RADIO ZA AUTO 1 DIN \/USB \/ SD \/ MP3 \/ BLUETOOTH:<\/p>\n<p>\u2022 Single-Din USB\/MP3\/WMA plejer<br \/>\n\u2022 USB \u010dita\u010d fle\u0161 memorije (maks. podr\u0161ka 646)<br \/>\n\u2022 USB punjenje za ve\u0107inu telefona, struja od 5 V\/1 A<br \/>\nUtor za TF karticu za reprodukciju muzike (opciono)<br \/>\n\u2022<br \/>\n\u2022 Hands-free sa prijemom poziva i reprodukcijom muzike<br \/>\nsa mobilnog telefona<br \/>\n\u2022 LCD ekran<br \/>\n\u2022 FM opseg PLL radio za pode\u0161avanje<br \/>\n\u2022FM stereo prijemnik sa 18 memorisanih stanica<br \/>\n\u2022 Stereo\/mono bira\u010d<br \/>\n\u2022 LOC\/DX bira\u010d<br \/>\n\u2022Repeat\/Random\/Intro Play<br \/>\n\u2022 Prikaz digitalnog sata<br \/>\nBas \/ Visoki tonovi \/ Balans \/ Fader \/ EQ Preset<br \/>\nAUX IN konektor (3,5 mm)<br \/>\n\u2022 RCA(L\/R) audio izlaz za pretpoja\u010dalo<br \/>\n\u202250W x 4 max. Izlazna snaga<br \/>\n\u2022Be\u017ei\u010dni daljinski upravlja\u010d<\/p>\n","protected":false},"featured_media":160165,"comment_status":"open","ping_status":"closed","template":"","meta":{"_acf_changed":false,"inline_featured_image":false},"product_brand":[],"product_cat":[162],"product_tag":[],"class_list":{"0":"post-793040768","1":"product","2":"type-product","3":"status-publish","4":"has-post-thumbnail","6":"product_cat-audio-video-uredaji-za-automobile","8":"first","9":"instock","10":"taxable","11":"shipping-taxable","12":"purchasable","13":"product-type-simple"},"acf":[],"custom_product_id":"13373","_links":{"self":[{"href":"https:\/\/autostil.ba\/maloprodaja\/wp-json\/wp\/v2\/product\/793040768","targetHints":{"allow":["GET"]}}],"collection":[{"href":"https:\/\/autostil.ba\/maloprodaja\/wp-json\/wp\/v2\/product"}],"about":[{"href":"https:\/\/autostil.ba\/maloprodaja\/wp-json\/wp\/v2\/types\/product"}],"replies":[{"embeddable":true,"href":"https:\/\/autostil.ba\/maloprodaja\/wp-json\/wp\/v2\/comments?post=793040768"}],"version-history":[{"count":2,"href":"https:\/\/autostil.ba\/maloprodaja\/wp-json\/wp\/v2\/product\/793040768\/revisions"}],"predecessor-version":[{"id":793043988,"href":"https:\/\/autostil.ba\/maloprodaja\/wp-json\/wp\/v2\/product\/793040768\/revisions\/793043988"}],"wp:featuredmedia":[{"embeddable":true,"href":"https:\/\/autostil.ba\/maloprodaja\/wp-json\/wp\/v2\/media\/160165"}],"wp:attachment":[{"href":"https:\/\/autostil.ba\/maloprodaja\/wp-json\/wp\/v2\/media?parent=793040768"}],"wp:term":[{"taxonomy":"product_brand","embeddable":true,"href":"https:\/\/autostil.ba\/maloprodaja\/wp-json\/wp\/v2\/product_brand?post=793040768"},{"taxonomy":"product_cat","embeddable":true,"href":"https:\/\/autostil.ba\/maloprodaja\/wp-json\/wp\/v2\/product_cat?post=793040768"},{"taxonomy":"product_tag","embeddable":true,"href":"https:\/\/autostil.ba\/maloprodaja\/wp-json\/wp\/v2\/product_tag?post=793040768"}],"curies":[{"name":"wp","href":"https:\/\/api.w.org\/{rel}","templated":true}]}}